{"id":98512,"date":"2023-12-06T10:06:00","date_gmt":"2023-12-06T09:06:00","guid":{"rendered":"https:\/\/lpc.halpet.eu\/?post_type=product&#038;p=98512"},"modified":"2025-10-11T13:31:35","modified_gmt":"2025-10-11T11:31:35","slug":"kako-voditi-talente-u-timu","status":"publish","type":"product","link":"https:\/\/lpc.halpet.eu\/en\/shop\/kako-voditi-talente-u-timu\/","title":{"rendered":"Kako voditi talente u timu"},"content":{"rendered":"<p>Imati \u010dlana tima koji pokazuje nadprosje\u010dni potencijal sjajna je stvar: dobivate <strong>mogu\u0107nost za lak\u0161i i br\u017ei put do cilja<\/strong> i rezultata i <strong>priliku<\/strong> za dodatno <strong>bru\u0161enje vje\u0161tine vodstva<\/strong>. Naravno, istovremeno postoje i brojni <strong>izazovi<\/strong>. Bez obzira na to jeste li se s tim izazovima ve\u0107 susreli ili se tek za njih spremate, ovo je lekcija za vas. Saznajte kako odabrati \u00a0pravu <strong>strategiju<\/strong> i <strong>na\u010din komunikacije<\/strong> za va\u0161 i timski <em>win-win<\/em> ishod.<\/p>\n<p>&nbsp;<\/p>\n<p><strong>Osnovne informacije o programu Kako voditi talente u timu*:<\/strong><\/p>\n<p><strong><b><span data-olk-copy-source=\"MessageBody\">Predvi\u0111eno trajanje u\u010denja prema LPC metodi:<\/span><\/b> <\/strong>30 min<br \/>\n<strong>Broj lekcija u programu: <\/strong>1<strong><br \/>\nDostupnost: <\/strong>12 mjeseci<strong><br \/>\nProvjera znanja: <\/strong>da<strong><br \/>\nCertifikat o zavr\u0161enom online programu: <\/strong>da<\/p>\n<p><span data-olk-copy-source=\"MessageBody\">*Sav sadr\u017eaj unutar programa, uklju\u010duju\u0107i tekstove, videomaterijale, i druge resurse<\/span>\u00a0je intelektualno\u00a0vlasni\u0161tvo HalPet d.o.o. Raku\u0161ina 1, 10000 Zagreb i nije dozvoljeno\u00a0<b>kopiranje, dijeljenje ili distribuiranje sadr\u017eaja<\/b>\u00a0ovog programa bez prethodne pismene dozvole HalPeta.<\/p>\n<p>&nbsp;<\/p>\n<p>Prakti\u010dna i jednostavna formula\u00a0<a href=\"https:\/\/halpet.hr\/e-ucenje-korporativna-edukacija-danasnjice\/\" target=\"_blank\" rel=\"noopener noreferrer\">LPC<\/a>\u00a0mikro-programa nudi pomno i stru\u010dno dizajniranu dozu znanja, a sadr\u017ei i konkretne upute kako ne\u0161to raditi br\u017ee, bolje i uspje\u0161nije. Ova komprimirana struktura ina\u010de kompleksne poslovne teme osigurava zadovoljstvo u\u010denja, poti\u010de nov na\u010din razmi\u0161ljanja i pokre\u0107e na akciju.<\/p>\n","protected":false},"excerpt":{"rendered":"<p>Imati \u010dlana tima koji pokazuje nadprosje\u010dni potencijal sjajna je stvar: &hellip;<\/p>\n","protected":false},"featured_media":97431,"comment_status":"open","ping_status":"closed","template":"","meta":{"_acf_changed":false},"product_brand":[],"product_cat":[92,196],"product_tag":[],"class_list":{"0":"post-98512","2":"type-product","3":"status-publish","4":"has-post-thumbnail","6":"product_cat-power-up-tools","7":"product_cat-leadership-and-teamwork","8":"product","10":"instock","11":"virtual","12":"sold-individually","13":"taxable","14":"purchasable","15":"product-type-course"},"acf":[],"_links":{"self":[{"href":"https:\/\/lpc.halpet.eu\/en\/wp-json\/wp\/v2\/product\/98512","targetHints":{"allow":["GET"]}}],"collection":[{"href":"https:\/\/lpc.halpet.eu\/en\/wp-json\/wp\/v2\/product"}],"about":[{"href":"https:\/\/lpc.halpet.eu\/en\/wp-json\/wp\/v2\/types\/product"}],"replies":[{"embeddable":true,"href":"https:\/\/lpc.halpet.eu\/en\/wp-json\/wp\/v2\/comments?post=98512"}],"wp:featuredmedia":[{"embeddable":true,"href":"https:\/\/lpc.halpet.eu\/en\/wp-json\/wp\/v2\/media\/97431"}],"wp:attachment":[{"href":"https:\/\/lpc.halpet.eu\/en\/wp-json\/wp\/v2\/media?parent=98512"}],"wp:term":[{"taxonomy":"product_brand","embeddable":true,"href":"https:\/\/lpc.halpet.eu\/en\/wp-json\/wp\/v2\/product_brand?post=98512"},{"taxonomy":"product_cat","embeddable":true,"href":"https:\/\/lpc.halpet.eu\/en\/wp-json\/wp\/v2\/product_cat?post=98512"},{"taxonomy":"product_tag","embeddable":true,"href":"https:\/\/lpc.halpet.eu\/en\/wp-json\/wp\/v2\/product_tag?post=98512"}],"curies":[{"name":"wp","href":"https:\/\/api.w.org\/{rel}","templated":true}]}}