{"id":96800,"date":"2023-09-13T08:58:16","date_gmt":"2023-09-13T06:58:16","guid":{"rendered":"https:\/\/lpc.halpet.eu\/shop\/ucinkovit-sastanak-lpc-video-ucionica\/"},"modified":"2025-10-13T08:50:29","modified_gmt":"2025-10-13T06:50:29","slug":"ucinkovit-sastanak-lpc-video-ucionica","status":"publish","type":"product","link":"https:\/\/lpc.halpet.eu\/en\/shop\/ucinkovit-sastanak-lpc-video-ucionica\/","title":{"rendered":"U\u010dinkovit sastanak | LPC video u\u010dionica"},"content":{"rendered":"<p>Htjeli mi to priznati ili ne, sastanci su <strong>nu\u017enost<\/strong>, a\u00a0<strong>ako funkcioniraju<\/strong>\u00a0kako treba\u00a0<strong>unaprje\u0111uju<\/strong> na\u0161u me\u0111usobnu<br \/>\n<strong>komunikaciju <\/strong>i<strong> poslovanje<\/strong>.\u00a0Ipak, statistika uvijek iznova potvr\u0111uje da tek otprilike 3% zaposlenika prolazi edukaciju na tu temu! \u010cini nam se da imamo dovoljno prakti\u010dnog iskustva ili da uspjeh sastanka ne ovisi o nama.<\/p>\n<p>Ne budite dio te statistike i uzmite stvar u svoje ruke.\u00a0<strong>Nau\u010dite kako osobno pridonijeti uspjehu<\/strong>\u00a0svakog sastanka. Saznajte kako se\u00a0<strong>pripremiti<\/strong>, osigurati\u00a0<strong>kvalitetnu komunikaciju<\/strong>\u00a0na sastanku i naravno\u00a0<strong>ostvariti cilj sastanka<\/strong> &#8211; bez obzira na to vodite li sastanke ili na njima samo sudjelujete. Pridru\u017eite nam se i ve\u0107 na sljede\u0107i sastanak krenite spremniji i motiviraniji.<\/p>\n<p><strong>Osnovne informacije o programu U\u010dinkovit sastanak | LPC video u\u010dionica*:<a href=\"https:\/\/lpc.halpet.eu\/wp-content\/uploads\/2023\/09\/Sonja3.png\"><img loading=\"lazy\" decoding=\"async\" class=\"alignright wp-image-96844 \" src=\"https:\/\/lpc.halpet.eu\/wp-content\/uploads\/2023\/09\/Sonja3.png\" alt=\"\" width=\"220\" height=\"220\" srcset=\"https:\/\/lpc.halpet.eu\/wp-content\/uploads\/2023\/09\/Sonja3.png 1080w, https:\/\/lpc.halpet.eu\/wp-content\/uploads\/2023\/09\/Sonja3-300x300.png 300w, https:\/\/lpc.halpet.eu\/wp-content\/uploads\/2023\/09\/Sonja3-1024x1024.png 1024w, https:\/\/lpc.halpet.eu\/wp-content\/uploads\/2023\/09\/Sonja3-150x150.png 150w, https:\/\/lpc.halpet.eu\/wp-content\/uploads\/2023\/09\/Sonja3-768x768.png 768w, https:\/\/lpc.halpet.eu\/wp-content\/uploads\/2023\/09\/Sonja3-460x460.png 460w, https:\/\/lpc.halpet.eu\/wp-content\/uploads\/2023\/09\/Sonja3-420x420.png 420w, https:\/\/lpc.halpet.eu\/wp-content\/uploads\/2023\/09\/Sonja3-50x50.png 50w, https:\/\/lpc.halpet.eu\/wp-content\/uploads\/2023\/09\/Sonja3-100x100.png 100w, https:\/\/lpc.halpet.eu\/wp-content\/uploads\/2023\/09\/Sonja3-600x600.png 600w\" sizes=\"auto, (max-width: 220px) 100vw, 220px\" \/><\/a><\/strong><\/p>\n<p>Edukator: <strong>Sonja Harapin \u0160trbac<\/strong><br \/>\nTrajanje edukacije: <strong>45 min<\/strong><br \/>\nBroj lekcija u programu:<strong> 1<br \/>\n<\/strong>Dostupnost: <strong>12 mjeseci od kupnje<br \/>\n<\/strong>Zavr\u0161na provjera znanja: <strong>ne<br \/>\n<\/strong>Certifikat o zavr\u0161enom online programu: <strong>da<br \/>\n<\/strong>Uvjet za postizanje certifikata: <strong>nema<\/strong><\/p>\n<p><span data-olk-copy-source=\"MessageBody\">*Sav sadr\u017eaj unutar programa, uklju\u010duju\u0107i tekstove, videomaterijale, i druge resurse<\/span>\u00a0je intelektualno\u00a0vlasni\u0161tvo HalPet d.o.o. Raku\u0161ina 1, 10000 Zagreb i nije dozvoljeno\u00a0<b>kopiranje, dijeljenje ili distribuiranje sadr\u017eaja<\/b>\u00a0ovog programa bez prethodne pismene dozvole HalPeta.<\/p>\n","protected":false},"excerpt":{"rendered":"<p>Htjeli mi to priznati ili ne, sastanci su nu\u017enost, a\u00a0ako &hellip;<\/p>\n","protected":false},"featured_media":96666,"comment_status":"open","ping_status":"closed","template":"","meta":{"_acf_changed":false},"product_brand":[],"product_cat":[219],"product_tag":[],"class_list":{"0":"post-96800","2":"type-product","3":"status-publish","4":"has-post-thumbnail","6":"product_cat-webinar","7":"product","9":"instock","10":"virtual","11":"sold-individually","12":"taxable","13":"purchasable","14":"product-type-course"},"acf":[],"_links":{"self":[{"href":"https:\/\/lpc.halpet.eu\/en\/wp-json\/wp\/v2\/product\/96800","targetHints":{"allow":["GET"]}}],"collection":[{"href":"https:\/\/lpc.halpet.eu\/en\/wp-json\/wp\/v2\/product"}],"about":[{"href":"https:\/\/lpc.halpet.eu\/en\/wp-json\/wp\/v2\/types\/product"}],"replies":[{"embeddable":true,"href":"https:\/\/lpc.halpet.eu\/en\/wp-json\/wp\/v2\/comments?post=96800"}],"wp:featuredmedia":[{"embeddable":true,"href":"https:\/\/lpc.halpet.eu\/en\/wp-json\/wp\/v2\/media\/96666"}],"wp:attachment":[{"href":"https:\/\/lpc.halpet.eu\/en\/wp-json\/wp\/v2\/media?parent=96800"}],"wp:term":[{"taxonomy":"product_brand","embeddable":true,"href":"https:\/\/lpc.halpet.eu\/en\/wp-json\/wp\/v2\/product_brand?post=96800"},{"taxonomy":"product_cat","embeddable":true,"href":"https:\/\/lpc.halpet.eu\/en\/wp-json\/wp\/v2\/product_cat?post=96800"},{"taxonomy":"product_tag","embeddable":true,"href":"https:\/\/lpc.halpet.eu\/en\/wp-json\/wp\/v2\/product_tag?post=96800"}],"curies":[{"name":"wp","href":"https:\/\/api.w.org\/{rel}","templated":true}]}}