{"id":93315,"date":"2023-05-10T16:18:48","date_gmt":"2023-05-10T14:18:48","guid":{"rendered":"https:\/\/lpc.halpet.eu\/?post_type=product&#038;p=93315"},"modified":"2025-10-11T15:08:18","modified_gmt":"2025-10-11T13:08:18","slug":"poduzetnistvo","status":"publish","type":"product","link":"https:\/\/lpc.halpet.eu\/en\/shop\/poduzetnistvo\/","title":{"rendered":"Poduzetni\u0161tvo"},"content":{"rendered":"<h3 class=\"x_MsoNormal\"><b>Poduzetni\u0161tvo<\/b><\/h3>\n<p class=\"x_MsoNormal\">Edukacija za poduzetnike novog doba.<\/p>\n<p class=\"x_MsoNormal\">Imati ideju i volju je sjajna stvar, ali provesti to u djelo, a zatim i dugoro\u010dno\u00a0<b>upravljati rastom<\/b>\u00a0i\u00a0<b>razvojem\u00a0<\/b>je poseban izazov, naro\u010dito ako ste tek zakora\u010dili u poduzetni\u010dke vode.<\/p>\n<p class=\"x_MsoNormal\">Online edukacija Poduzetni\u0161tvo nudi set\u00a0<b>provjerenih, zanimljivih<\/b>,\u00a0<b>prakti\u010dnih<\/b>\u00a0i\u00a0<b>uvijek dostupnih programa<\/b>\u00a0baziranih na vi\u0161egodi\u0161njem iskustvu i najboljim primjerima iz prakse. Edukacija Poduzetni\u0161tvo pomo\u0107i \u0107e vama, ali i va\u0161em poslovanju, da se\u00a0<b>razvijate<\/b>\u00a0i\u00a0<b>napredujete<\/b>.<\/p>\n<p class=\"x_MsoNormal\">Saznajte \u0161to vam ova edukacija donosi od Petre \u010colak, Direktorice LPC razvoja.<\/p>\n<div style=\"width: 1920px;\" class=\"wp-video\"><video class=\"wp-video-shortcode\" id=\"video-93315-1\" width=\"1920\" height=\"1080\" poster=\"https:\/\/lpc.halpet.eu\/wp-content\/uploads\/2023\/05\/halpet_lpc_online_edukacija_poduzetnistvo.jpg\" preload=\"metadata\" controls=\"controls\"><source type=\"video\/mp4\" src=\"https:\/\/lpc.halpet.eu\/wp-content\/uploads\/2023\/05\/LPC_03_poduzetnistvo_FIN4_lowres.mp4?_=1\" \/><a href=\"https:\/\/lpc.halpet.eu\/wp-content\/uploads\/2023\/05\/LPC_03_poduzetnistvo_FIN4_lowres.mp4\">https:\/\/lpc.halpet.eu\/wp-content\/uploads\/2023\/05\/LPC_03_poduzetnistvo_FIN4_lowres.mp4<\/a><\/video><\/div>\n<p>&nbsp;<\/p>\n<p class=\"x_MsoNormal\">Savladajte tehnike i vje\u0161tine za\u00a0<b>vo\u0111enje poslovanja\u00a0<\/b>kroz 10 LPC online programa:<\/p>\n<ol>\n<li class=\"x_paragraph\"><span class=\"x_normaltextrun\">Vodstvo-moja uloga<\/span><span class=\"x_eop\">\u00a0<\/span><\/li>\n<li class=\"x_paragraph\"><span class=\"x_normaltextrun\">OKR &#8211; formula za uspjeh<\/span><span class=\"x_eop\">\u00a0<\/span><\/li>\n<li class=\"x_paragraph\"><span class=\"x_normaltextrun\">Delegiranje<\/span><span class=\"x_eop\">\u00a0<\/span><\/li>\n<li class=\"x_paragraph\"><span class=\"x_normaltextrun\">Uspje\u0161an sastanak<\/span><span class=\"x_tabchar\">\u00a0\u00a0\u00a0\u00a0\u00a0 <\/span><span class=\"x_eop\">\u00a0<\/span><\/li>\n<li class=\"x_paragraph\"><span class=\"x_normaltextrun\">Komunikacijske vje\u0161tine <\/span><span class=\"x_eop\">\u00a0<\/span><\/li>\n<li class=\"x_paragraph\"><span class=\"x_normaltextrun\">Povratna informacija <\/span><span class=\"x_eop\">\u00a0<\/span><\/li>\n<li class=\"x_paragraph\"><span class=\"x_normaltextrun\">Upute za emocionalno inteligentno vodstvo<\/span><span class=\"x_eop\">\u00a0<\/span><\/li>\n<li class=\"x_paragraph\"><span class=\"x_normaltextrun\">Tuckmanov model za razvoj tima<\/span><span class=\"x_eop\">\u00a0<\/span><\/li>\n<li class=\"x_paragraph\"><span class=\"x_normaltextrun\">Kako motivirati svoj tim<\/span><span class=\"x_eop\">\u00a0<\/span><\/li>\n<li class=\"x_paragraph\"><span class=\"x_normaltextrun\">6 boja za paralelno razmi\u0161ljanje<\/span><span class=\"x_eop\">\u00a0<\/span><\/li>\n<\/ol>\n<p class=\"x_paragraph\"><b>Osnovne informacije o edukaciji Poduzetni\u0161tvo*:<\/b><\/p>\n<p class=\"x_Body\">Broj programa:\u00a0<b>10<br \/>\n<\/b>Broj lekcija:\u00a0<b>23<br \/>\n<\/b>Dostupnost:\u00a0<b>12 mjeseci od kupnje, svi ure\u0111aji<br \/>\n<\/b>Certifikat o zavr\u0161enom online programu:\u00a0<b>da, certifikat nakon svakog zavr\u0161enog programa (10)<\/b><\/p>\n<p><span data-olk-copy-source=\"MessageBody\">*Sav sadr\u017eaj unutar programa, uklju\u010duju\u0107i tekstove, videomaterijale, i druge resurse<\/span>\u00a0je intelektualno\u00a0vlasni\u0161tvo HalPet d.o.o. Raku\u0161ina 1, 10000 Zagreb i nije dozvoljeno\u00a0<b>kopiranje, dijeljenje ili distribuiranje sadr\u017eaja<\/b>\u00a0ovog programa bez prethodne pismene dozvole HalPeta.<\/p>\n<p class=\"x_Body\"><b>DODODATNA MOGU\u0106NOST:\u00a0<\/b>Blended program \u2013 rad s LPC Mentorom tijekom prvih 5 mj. trajanja edukacije. Za vi\u0161e informacija <u><a href=\"https:\/\/lpc.halpet.eu\/zatrazi-edukaciju\/\" target=\"_blank\" rel=\"noopener noreferrer\" data-auth=\"NotApplicable\" data-safelink=\"true\" data-linkindex=\"0\">po\u0161aljite upit<\/a><\/u>.<b><\/b><\/p>\n<p class=\"x_MsoNormal\">Vi\u0161e o online edukaciji <strong>Poduzetni\u0161tvo<\/strong> mo\u017eete pro\u010ditati i na\u00a0<a href=\"https:\/\/lpc.halpet.eu\/marketing-page\/poduzetnistvo\/\"><u>linku<\/u><\/a>.<\/p>\n<p class=\"x_MsoNormal\">Za kupnju edukacije za <strong>ve\u0107i broj zaposlenika<\/strong> po\u0161aljite upit na\u00a0<u><a href=\"https:\/\/lpc.halpet.eu\/zatrazi-edukaciju\/\" target=\"_blank\" rel=\"noopener noreferrer\" data-auth=\"NotApplicable\" data-safelink=\"true\" data-linkindex=\"1\">linku<\/a><\/u>.<\/p>\n","protected":false},"excerpt":{"rendered":"<p>Poduzetni\u0161tvo Edukacija za poduzetnike novog doba. Imati ideju i volju &hellip;<\/p>\n","protected":false},"featured_media":94352,"comment_status":"open","ping_status":"closed","template":"","meta":{"_acf_changed":false},"product_brand":[],"product_cat":[196,194],"product_tag":[],"class_list":{"0":"post-93315","2":"type-product","3":"status-publish","4":"has-post-thumbnail","6":"product_cat-leadership-and-teamwork","7":"product_cat-specialized-topics","8":"product","10":"instock","11":"virtual","12":"sold-individually","13":"taxable","14":"purchasable","15":"product-type-course"},"acf":[],"_links":{"self":[{"href":"https:\/\/lpc.halpet.eu\/en\/wp-json\/wp\/v2\/product\/93315","targetHints":{"allow":["GET"]}}],"collection":[{"href":"https:\/\/lpc.halpet.eu\/en\/wp-json\/wp\/v2\/product"}],"about":[{"href":"https:\/\/lpc.halpet.eu\/en\/wp-json\/wp\/v2\/types\/product"}],"replies":[{"embeddable":true,"href":"https:\/\/lpc.halpet.eu\/en\/wp-json\/wp\/v2\/comments?post=93315"}],"wp:featuredmedia":[{"embeddable":true,"href":"https:\/\/lpc.halpet.eu\/en\/wp-json\/wp\/v2\/media\/94352"}],"wp:attachment":[{"href":"https:\/\/lpc.halpet.eu\/en\/wp-json\/wp\/v2\/media?parent=93315"}],"wp:term":[{"taxonomy":"product_brand","embeddable":true,"href":"https:\/\/lpc.halpet.eu\/en\/wp-json\/wp\/v2\/product_brand?post=93315"},{"taxonomy":"product_cat","embeddable":true,"href":"https:\/\/lpc.halpet.eu\/en\/wp-json\/wp\/v2\/product_cat?post=93315"},{"taxonomy":"product_tag","embeddable":true,"href":"https:\/\/lpc.halpet.eu\/en\/wp-json\/wp\/v2\/product_tag?post=93315"}],"curies":[{"name":"wp","href":"https:\/\/api.w.org\/{rel}","templated":true}]}}