{"id":93314,"date":"2023-05-10T16:08:39","date_gmt":"2023-05-10T14:08:39","guid":{"rendered":"https:\/\/lpc.halpet.eu\/?post_type=product&#038;p=93314"},"modified":"2025-10-11T10:59:41","modified_gmt":"2025-10-11T08:59:41","slug":"antistres","status":"publish","type":"product","link":"https:\/\/lpc.halpet.eu\/en\/shop\/antistres\/","title":{"rendered":"Antistres"},"content":{"rendered":"<h3 class=\"x_MsoNormal\"><b>Antistres<\/b><\/h3>\n<p class=\"x_MsoNormal\">Pobolj\u0161ajte kvalitetu \u017eivota\u00a0<b>poslovno<\/b>\u00a0i\u00a0<b>privatno<\/b>\u00a0uz provjerene antistres tehnike i strategije. Kroz LPC online edukaciju Antistres\u00a0<b>nau\u010dite<\/b>\u00a0prepoznati vrste stresa,\u00a0<b>upravljati vremenom<\/b>\u00a0na strukturiran na\u010din i saznati kako\u00a0<b>odrediti prioritete<\/b>. Usvojite savjete za\u00a0<b>konstruktivnu<\/b>\u00a0i\u00a0<b>miroljubivu komunikaciju<\/b>\u00a0koji \u0107e vam pomo\u0107i postaviti\u00a0<b>zdrave granice<\/b>\u00a0i tako eliminirati \u010desti uzrok napetosti i naru\u0161enih odnosa.<\/p>\n<p class=\"x_Body\">Saznajte \u0161to vam ova edukacija donosi od Sonje Harapin \u0160trbac; LPC Trenerica &amp; Content developer.<\/p>\n<div style=\"width: 1920px;\" class=\"wp-video\"><video class=\"wp-video-shortcode\" id=\"video-93314-1\" width=\"1920\" height=\"1080\" poster=\"https:\/\/lpc.halpet.eu\/wp-content\/uploads\/2023\/05\/halpet_lpc_online_antistres_edukacija.jpg\" preload=\"metadata\" controls=\"controls\"><source type=\"video\/mp4\" src=\"https:\/\/lpc.halpet.eu\/wp-content\/uploads\/2023\/05\/LPC_04_antistress_FIN4_lowres.mp4?_=1\" \/><a href=\"https:\/\/lpc.halpet.eu\/wp-content\/uploads\/2023\/05\/LPC_04_antistress_FIN4_lowres.mp4\">https:\/\/lpc.halpet.eu\/wp-content\/uploads\/2023\/05\/LPC_04_antistress_FIN4_lowres.mp4<\/a><\/video><\/div>\n<p>&nbsp;<\/p>\n<p class=\"x_MsoNormal\">Edukacija Antistres sastoji se od <strong>10<\/strong> pomno isplaniranih step-by-step <strong>online programa<\/strong>:<\/p>\n<ol>\n<li class=\"x_paragraph\"><span class=\"x_normaltextrun\">Upravljanje stresom<\/span><span class=\"x_eop\">\u00a0<\/span><\/li>\n<li class=\"x_paragraph\"><span class=\"x_normaltextrun\">Upravljanje vremenom <\/span><span class=\"x_eop\">\u00a0<\/span><\/li>\n<li class=\"x_paragraph\"><span class=\"x_normaltextrun\">Asertivnost<\/span><span class=\"x_eop\">\u00a0<\/span><\/li>\n<li class=\"x_paragraph\"><span class=\"x_normaltextrun\">Pozitivno razmi\u0161ljanje \u2013 moja nova navika<\/span><span class=\"x_eop\">\u00a0<\/span><\/li>\n<li class=\"x_paragraph\"><span class=\"x_normaltextrun\">Postanite otporni na udarce \u2013 izgradite rezilijentnost<\/span><span class=\"x_eop\">\u00a0<\/span><\/li>\n<li class=\"x_paragraph\"><span class=\"x_normaltextrun\">Budite sami svoj motivator<\/span><span class=\"x_eop\">\u00a0<\/span><\/li>\n<li class=\"x_paragraph\"><span class=\"x_normaltextrun\">Miroljubiva komunikacija u 4 koraka<\/span><span class=\"x_eop\">\u00a0<\/span><\/li>\n<li class=\"x_paragraph\"><span class=\"x_normaltextrun\">Kako re\u0107i NE<\/span><span class=\"x_eop\">\u00a0<\/span><\/li>\n<li class=\"x_paragraph\"><span class=\"x_normaltextrun\">Kako biti emocionalno fleksibilniji u 3 koraka<\/span><span class=\"x_eop\">\u00a0<\/span><\/li>\n<li class=\"x_paragraph\"><span class=\"x_normaltextrun\">Kako da snaga ne postane slabost<\/span><span class=\"x_eop\">\u00a0<\/span><\/li>\n<\/ol>\n<p class=\"x_Body\"><b>O<\/b><b>snovne informacije o edukaciji Antistres*:<\/b><\/p>\n<p class=\"x_Body\">Broj programa:\u00a0<b>10<br \/>\n<\/b>Broj lekcija: <b>19<br \/>\n<\/b>Dostupnost:\u00a0<b>12 mjeseci od kupnje, svi ure\u0111aji<br \/>\n<\/b>Certifikat o zavr\u0161enom online programu:\u00a0<b>da, certifikat nakon svakog zavr\u0161enog programa (10)<\/b><\/p>\n<p><span data-olk-copy-source=\"MessageBody\">*Sav sadr\u017eaj unutar programa, uklju\u010duju\u0107i tekstove, videomaterijale, i druge resurse<\/span>\u00a0je intelektualno\u00a0vlasni\u0161tvo HalPet d.o.o. Raku\u0161ina 1, 10000 Zagreb i nije dozvoljeno\u00a0<b>kopiranje, dijeljenje ili distribuiranje sadr\u017eaja<\/b>\u00a0ovog programa bez prethodne pismene dozvole HalPeta.<\/p>\n<p class=\"x_MsoNormal\"><b>DODODATNA MOGU\u0106NOST:\u00a0<\/b>Blended program \u2013 rad s LPC Mentorom tijekom prvih 5 mj. trajanja edukacije. Za vi\u0161e informacija <u><a href=\"https:\/\/lpc.halpet.eu\/zatrazi-edukaciju\/\" target=\"_blank\" rel=\"noopener noreferrer\" data-auth=\"NotApplicable\" data-safelink=\"true\" data-linkindex=\"0\">po\u0161aljite upit<\/a><\/u>.<b><\/b><\/p>\n<p class=\"x_MsoNormal\">Vi\u0161e o programu <strong>Antistres<\/strong> mo\u017eete pro\u010ditati i na\u00a0<a href=\"https:\/\/lpc.halpet.eu\/marketing-page\/antistres\/\"><u>linku<\/u><\/a>.<\/p>\n<p class=\"x_MsoNormal\">Za kupnju edukacije za <strong>ve\u0107i broj zaposlenika<\/strong> po\u0161aljite upit na\u00a0<u><a href=\"https:\/\/lpc.halpet.eu\/zatrazi-edukaciju\/\" target=\"_blank\" rel=\"noopener noreferrer\" data-auth=\"NotApplicable\" data-safelink=\"true\" data-linkindex=\"1\">linku<\/a><\/u>.<\/p>\n","protected":false},"excerpt":{"rendered":"<p>Antistres Pobolj\u0161ajte kvalitetu \u017eivota\u00a0poslovno\u00a0i\u00a0privatno\u00a0uz provjerene antistres tehnike i strategije. Kroz &hellip;<\/p>\n","protected":false},"featured_media":94347,"comment_status":"open","ping_status":"closed","template":"","meta":{"_acf_changed":false},"product_brand":[],"product_cat":[194,94],"product_tag":[],"class_list":{"0":"post-93314","2":"type-product","3":"status-publish","4":"has-post-thumbnail","6":"product_cat-specialized-topics","7":"product_cat-wellbeing-and-resilience","8":"product","10":"instock","11":"virtual","12":"sold-individually","13":"taxable","14":"purchasable","15":"product-type-course"},"acf":[],"yoast_head":"<!-- This site is optimized with the Yoast SEO plugin v27.2 - https:\/\/yoast.com\/product\/yoast-seo-wordpress\/ -->\n<title>LPC<\/title>\n<meta name=\"robots\" content=\"index, follow, max-snippet:-1, max-image-preview:large, max-video-preview:-1\" \/>\n<link rel=\"canonical\" href=\"https:\/\/lpc.halpet.eu\/en\/shop\/antistres\/\" \/>\n<meta property=\"og:locale\" content=\"en_US\" \/>\n<meta property=\"og:type\" content=\"article\" \/>\n<meta property=\"og:title\" content=\"Antistres - LPC\" \/>\n<meta property=\"og:description\" content=\"Antistres Pobolj\u0161ajte kvalitetu \u017eivota\u00a0poslovno\u00a0i\u00a0privatno\u00a0uz provjerene antistres tehnike i strategije. Kroz &hellip;\" \/>\n<meta property=\"og:url\" content=\"https:\/\/lpc.halpet.eu\/en\/shop\/antistres\/\" \/>\n<meta property=\"og:site_name\" content=\"LPC\" \/>\n<meta property=\"article:publisher\" content=\"https:\/\/www.facebook.com\/halpethr\/\" \/>\n<meta property=\"article:modified_time\" content=\"2025-10-11T08:59:41+00:00\" \/>\n<meta property=\"og:image\" content=\"https:\/\/lpc.halpet.eu\/wp-content\/uploads\/2023\/04\/shutterstock_2007161399-scaled.jpg\" \/>\n\t<meta property=\"og:image:width\" content=\"2560\" \/>\n\t<meta property=\"og:image:height\" content=\"1707\" \/>\n\t<meta property=\"og:image:type\" content=\"image\/jpeg\" \/>\n<meta name=\"twitter:card\" content=\"summary_large_image\" \/>\n<meta name=\"twitter:site\" content=\"@halpet_lpc\" \/>\n<meta name=\"twitter:label1\" content=\"Est. reading time\" \/>\n\t<meta name=\"twitter:data1\" content=\"2 minutes\" \/>\n<script type=\"application\/ld+json\" class=\"yoast-schema-graph\">{\"@context\":\"https:\/\/schema.org\",\"@graph\":[{\"@type\":\"WebPage\",\"@id\":\"https:\/\/lpc.halpet.eu\/en\/shop\/antistres\/\",\"url\":\"https:\/\/lpc.halpet.eu\/en\/shop\/antistres\/\",\"name\":\"Antistres - LPC\",\"isPartOf\":{\"@id\":\"https:\/\/lpc.halpet.eu\/en\/#website\"},\"primaryImageOfPage\":{\"@id\":\"https:\/\/lpc.halpet.eu\/en\/shop\/antistres\/#primaryimage\"},\"image\":{\"@id\":\"https:\/\/lpc.halpet.eu\/en\/shop\/antistres\/#primaryimage\"},\"thumbnailUrl\":\"https:\/\/lpc.halpet.eu\/wp-content\/uploads\/2023\/04\/shutterstock_2007161399-scaled.jpg\",\"datePublished\":\"2023-05-10T14:08:39+00:00\",\"dateModified\":\"2025-10-11T08:59:41+00:00\",\"breadcrumb\":{\"@id\":\"https:\/\/lpc.halpet.eu\/en\/shop\/antistres\/#breadcrumb\"},\"inLanguage\":\"en-US\",\"potentialAction\":[{\"@type\":\"ReadAction\",\"target\":[\"https:\/\/lpc.halpet.eu\/en\/shop\/antistres\/\"]}]},{\"@type\":\"ImageObject\",\"inLanguage\":\"en-US\",\"@id\":\"https:\/\/lpc.halpet.eu\/en\/shop\/antistres\/#primaryimage\",\"url\":\"https:\/\/lpc.halpet.eu\/wp-content\/uploads\/2023\/04\/shutterstock_2007161399-scaled.jpg\",\"contentUrl\":\"https:\/\/lpc.halpet.eu\/wp-content\/uploads\/2023\/04\/shutterstock_2007161399-scaled.jpg\",\"width\":2560,\"height\":1707},{\"@type\":\"BreadcrumbList\",\"@id\":\"https:\/\/lpc.halpet.eu\/en\/shop\/antistres\/#breadcrumb\",\"itemListElement\":[{\"@type\":\"ListItem\",\"position\":1,\"name\":\"Home\",\"item\":\"https:\/\/lpc.halpet.eu\/en\/\"},{\"@type\":\"ListItem\",\"position\":2,\"name\":\"LPC shop\",\"item\":\"https:\/\/lpc.halpet.eu\/en\/shop\/\"},{\"@type\":\"ListItem\",\"position\":3,\"name\":\"Antistres\"}]},{\"@type\":\"WebSite\",\"@id\":\"https:\/\/lpc.halpet.eu\/en\/#website\",\"url\":\"https:\/\/lpc.halpet.eu\/en\/\",\"name\":\"LPC\",\"description\":\"A HalPet learning experience\",\"publisher\":{\"@id\":\"https:\/\/lpc.halpet.eu\/en\/#organization\"},\"potentialAction\":[{\"@type\":\"SearchAction\",\"target\":{\"@type\":\"EntryPoint\",\"urlTemplate\":\"https:\/\/lpc.halpet.eu\/en\/?s={search_term_string}\"},\"query-input\":{\"@type\":\"PropertyValueSpecification\",\"valueRequired\":true,\"valueName\":\"search_term_string\"}}],\"inLanguage\":\"en-US\"},{\"@type\":\"Organization\",\"@id\":\"https:\/\/lpc.halpet.eu\/en\/#organization\",\"name\":\"HalPet\",\"url\":\"https:\/\/lpc.halpet.eu\/en\/\",\"logo\":{\"@type\":\"ImageObject\",\"inLanguage\":\"en-US\",\"@id\":\"https:\/\/lpc.halpet.eu\/en\/#\/schema\/logo\/image\/\",\"url\":\"https:\/\/lpc.halpet.eu\/wp-content\/uploads\/2017\/03\/HalPet-LPC-FeaturedImage.png\",\"contentUrl\":\"https:\/\/lpc.halpet.eu\/wp-content\/uploads\/2017\/03\/HalPet-LPC-FeaturedImage.png\",\"width\":600,\"height\":315,\"caption\":\"HalPet\"},\"image\":{\"@id\":\"https:\/\/lpc.halpet.eu\/en\/#\/schema\/logo\/image\/\"},\"sameAs\":[\"https:\/\/www.facebook.com\/halpethr\/\",\"https:\/\/x.com\/halpet_lpc\",\"https:\/\/www.instagram.com\/halpet_lpc\/\",\"https:\/\/www.linkedin.com\/company\/halpet-d-o-o-\",\"https:\/\/www.youtube.com\/channel\/UCFhJV04vPGpLrgA-FovnPDg\"]}]}<\/script>\n<!-- \/ Yoast SEO plugin. -->","yoast_head_json":{"title":"LPC","robots":{"index":"index","follow":"follow","max-snippet":"max-snippet:-1","max-image-preview":"max-image-preview:large","max-video-preview":"max-video-preview:-1"},"canonical":"https:\/\/lpc.halpet.eu\/en\/shop\/antistres\/","og_locale":"en_US","og_type":"article","og_title":"Antistres - LPC","og_description":"Antistres Pobolj\u0161ajte kvalitetu \u017eivota\u00a0poslovno\u00a0i\u00a0privatno\u00a0uz provjerene antistres tehnike i strategije. Kroz &hellip;","og_url":"https:\/\/lpc.halpet.eu\/en\/shop\/antistres\/","og_site_name":"LPC","article_publisher":"https:\/\/www.facebook.com\/halpethr\/","article_modified_time":"2025-10-11T08:59:41+00:00","og_image":[{"width":2560,"height":1707,"url":"https:\/\/lpc.halpet.eu\/wp-content\/uploads\/2023\/04\/shutterstock_2007161399-scaled.jpg","type":"image\/jpeg"}],"twitter_card":"summary_large_image","twitter_site":"@halpet_lpc","twitter_misc":{"Est. reading time":"2 minutes"},"schema":{"@context":"https:\/\/schema.org","@graph":[{"@type":"WebPage","@id":"https:\/\/lpc.halpet.eu\/en\/shop\/antistres\/","url":"https:\/\/lpc.halpet.eu\/en\/shop\/antistres\/","name":"Antistres - LPC","isPartOf":{"@id":"https:\/\/lpc.halpet.eu\/en\/#website"},"primaryImageOfPage":{"@id":"https:\/\/lpc.halpet.eu\/en\/shop\/antistres\/#primaryimage"},"image":{"@id":"https:\/\/lpc.halpet.eu\/en\/shop\/antistres\/#primaryimage"},"thumbnailUrl":"https:\/\/lpc.halpet.eu\/wp-content\/uploads\/2023\/04\/shutterstock_2007161399-scaled.jpg","datePublished":"2023-05-10T14:08:39+00:00","dateModified":"2025-10-11T08:59:41+00:00","breadcrumb":{"@id":"https:\/\/lpc.halpet.eu\/en\/shop\/antistres\/#breadcrumb"},"inLanguage":"en-US","potentialAction":[{"@type":"ReadAction","target":["https:\/\/lpc.halpet.eu\/en\/shop\/antistres\/"]}]},{"@type":"ImageObject","inLanguage":"en-US","@id":"https:\/\/lpc.halpet.eu\/en\/shop\/antistres\/#primaryimage","url":"https:\/\/lpc.halpet.eu\/wp-content\/uploads\/2023\/04\/shutterstock_2007161399-scaled.jpg","contentUrl":"https:\/\/lpc.halpet.eu\/wp-content\/uploads\/2023\/04\/shutterstock_2007161399-scaled.jpg","width":2560,"height":1707},{"@type":"BreadcrumbList","@id":"https:\/\/lpc.halpet.eu\/en\/shop\/antistres\/#breadcrumb","itemListElement":[{"@type":"ListItem","position":1,"name":"Home","item":"https:\/\/lpc.halpet.eu\/en\/"},{"@type":"ListItem","position":2,"name":"LPC shop","item":"https:\/\/lpc.halpet.eu\/en\/shop\/"},{"@type":"ListItem","position":3,"name":"Antistres"}]},{"@type":"WebSite","@id":"https:\/\/lpc.halpet.eu\/en\/#website","url":"https:\/\/lpc.halpet.eu\/en\/","name":"LPC","description":"A HalPet learning experience","publisher":{"@id":"https:\/\/lpc.halpet.eu\/en\/#organization"},"potentialAction":[{"@type":"SearchAction","target":{"@type":"EntryPoint","urlTemplate":"https:\/\/lpc.halpet.eu\/en\/?s={search_term_string}"},"query-input":{"@type":"PropertyValueSpecification","valueRequired":true,"valueName":"search_term_string"}}],"inLanguage":"en-US"},{"@type":"Organization","@id":"https:\/\/lpc.halpet.eu\/en\/#organization","name":"HalPet","url":"https:\/\/lpc.halpet.eu\/en\/","logo":{"@type":"ImageObject","inLanguage":"en-US","@id":"https:\/\/lpc.halpet.eu\/en\/#\/schema\/logo\/image\/","url":"https:\/\/lpc.halpet.eu\/wp-content\/uploads\/2017\/03\/HalPet-LPC-FeaturedImage.png","contentUrl":"https:\/\/lpc.halpet.eu\/wp-content\/uploads\/2017\/03\/HalPet-LPC-FeaturedImage.png","width":600,"height":315,"caption":"HalPet"},"image":{"@id":"https:\/\/lpc.halpet.eu\/en\/#\/schema\/logo\/image\/"},"sameAs":["https:\/\/www.facebook.com\/halpethr\/","https:\/\/x.com\/halpet_lpc","https:\/\/www.instagram.com\/halpet_lpc\/","https:\/\/www.linkedin.com\/company\/halpet-d-o-o-","https:\/\/www.youtube.com\/channel\/UCFhJV04vPGpLrgA-FovnPDg"]}]}},"_links":{"self":[{"href":"https:\/\/lpc.halpet.eu\/en\/wp-json\/wp\/v2\/product\/93314","targetHints":{"allow":["GET"]}}],"collection":[{"href":"https:\/\/lpc.halpet.eu\/en\/wp-json\/wp\/v2\/product"}],"about":[{"href":"https:\/\/lpc.halpet.eu\/en\/wp-json\/wp\/v2\/types\/product"}],"replies":[{"embeddable":true,"href":"https:\/\/lpc.halpet.eu\/en\/wp-json\/wp\/v2\/comments?post=93314"}],"wp:featuredmedia":[{"embeddable":true,"href":"https:\/\/lpc.halpet.eu\/en\/wp-json\/wp\/v2\/media\/94347"}],"wp:attachment":[{"href":"https:\/\/lpc.halpet.eu\/en\/wp-json\/wp\/v2\/media?parent=93314"}],"wp:term":[{"taxonomy":"product_brand","embeddable":true,"href":"https:\/\/lpc.halpet.eu\/en\/wp-json\/wp\/v2\/product_brand?post=93314"},{"taxonomy":"product_cat","embeddable":true,"href":"https:\/\/lpc.halpet.eu\/en\/wp-json\/wp\/v2\/product_cat?post=93314"},{"taxonomy":"product_tag","embeddable":true,"href":"https:\/\/lpc.halpet.eu\/en\/wp-json\/wp\/v2\/product_tag?post=93314"}],"curies":[{"name":"wp","href":"https:\/\/api.w.org\/{rel}","templated":true}]}}