{"id":91054,"date":"2023-02-09T14:29:35","date_gmt":"2023-02-09T13:29:35","guid":{"rendered":"https:\/\/lpc.halpet.eu\/?post_type=product&#038;p=91054"},"modified":"2025-10-11T13:47:45","modified_gmt":"2025-10-11T11:47:45","slug":"budi-sjajan-prezentator-put-od-pripreme-do-izvedbe","status":"publish","type":"product","link":"https:\/\/lpc.halpet.eu\/en\/shop\/budi-sjajan-prezentator-put-od-pripreme-do-izvedbe\/","title":{"rendered":"Budi sjajan prezentator \u2013 put od pripreme do izvedbe"},"content":{"rendered":"<p>\u010cinjenica je da su rijetki imali priliku tijekom \u0161kolovanja u\u010diti kako uspje\u0161no izlagati i uvjerljivo prezentirati, a istovremeno je u ve\u0107ini radnih uloga prezentacijske situacije<strong> nemogu\u0107e izbje\u0107i<\/strong>. Program <strong>Budi sjajan prezentator \u2013 od pripreme do izvedbe\u00a0<\/strong>je osmi\u0161ljen upravo zato da vam <strong>pomogne<\/strong>, <strong>organizira<\/strong> vas i pru\u017ei vam <strong>oslonac<\/strong>. Tra\u017eite li <strong>konkretne savjete<\/strong>, <strong>najbolju praksu<\/strong>, te <strong>alate<\/strong> i <strong>resurse<\/strong> za br\u017eu <strong>pripremu<\/strong>, <strong>jasniju strukturu<\/strong> i uspje\u0161niju <strong>izvedbu<\/strong>, obo\u017eavat \u0107ete ovaj program. Oja\u010dat \u0107ete svoje <strong>samopouzdanje<\/strong> i znatno pove\u0107ati \u0161anse da svaka va\u0161a sljede\u0107a prezentacija bude uspje\u0161nija od prethodne. Program uklju\u010duje i <strong>obrasce<\/strong> za <strong>procjenu uspje\u0161nosti <\/strong>i uspje\u0161nu <strong>pripremu<\/strong>.<\/p>\n<p><img loading=\"lazy\" decoding=\"async\" class=\"alignnone wp-image-101366 size-full\" src=\"https:\/\/lpc.halpet.eu\/wp-content\/uploads\/2023\/02\/halpet_lpc_online_edukacije_ucenje_budi-sjajan-prezemtator.gif\" alt=\"\" width=\"1920\" height=\"1080\" \/><\/p>\n<p><strong>\u00a0<\/strong><strong>Ciljevi programa: <\/strong><\/p>\n<ul>\n<li>Osvijestiti karakteristike uspje\u0161nog prezentatora i prezentacije.<\/li>\n<li>Procijeniti svoje prezentacijsko umije\u0107e.<\/li>\n<li>Osigurati br\u017eu i kvalitetniju pripremu.<\/li>\n<li>Postati uspje\u0161niji u izvedbi prezentacije uz ve\u0107u razinu samopouzdanja.<\/li>\n<li><\/li>\n<\/ul>\n<p><strong>Osnovne informacije o programu*:<\/strong><\/p>\n<p><strong><b><span data-olk-copy-source=\"MessageBody\">Predvi\u0111eno trajanje u\u010denja prema LPC metodi: <\/span><\/b><\/strong>90 min<br \/>\n<strong>Broj lekcija u programu: <\/strong>2<strong><br \/>\nDostupnost: <\/strong>12 mjeseci<strong><br \/>\nProvjera znanja: <\/strong>da<strong><br \/>\nCertifikat o zavr\u0161enom online programu: <\/strong>da<\/p>\n<p><span data-olk-copy-source=\"MessageBody\">*Sav sadr\u017eaj unutar programa, uklju\u010duju\u0107i tekstove, videomaterijale, i druge resurse<\/span>\u00a0je intelektualno\u00a0vlasni\u0161tvo HalPet d.o.o. Raku\u0161ina 1, 10000 Zagreb i nije dozvoljeno\u00a0<b>kopiranje, dijeljenje ili distribuiranje sadr\u017eaja<\/b>\u00a0ovog programa bez prethodne pismene dozvole HalPeta.<\/p>\n<p>&nbsp;<\/p>\n<p>LPC program<strong> &#8220;Budi sjajan prezentator \u2013 put od pripreme do izvedbe<\/strong>&#8221; smje\u0161ten je unutar kategorija <a href=\"https:\/\/lpc.halpet.eu\/trgovina\/?selected_product_categories%5B%5D=193&amp;s=&amp;orderby=relevance&amp;filter=true\">Komunikacija i odnosi<\/a> i <a href=\"https:\/\/lpc.halpet.eu\/trgovina\/?selected_product_categories%5B%5D=197&amp;s=&amp;orderby=relevance&amp;filter=true\">Vodstvo i tim<\/a>.<\/p>\n<p>Prakti\u010dna i jednostavna formula <a href=\"https:\/\/halpet.hr\/e-ucenje-korporativna-edukacija-danasnjice\/\" target=\"_blank\" rel=\"noopener noreferrer\">LPC<\/a>\u00a0mikro-programa nudi pomno i stru\u010dno dizajniranu dozu znanja, a sadr\u017ei i konkretne upute kako ne\u0161to raditi br\u017ee, bolje i uspje\u0161nije. Ova komprimirana struktura ina\u010de kompleksne poslovne teme osigurava zadovoljstvo u\u010denja, poti\u010de nov na\u010din razmi\u0161ljanja i pokre\u0107e na akciju.<\/p>\n","protected":false},"excerpt":{"rendered":"<p>\u010cinjenica je da su rijetki imali priliku tijekom \u0161kolovanja u\u010diti &hellip;<\/p>\n","protected":false},"featured_media":91057,"comment_status":"open","ping_status":"closed","template":"","meta":{"_acf_changed":false},"product_brand":[],"product_cat":[192,196],"product_tag":[],"class_list":{"0":"post-91054","2":"type-product","3":"status-publish","4":"has-post-thumbnail","6":"product_cat-communication-and-work-relations","7":"product_cat-leadership-and-teamwork","8":"product","10":"instock","11":"virtual","12":"sold-individually","13":"taxable","14":"purchasable","15":"product-type-course"},"acf":[],"yoast_head":"<!-- This site is optimized with the Yoast SEO plugin v27.2 - https:\/\/yoast.com\/product\/yoast-seo-wordpress\/ -->\n<title>LPC<\/title>\n<meta name=\"description\" content=\"Kroz program &quot;Budi sjajan prezentator&quot; oja\u010dat \u0107ete svoje samopouzdanje i znatno pove\u0107ati \u0161anse da svaka va\u0161a sljede\u0107a prezentacija bude uspje\u0161nija.\" \/>\n<meta name=\"robots\" content=\"index, follow, max-snippet:-1, max-image-preview:large, max-video-preview:-1\" \/>\n<link rel=\"canonical\" href=\"https:\/\/lpc.halpet.eu\/en\/shop\/budi-sjajan-prezentator-put-od-pripreme-do-izvedbe\/\" \/>\n<meta property=\"og:locale\" content=\"en_US\" \/>\n<meta property=\"og:type\" content=\"article\" \/>\n<meta property=\"og:title\" content=\"Budi sjajan prezentator \u2013 put od pripreme do izvedbe - LPC\" \/>\n<meta property=\"og:description\" content=\"Kroz program &quot;Budi sjajan prezentator&quot; oja\u010dat \u0107ete svoje samopouzdanje i znatno pove\u0107ati \u0161anse da svaka va\u0161a sljede\u0107a prezentacija bude uspje\u0161nija.\" \/>\n<meta property=\"og:url\" content=\"https:\/\/lpc.halpet.eu\/en\/shop\/budi-sjajan-prezentator-put-od-pripreme-do-izvedbe\/\" \/>\n<meta property=\"og:site_name\" content=\"LPC\" \/>\n<meta property=\"article:publisher\" content=\"https:\/\/www.facebook.com\/halpethr\/\" \/>\n<meta property=\"article:modified_time\" content=\"2025-10-11T11:47:45+00:00\" \/>\n<meta property=\"og:image\" content=\"https:\/\/lpc.halpet.eu\/wp-content\/uploads\/2023\/02\/halpet_lpc_online_edukacije_ucenje_FBIN_objava-8-1024x1024.png\" \/>\n\t<meta property=\"og:image:width\" content=\"1024\" \/>\n\t<meta property=\"og:image:height\" content=\"1024\" \/>\n\t<meta property=\"og:image:type\" content=\"image\/png\" \/>\n<meta name=\"twitter:card\" content=\"summary_large_image\" \/>\n<meta name=\"twitter:site\" content=\"@halpet_lpc\" \/>\n<meta name=\"twitter:label1\" content=\"Est. reading time\" \/>\n\t<meta name=\"twitter:data1\" content=\"2 minutes\" \/>\n<script type=\"application\/ld+json\" class=\"yoast-schema-graph\">{\"@context\":\"https:\/\/schema.org\",\"@graph\":[{\"@type\":\"WebPage\",\"@id\":\"https:\/\/lpc.halpet.eu\/en\/shop\/budi-sjajan-prezentator-put-od-pripreme-do-izvedbe\/\",\"url\":\"https:\/\/lpc.halpet.eu\/en\/shop\/budi-sjajan-prezentator-put-od-pripreme-do-izvedbe\/\",\"name\":\"Budi sjajan prezentator \u2013 put od pripreme do izvedbe - LPC\",\"isPartOf\":{\"@id\":\"https:\/\/lpc.halpet.eu\/en\/#website\"},\"primaryImageOfPage\":{\"@id\":\"https:\/\/lpc.halpet.eu\/en\/shop\/budi-sjajan-prezentator-put-od-pripreme-do-izvedbe\/#primaryimage\"},\"image\":{\"@id\":\"https:\/\/lpc.halpet.eu\/en\/shop\/budi-sjajan-prezentator-put-od-pripreme-do-izvedbe\/#primaryimage\"},\"thumbnailUrl\":\"https:\/\/lpc.halpet.eu\/wp-content\/uploads\/2023\/02\/halpet_lpc_online_edukacije_ucenje_FBIN_objava-8.png\",\"datePublished\":\"2023-02-09T13:29:35+00:00\",\"dateModified\":\"2025-10-11T11:47:45+00:00\",\"description\":\"Kroz program \\\"Budi sjajan prezentator\\\" oja\u010dat \u0107ete svoje samopouzdanje i znatno pove\u0107ati \u0161anse da svaka va\u0161a sljede\u0107a prezentacija bude uspje\u0161nija.\",\"breadcrumb\":{\"@id\":\"https:\/\/lpc.halpet.eu\/en\/shop\/budi-sjajan-prezentator-put-od-pripreme-do-izvedbe\/#breadcrumb\"},\"inLanguage\":\"en-US\",\"potentialAction\":[{\"@type\":\"ReadAction\",\"target\":[\"https:\/\/lpc.halpet.eu\/en\/shop\/budi-sjajan-prezentator-put-od-pripreme-do-izvedbe\/\"]}]},{\"@type\":\"ImageObject\",\"inLanguage\":\"en-US\",\"@id\":\"https:\/\/lpc.halpet.eu\/en\/shop\/budi-sjajan-prezentator-put-od-pripreme-do-izvedbe\/#primaryimage\",\"url\":\"https:\/\/lpc.halpet.eu\/wp-content\/uploads\/2023\/02\/halpet_lpc_online_edukacije_ucenje_FBIN_objava-8.png\",\"contentUrl\":\"https:\/\/lpc.halpet.eu\/wp-content\/uploads\/2023\/02\/halpet_lpc_online_edukacije_ucenje_FBIN_objava-8.png\",\"width\":1200,\"height\":1200},{\"@type\":\"BreadcrumbList\",\"@id\":\"https:\/\/lpc.halpet.eu\/en\/shop\/budi-sjajan-prezentator-put-od-pripreme-do-izvedbe\/#breadcrumb\",\"itemListElement\":[{\"@type\":\"ListItem\",\"position\":1,\"name\":\"Home\",\"item\":\"https:\/\/lpc.halpet.eu\/en\/\"},{\"@type\":\"ListItem\",\"position\":2,\"name\":\"LPC shop\",\"item\":\"https:\/\/lpc.halpet.eu\/en\/shop\/\"},{\"@type\":\"ListItem\",\"position\":3,\"name\":\"Budi sjajan prezentator \u2013 put od pripreme do izvedbe\"}]},{\"@type\":\"WebSite\",\"@id\":\"https:\/\/lpc.halpet.eu\/en\/#website\",\"url\":\"https:\/\/lpc.halpet.eu\/en\/\",\"name\":\"LPC\",\"description\":\"A HalPet learning experience\",\"publisher\":{\"@id\":\"https:\/\/lpc.halpet.eu\/en\/#organization\"},\"potentialAction\":[{\"@type\":\"SearchAction\",\"target\":{\"@type\":\"EntryPoint\",\"urlTemplate\":\"https:\/\/lpc.halpet.eu\/en\/?s={search_term_string}\"},\"query-input\":{\"@type\":\"PropertyValueSpecification\",\"valueRequired\":true,\"valueName\":\"search_term_string\"}}],\"inLanguage\":\"en-US\"},{\"@type\":\"Organization\",\"@id\":\"https:\/\/lpc.halpet.eu\/en\/#organization\",\"name\":\"HalPet\",\"url\":\"https:\/\/lpc.halpet.eu\/en\/\",\"logo\":{\"@type\":\"ImageObject\",\"inLanguage\":\"en-US\",\"@id\":\"https:\/\/lpc.halpet.eu\/en\/#\/schema\/logo\/image\/\",\"url\":\"https:\/\/lpc.halpet.eu\/wp-content\/uploads\/2017\/03\/HalPet-LPC-FeaturedImage.png\",\"contentUrl\":\"https:\/\/lpc.halpet.eu\/wp-content\/uploads\/2017\/03\/HalPet-LPC-FeaturedImage.png\",\"width\":600,\"height\":315,\"caption\":\"HalPet\"},\"image\":{\"@id\":\"https:\/\/lpc.halpet.eu\/en\/#\/schema\/logo\/image\/\"},\"sameAs\":[\"https:\/\/www.facebook.com\/halpethr\/\",\"https:\/\/x.com\/halpet_lpc\",\"https:\/\/www.instagram.com\/halpet_lpc\/\",\"https:\/\/www.linkedin.com\/company\/halpet-d-o-o-\",\"https:\/\/www.youtube.com\/channel\/UCFhJV04vPGpLrgA-FovnPDg\"]}]}<\/script>\n<!-- \/ Yoast SEO plugin. -->","yoast_head_json":{"title":"LPC","description":"Kroz program \"Budi sjajan prezentator\" oja\u010dat \u0107ete svoje samopouzdanje i znatno pove\u0107ati \u0161anse da svaka va\u0161a sljede\u0107a prezentacija bude uspje\u0161nija.","robots":{"index":"index","follow":"follow","max-snippet":"max-snippet:-1","max-image-preview":"max-image-preview:large","max-video-preview":"max-video-preview:-1"},"canonical":"https:\/\/lpc.halpet.eu\/en\/shop\/budi-sjajan-prezentator-put-od-pripreme-do-izvedbe\/","og_locale":"en_US","og_type":"article","og_title":"Budi sjajan prezentator \u2013 put od pripreme do izvedbe - LPC","og_description":"Kroz program \"Budi sjajan prezentator\" oja\u010dat \u0107ete svoje samopouzdanje i znatno pove\u0107ati \u0161anse da svaka va\u0161a sljede\u0107a prezentacija bude uspje\u0161nija.","og_url":"https:\/\/lpc.halpet.eu\/en\/shop\/budi-sjajan-prezentator-put-od-pripreme-do-izvedbe\/","og_site_name":"LPC","article_publisher":"https:\/\/www.facebook.com\/halpethr\/","article_modified_time":"2025-10-11T11:47:45+00:00","og_image":[{"width":1024,"height":1024,"url":"https:\/\/lpc.halpet.eu\/wp-content\/uploads\/2023\/02\/halpet_lpc_online_edukacije_ucenje_FBIN_objava-8-1024x1024.png","type":"image\/png"}],"twitter_card":"summary_large_image","twitter_site":"@halpet_lpc","twitter_misc":{"Est. reading time":"2 minutes"},"schema":{"@context":"https:\/\/schema.org","@graph":[{"@type":"WebPage","@id":"https:\/\/lpc.halpet.eu\/en\/shop\/budi-sjajan-prezentator-put-od-pripreme-do-izvedbe\/","url":"https:\/\/lpc.halpet.eu\/en\/shop\/budi-sjajan-prezentator-put-od-pripreme-do-izvedbe\/","name":"Budi sjajan prezentator \u2013 put od pripreme do izvedbe - LPC","isPartOf":{"@id":"https:\/\/lpc.halpet.eu\/en\/#website"},"primaryImageOfPage":{"@id":"https:\/\/lpc.halpet.eu\/en\/shop\/budi-sjajan-prezentator-put-od-pripreme-do-izvedbe\/#primaryimage"},"image":{"@id":"https:\/\/lpc.halpet.eu\/en\/shop\/budi-sjajan-prezentator-put-od-pripreme-do-izvedbe\/#primaryimage"},"thumbnailUrl":"https:\/\/lpc.halpet.eu\/wp-content\/uploads\/2023\/02\/halpet_lpc_online_edukacije_ucenje_FBIN_objava-8.png","datePublished":"2023-02-09T13:29:35+00:00","dateModified":"2025-10-11T11:47:45+00:00","description":"Kroz program \"Budi sjajan prezentator\" oja\u010dat \u0107ete svoje samopouzdanje i znatno pove\u0107ati \u0161anse da svaka va\u0161a sljede\u0107a prezentacija bude uspje\u0161nija.","breadcrumb":{"@id":"https:\/\/lpc.halpet.eu\/en\/shop\/budi-sjajan-prezentator-put-od-pripreme-do-izvedbe\/#breadcrumb"},"inLanguage":"en-US","potentialAction":[{"@type":"ReadAction","target":["https:\/\/lpc.halpet.eu\/en\/shop\/budi-sjajan-prezentator-put-od-pripreme-do-izvedbe\/"]}]},{"@type":"ImageObject","inLanguage":"en-US","@id":"https:\/\/lpc.halpet.eu\/en\/shop\/budi-sjajan-prezentator-put-od-pripreme-do-izvedbe\/#primaryimage","url":"https:\/\/lpc.halpet.eu\/wp-content\/uploads\/2023\/02\/halpet_lpc_online_edukacije_ucenje_FBIN_objava-8.png","contentUrl":"https:\/\/lpc.halpet.eu\/wp-content\/uploads\/2023\/02\/halpet_lpc_online_edukacije_ucenje_FBIN_objava-8.png","width":1200,"height":1200},{"@type":"BreadcrumbList","@id":"https:\/\/lpc.halpet.eu\/en\/shop\/budi-sjajan-prezentator-put-od-pripreme-do-izvedbe\/#breadcrumb","itemListElement":[{"@type":"ListItem","position":1,"name":"Home","item":"https:\/\/lpc.halpet.eu\/en\/"},{"@type":"ListItem","position":2,"name":"LPC shop","item":"https:\/\/lpc.halpet.eu\/en\/shop\/"},{"@type":"ListItem","position":3,"name":"Budi sjajan prezentator \u2013 put od pripreme do izvedbe"}]},{"@type":"WebSite","@id":"https:\/\/lpc.halpet.eu\/en\/#website","url":"https:\/\/lpc.halpet.eu\/en\/","name":"LPC","description":"A HalPet learning experience","publisher":{"@id":"https:\/\/lpc.halpet.eu\/en\/#organization"},"potentialAction":[{"@type":"SearchAction","target":{"@type":"EntryPoint","urlTemplate":"https:\/\/lpc.halpet.eu\/en\/?s={search_term_string}"},"query-input":{"@type":"PropertyValueSpecification","valueRequired":true,"valueName":"search_term_string"}}],"inLanguage":"en-US"},{"@type":"Organization","@id":"https:\/\/lpc.halpet.eu\/en\/#organization","name":"HalPet","url":"https:\/\/lpc.halpet.eu\/en\/","logo":{"@type":"ImageObject","inLanguage":"en-US","@id":"https:\/\/lpc.halpet.eu\/en\/#\/schema\/logo\/image\/","url":"https:\/\/lpc.halpet.eu\/wp-content\/uploads\/2017\/03\/HalPet-LPC-FeaturedImage.png","contentUrl":"https:\/\/lpc.halpet.eu\/wp-content\/uploads\/2017\/03\/HalPet-LPC-FeaturedImage.png","width":600,"height":315,"caption":"HalPet"},"image":{"@id":"https:\/\/lpc.halpet.eu\/en\/#\/schema\/logo\/image\/"},"sameAs":["https:\/\/www.facebook.com\/halpethr\/","https:\/\/x.com\/halpet_lpc","https:\/\/www.instagram.com\/halpet_lpc\/","https:\/\/www.linkedin.com\/company\/halpet-d-o-o-","https:\/\/www.youtube.com\/channel\/UCFhJV04vPGpLrgA-FovnPDg"]}]}},"_links":{"self":[{"href":"https:\/\/lpc.halpet.eu\/en\/wp-json\/wp\/v2\/product\/91054","targetHints":{"allow":["GET"]}}],"collection":[{"href":"https:\/\/lpc.halpet.eu\/en\/wp-json\/wp\/v2\/product"}],"about":[{"href":"https:\/\/lpc.halpet.eu\/en\/wp-json\/wp\/v2\/types\/product"}],"replies":[{"embeddable":true,"href":"https:\/\/lpc.halpet.eu\/en\/wp-json\/wp\/v2\/comments?post=91054"}],"wp:featuredmedia":[{"embeddable":true,"href":"https:\/\/lpc.halpet.eu\/en\/wp-json\/wp\/v2\/media\/91057"}],"wp:attachment":[{"href":"https:\/\/lpc.halpet.eu\/en\/wp-json\/wp\/v2\/media?parent=91054"}],"wp:term":[{"taxonomy":"product_brand","embeddable":true,"href":"https:\/\/lpc.halpet.eu\/en\/wp-json\/wp\/v2\/product_brand?post=91054"},{"taxonomy":"product_cat","embeddable":true,"href":"https:\/\/lpc.halpet.eu\/en\/wp-json\/wp\/v2\/product_cat?post=91054"},{"taxonomy":"product_tag","embeddable":true,"href":"https:\/\/lpc.halpet.eu\/en\/wp-json\/wp\/v2\/product_tag?post=91054"}],"curies":[{"name":"wp","href":"https:\/\/api.w.org\/{rel}","templated":true}]}}