{"id":83693,"date":"2022-08-26T13:24:50","date_gmt":"2022-08-26T11:24:50","guid":{"rendered":"https:\/\/lpc.halpet.eu\/shop\/lpc-for-business-free-trial\/"},"modified":"2025-10-03T16:16:04","modified_gmt":"2025-10-03T14:16:04","slug":"lpc-for-business-free-trial","status":"publish","type":"product","link":"https:\/\/lpc.halpet.eu\/en\/shop\/lpc-for-business-free-trial\/","title":{"rendered":"LPC for Business | Free Trial"},"content":{"rendered":"<p><b>Otklju\u010dajte potencijal va\u0161eg poslovanja s LPC znanjem.<\/b><\/p>\n<p>Isprobajte 3 od 100+ programa u LPC for Business paketu i uvjerite se u kvalitetu na\u0161ih programa.<\/p>\n<h3><strong>\u0160to\u00a0<\/strong><a href=\"https:\/\/lpc.halpet.eu\/en\/marketing-page\/lpc-for-business\/\" target=\"_blank\" rel=\"noopener noreferrer\" data-auth=\"NotApplicable\" data-linkindex=\"0\"><span style=\"color: #03d4cd;\">LPC for Business<\/span><\/a><strong>\u00a0<\/strong><strong>omogu\u0107uje svojim korisnicima:<\/strong><\/h3>\n<ul type=\"disc\">\n<li>vrhunsku online edukaciju na hrvatskom jeziku dostupnu u svakom trenutku<\/li>\n<li>pristup vi\u0161e od\u00a0<strong>100 online programa<\/strong><strong>\u00a0<\/strong>iz podru\u010dja\u00a0<strong>poslovnih vje\u0161tina<\/strong>\u00a0i\u00a0<strong>stranih jezika<\/strong><\/li>\n<li>zanimljiv, jednostavan, kreativan i dinami\u010dan pristup u\u010denju<\/li>\n<li>u\u010denje na stvarnim poslovnim situacijama<\/li>\n<li>u\u010denje kroz digitalne programe koji su uspje\u0161no u\u017eivo odr\u017eavani u 1000 + \u00a0hrvatskih i regionalnih kompanija<\/li>\n<li>pristup bilo kada \u2013 bilo gdje: 24\/7 na svim pametnim ure\u0111ajima<\/li>\n<li><strong>dostupnost<\/strong><strong>\u00a012 mjeseci od po\u010detka pristupa<\/strong><\/li>\n<li>poticaj na edukacijsku proaktivnost\u00a0|\u00a0<i>I<\/i><i>mam problem \u2013 tra\u017eim rje\u0161enje \u2013 nalazim ga odmah<\/i><\/li>\n<li>mogu\u0107nost\u00a0<strong>ponavljanja programa<\/strong>\u00a0i usavr\u0161avanje vje\u0161tina<\/li>\n<li>certifikate za uspje\u0161no zavr\u0161ene programe<\/li>\n<li>korisni\u010dku podr\u0161ku na hrvatskom jeziku<\/li>\n<li><strong>edukacije \u201eu\u017eivo\u201c &#8211; besplatne webinare<\/strong><strong>\u00a0na relevantne teme<\/strong><strong>\u00a0<\/strong><strong>na mjese\u010dnoj bazi koje vode LPC treneri i kre<\/strong><strong>atori sadr\u017eaja<\/strong><\/li>\n<\/ul>\n<p><a href=\"https:\/\/lpc.halpet.eu\/en\/shop\/lpc-for-business\/\" target=\"_blank\" rel=\"noopener\"><img loading=\"lazy\" decoding=\"async\" class=\"alignleft wp-image-94213\" src=\"https:\/\/lpc.halpet.eu\/wp-content\/uploads\/2023\/04\/kupi-za-sebe-300x52.png\" alt=\"\" width=\"265\" height=\"46\" srcset=\"https:\/\/lpc.halpet.eu\/wp-content\/uploads\/2023\/04\/kupi-za-sebe-300x52.png 300w, https:\/\/lpc.halpet.eu\/wp-content\/uploads\/2023\/04\/kupi-za-sebe-1024x178.png 1024w, https:\/\/lpc.halpet.eu\/wp-content\/uploads\/2023\/04\/kupi-za-sebe-768x134.png 768w, https:\/\/lpc.halpet.eu\/wp-content\/uploads\/2023\/04\/kupi-za-sebe-420x73.png 420w, https:\/\/lpc.halpet.eu\/wp-content\/uploads\/2023\/04\/kupi-za-sebe-50x9.png 50w, https:\/\/lpc.halpet.eu\/wp-content\/uploads\/2023\/04\/kupi-za-sebe-100x17.png 100w, https:\/\/lpc.halpet.eu\/wp-content\/uploads\/2023\/04\/kupi-za-sebe-600x105.png 600w, https:\/\/lpc.halpet.eu\/wp-content\/uploads\/2023\/04\/kupi-za-sebe.png 1211w\" sizes=\"auto, (max-width: 265px) 100vw, 265px\" \/><\/a><\/p>\n<h3><\/h3>\n<p>&nbsp;<\/p>\n<p>&nbsp;<\/p>\n<h3>\u0160to\u00a0<span style=\"color: #03d4cd;\"><a style=\"color: #03d4cd;\" href=\"https:\/\/lpc.halpet.eu\/en\/marketing-page\/lpc-for-business\/\" target=\"_blank\" rel=\"noopener noreferrer\" data-auth=\"NotApplicable\" data-linkindex=\"1\">LPC for Business<\/a><\/span> pru\u017ea kompaniji ili timu<strong>:<\/strong><\/h3>\n<ul type=\"disc\">\n<li><strong>kontinuiranu<\/strong>\u00a0edukaciju<\/li>\n<li><strong>jednostavno planiranje<\/strong>\u00a0edukacije i razvoj zaposlenika<\/li>\n<li><strong>s<\/strong>kalabilnost &#8211; jednostavno dodavanje novih\u00a0korisnika,\u00a0modula i materijala<\/li>\n<li><strong>kreiranje ciljanih razvojnih programa (<i>Learning Journey<\/i>) za pojedince, timove i \u010ditavu kompaniju &#8211;\u00a0<\/strong>funkcionalnost \u201e<strong>Moj razvoj<\/strong><strong>\u201c<\/strong><\/li>\n<li><strong>rje\u0161enja za poslovne izazove zaposlenika i menad\u017ementa<\/strong><\/li>\n<li><strong>jednostavno<\/strong>\u00a0i\u00a0<strong>kontinuirano<\/strong>\u00a0<strong>pra\u0107enje<\/strong>\u00a0anga\u017emana i rezultata u\u010denja &#8211; menad\u017eerski pristup<\/li>\n<li>pobolj\u0161anu produktivnost i motivaciju<\/li>\n<li>standardizaciju edukacije, procesa, na\u010dina komunikacije, vo\u0111enja\u2026<\/li>\n<li>jednostavnije provo\u0111enje interne edukacije \u2013 kroz pretvaranje postoje\u0107ih sadr\u017eaja u digitalni oblik \u00a0(onboarding, eti\u010dki kodeks, za\u0161tita na radu, upravljanje stresom \u2026)<\/li>\n<li>br\u017eu integracija novih \u010dlanova<\/li>\n<li>smanjenje tro\u0161kova obuke: LMS smanjuje potrebu za fizi\u010dkom prisutno\u0161\u0107u na seminarima i radionicama, \u010dime se smanjuju tro\u0161kovi putovanja i smje\u0161taja.<\/li>\n<\/ul>\n<p><a href=\"https:\/\/lpc.halpet.eu\/en\/marketing-page\/lpc-for-business\/\" target=\"_blank\" rel=\"noopener\"><img loading=\"lazy\" decoding=\"async\" class=\"alignleft wp-image-94184\" src=\"https:\/\/lpc.halpet.eu\/wp-content\/uploads\/2023\/04\/halpet_lpc_online_edukacije_ucenje_saznaj_vise-300x52.png\" alt=\"\" width=\"265\" height=\"46\" srcset=\"https:\/\/lpc.halpet.eu\/wp-content\/uploads\/2023\/04\/halpet_lpc_online_edukacije_ucenje_saznaj_vise-300x52.png 300w, https:\/\/lpc.halpet.eu\/wp-content\/uploads\/2023\/04\/halpet_lpc_online_edukacije_ucenje_saznaj_vise-1024x178.png 1024w, https:\/\/lpc.halpet.eu\/wp-content\/uploads\/2023\/04\/halpet_lpc_online_edukacije_ucenje_saznaj_vise-768x134.png 768w, https:\/\/lpc.halpet.eu\/wp-content\/uploads\/2023\/04\/halpet_lpc_online_edukacije_ucenje_saznaj_vise-420x73.png 420w, https:\/\/lpc.halpet.eu\/wp-content\/uploads\/2023\/04\/halpet_lpc_online_edukacije_ucenje_saznaj_vise-50x9.png 50w, https:\/\/lpc.halpet.eu\/wp-content\/uploads\/2023\/04\/halpet_lpc_online_edukacije_ucenje_saznaj_vise-100x17.png 100w, https:\/\/lpc.halpet.eu\/wp-content\/uploads\/2023\/04\/halpet_lpc_online_edukacije_ucenje_saznaj_vise-600x105.png 600w, https:\/\/lpc.halpet.eu\/wp-content\/uploads\/2023\/04\/halpet_lpc_online_edukacije_ucenje_saznaj_vise.png 1211w\" sizes=\"auto, (max-width: 265px) 100vw, 265px\" \/><\/a><a href=\"https:\/\/lpc.halpet.eu\/en\/lpc-for-business\/\" target=\"_blank\" rel=\"noopener\"><img loading=\"lazy\" decoding=\"async\" class=\"alignleft wp-image-108320\" src=\"https:\/\/lpc.halpet.eu\/wp-content\/uploads\/2021\/07\/BUSINESS-PAKETI-300x52.png\" alt=\"\" width=\"265\" height=\"46\" srcset=\"https:\/\/lpc.halpet.eu\/wp-content\/uploads\/2021\/07\/BUSINESS-PAKETI-300x52.png 300w, https:\/\/lpc.halpet.eu\/wp-content\/uploads\/2021\/07\/BUSINESS-PAKETI-1024x178.png 1024w, https:\/\/lpc.halpet.eu\/wp-content\/uploads\/2021\/07\/BUSINESS-PAKETI-768x134.png 768w, https:\/\/lpc.halpet.eu\/wp-content\/uploads\/2021\/07\/BUSINESS-PAKETI-420x73.png 420w, https:\/\/lpc.halpet.eu\/wp-content\/uploads\/2021\/07\/BUSINESS-PAKETI-50x9.png 50w, https:\/\/lpc.halpet.eu\/wp-content\/uploads\/2021\/07\/BUSINESS-PAKETI-100x17.png 100w, https:\/\/lpc.halpet.eu\/wp-content\/uploads\/2021\/07\/BUSINESS-PAKETI-600x105.png 600w, https:\/\/lpc.halpet.eu\/wp-content\/uploads\/2021\/07\/BUSINESS-PAKETI.png 1211w\" sizes=\"auto, (max-width: 265px) 100vw, 265px\" \/><\/a><\/p>\n<p>&nbsp;<\/p>\n<p>&nbsp;<\/p>\n<p>Dostupni LPC for Business Free Trial programi:<\/p>\n<ol start=\"1\" type=\"1\">\n<li>6 Boja za paralelno razmi\u0161ljanje<\/li>\n<li>All-in-one coaching za menad\u017eere<\/li>\n<li>Delegiranje<\/li>\n<\/ol>\n<p>Ostali popis LPC for Business programa prona\u0111ite u katalogu:<\/p>\n<ul>\n<li><span style=\"color: #03d4cd;\"><strong><span style=\"text-decoration: underline;\"><a style=\"color: #03d4cd; text-decoration: underline;\" href=\"https:\/\/lpc.halpet.eu\/wp-content\/uploads\/2022\/08\/LPC-for-Bussines-popis-programa.pdf\" target=\"_blank\" rel=\"noopener\">LPC for Bussines &#8211; popis programa<\/a><\/span><\/strong><\/span><\/li>\n<\/ul>\n<p>KORACI ZA FREE TRAIL:<\/p>\n<ol start=\"1\" type=\"1\">\n<li>Dodaj u ko\u0161aricu<\/li>\n<li>Pogledaj u ko\u0161aricu i nastavi s unosom<\/li>\n<li>Unesi osobne podatke kako bi se napravio korisni\u010dki ra\u010dun<\/li>\n<li>Klikni na gumb &#8220;Potvrdi kupnju&#8221; i zavr\u0161i kupovinu u iznosu od 0,00 KN\/EUR<\/li>\n<li>Nakon kupovine programi su ti dostupni, mo\u017ee\u0161 ih prona\u0107i s lijeve strane u izborniku &#8220;Moji programi&#8221;<\/li>\n<\/ol>\n<p><a href=\"https:\/\/lpc.halpet.eu\/en\/request-education\/\" target=\"_blank\" rel=\"noopener\"><img loading=\"lazy\" decoding=\"async\" class=\"alignleft wp-image-96448\" src=\"https:\/\/lpc.halpet.eu\/wp-content\/uploads\/2022\/08\/kontaktiraj-nas-300x52.png\" alt=\"\" width=\"265\" height=\"46\" srcset=\"https:\/\/lpc.halpet.eu\/wp-content\/uploads\/2022\/08\/kontaktiraj-nas-300x52.png 300w, https:\/\/lpc.halpet.eu\/wp-content\/uploads\/2022\/08\/kontaktiraj-nas-1024x178.png 1024w, https:\/\/lpc.halpet.eu\/wp-content\/uploads\/2022\/08\/kontaktiraj-nas-768x134.png 768w, https:\/\/lpc.halpet.eu\/wp-content\/uploads\/2022\/08\/kontaktiraj-nas-420x73.png 420w, https:\/\/lpc.halpet.eu\/wp-content\/uploads\/2022\/08\/kontaktiraj-nas-50x9.png 50w, https:\/\/lpc.halpet.eu\/wp-content\/uploads\/2022\/08\/kontaktiraj-nas-100x17.png 100w, https:\/\/lpc.halpet.eu\/wp-content\/uploads\/2022\/08\/kontaktiraj-nas-600x105.png 600w, https:\/\/lpc.halpet.eu\/wp-content\/uploads\/2022\/08\/kontaktiraj-nas.png 1211w\" sizes=\"auto, (max-width: 265px) 100vw, 265px\" \/><\/a><\/p>\n<p>&nbsp;<\/p>\n","protected":false},"excerpt":{"rendered":"<p>Otklju\u010dajte potencijal va\u0161eg poslovanja s LPC znanjem. Isprobajte 3 od &hellip;<\/p>\n","protected":false},"featured_media":113536,"comment_status":"open","ping_status":"closed","template":"","meta":{"_acf_changed":false},"product_brand":[],"product_cat":[194],"product_tag":[],"class_list":{"0":"post-83693","2":"type-product","3":"status-publish","4":"has-post-thumbnail","6":"product_cat-specialized-topics","7":"product","9":"instock","10":"sale","11":"virtual","12":"sold-individually","13":"taxable","14":"purchasable","15":"product-type-course"},"acf":[],"yoast_head":"<!-- This site is optimized with the Yoast SEO plugin v27.2 - https:\/\/yoast.com\/product\/yoast-seo-wordpress\/ -->\n<title>LPC<\/title>\n<meta name=\"robots\" content=\"index, follow, max-snippet:-1, max-image-preview:large, max-video-preview:-1\" \/>\n<link rel=\"canonical\" href=\"https:\/\/lpc.halpet.eu\/en\/shop\/lpc-for-business-free-trial\/\" \/>\n<meta property=\"og:locale\" content=\"en_US\" \/>\n<meta property=\"og:type\" content=\"article\" \/>\n<meta property=\"og:title\" content=\"LPC for Business | Free Trial - LPC\" \/>\n<meta property=\"og:description\" content=\"Otklju\u010dajte potencijal va\u0161eg poslovanja s LPC znanjem. Isprobajte 3 od &hellip;\" \/>\n<meta property=\"og:url\" content=\"https:\/\/lpc.halpet.eu\/en\/shop\/lpc-for-business-free-trial\/\" \/>\n<meta property=\"og:site_name\" content=\"LPC\" \/>\n<meta property=\"article:publisher\" content=\"https:\/\/www.facebook.com\/halpethr\/\" \/>\n<meta property=\"article:modified_time\" content=\"2025-10-03T14:16:04+00:00\" \/>\n<meta property=\"og:image\" content=\"https:\/\/lpc.halpet.eu\/wp-content\/uploads\/2022\/08\/halpet_lpc_online_edukacije_ucenje_mala_naslovna_slika.png\" \/>\n\t<meta property=\"og:image:width\" content=\"1200\" \/>\n\t<meta property=\"og:image:height\" content=\"1200\" \/>\n\t<meta property=\"og:image:type\" content=\"image\/png\" \/>\n<meta name=\"twitter:card\" content=\"summary_large_image\" \/>\n<meta name=\"twitter:site\" content=\"@halpet_lpc\" \/>\n<meta name=\"twitter:label1\" content=\"Est. reading time\" \/>\n\t<meta name=\"twitter:data1\" content=\"3 minutes\" \/>\n<script type=\"application\/ld+json\" class=\"yoast-schema-graph\">{\"@context\":\"https:\/\/schema.org\",\"@graph\":[{\"@type\":\"WebPage\",\"@id\":\"https:\/\/lpc.halpet.eu\/en\/shop\/lpc-for-business-free-trial\/\",\"url\":\"https:\/\/lpc.halpet.eu\/en\/shop\/lpc-for-business-free-trial\/\",\"name\":\"LPC for Business | Free Trial - LPC\",\"isPartOf\":{\"@id\":\"https:\/\/lpc.halpet.eu\/en\/#website\"},\"primaryImageOfPage\":{\"@id\":\"https:\/\/lpc.halpet.eu\/en\/shop\/lpc-for-business-free-trial\/#primaryimage\"},\"image\":{\"@id\":\"https:\/\/lpc.halpet.eu\/en\/shop\/lpc-for-business-free-trial\/#primaryimage\"},\"thumbnailUrl\":\"https:\/\/lpc.halpet.eu\/wp-content\/uploads\/2022\/08\/halpet_lpc_online_edukacije_ucenje_mala_naslovna_slika.png\",\"datePublished\":\"2022-08-26T11:24:50+00:00\",\"dateModified\":\"2025-10-03T14:16:04+00:00\",\"breadcrumb\":{\"@id\":\"https:\/\/lpc.halpet.eu\/en\/shop\/lpc-for-business-free-trial\/#breadcrumb\"},\"inLanguage\":\"en-US\",\"potentialAction\":[{\"@type\":\"ReadAction\",\"target\":[\"https:\/\/lpc.halpet.eu\/en\/shop\/lpc-for-business-free-trial\/\"]}]},{\"@type\":\"ImageObject\",\"inLanguage\":\"en-US\",\"@id\":\"https:\/\/lpc.halpet.eu\/en\/shop\/lpc-for-business-free-trial\/#primaryimage\",\"url\":\"https:\/\/lpc.halpet.eu\/wp-content\/uploads\/2022\/08\/halpet_lpc_online_edukacije_ucenje_mala_naslovna_slika.png\",\"contentUrl\":\"https:\/\/lpc.halpet.eu\/wp-content\/uploads\/2022\/08\/halpet_lpc_online_edukacije_ucenje_mala_naslovna_slika.png\",\"width\":1200,\"height\":1200},{\"@type\":\"BreadcrumbList\",\"@id\":\"https:\/\/lpc.halpet.eu\/en\/shop\/lpc-for-business-free-trial\/#breadcrumb\",\"itemListElement\":[{\"@type\":\"ListItem\",\"position\":1,\"name\":\"Home\",\"item\":\"https:\/\/lpc.halpet.eu\/en\/\"},{\"@type\":\"ListItem\",\"position\":2,\"name\":\"LPC shop\",\"item\":\"https:\/\/lpc.halpet.eu\/en\/shop\/\"},{\"@type\":\"ListItem\",\"position\":3,\"name\":\"LPC for Business | Free Trial\"}]},{\"@type\":\"WebSite\",\"@id\":\"https:\/\/lpc.halpet.eu\/en\/#website\",\"url\":\"https:\/\/lpc.halpet.eu\/en\/\",\"name\":\"LPC\",\"description\":\"A HalPet learning experience\",\"publisher\":{\"@id\":\"https:\/\/lpc.halpet.eu\/en\/#organization\"},\"potentialAction\":[{\"@type\":\"SearchAction\",\"target\":{\"@type\":\"EntryPoint\",\"urlTemplate\":\"https:\/\/lpc.halpet.eu\/en\/?s={search_term_string}\"},\"query-input\":{\"@type\":\"PropertyValueSpecification\",\"valueRequired\":true,\"valueName\":\"search_term_string\"}}],\"inLanguage\":\"en-US\"},{\"@type\":\"Organization\",\"@id\":\"https:\/\/lpc.halpet.eu\/en\/#organization\",\"name\":\"HalPet\",\"url\":\"https:\/\/lpc.halpet.eu\/en\/\",\"logo\":{\"@type\":\"ImageObject\",\"inLanguage\":\"en-US\",\"@id\":\"https:\/\/lpc.halpet.eu\/en\/#\/schema\/logo\/image\/\",\"url\":\"https:\/\/lpc.halpet.eu\/wp-content\/uploads\/2017\/03\/HalPet-LPC-FeaturedImage.png\",\"contentUrl\":\"https:\/\/lpc.halpet.eu\/wp-content\/uploads\/2017\/03\/HalPet-LPC-FeaturedImage.png\",\"width\":600,\"height\":315,\"caption\":\"HalPet\"},\"image\":{\"@id\":\"https:\/\/lpc.halpet.eu\/en\/#\/schema\/logo\/image\/\"},\"sameAs\":[\"https:\/\/www.facebook.com\/halpethr\/\",\"https:\/\/x.com\/halpet_lpc\",\"https:\/\/www.instagram.com\/halpet_lpc\/\",\"https:\/\/www.linkedin.com\/company\/halpet-d-o-o-\",\"https:\/\/www.youtube.com\/channel\/UCFhJV04vPGpLrgA-FovnPDg\"]}]}<\/script>\n<!-- \/ Yoast SEO plugin. -->","yoast_head_json":{"title":"LPC","robots":{"index":"index","follow":"follow","max-snippet":"max-snippet:-1","max-image-preview":"max-image-preview:large","max-video-preview":"max-video-preview:-1"},"canonical":"https:\/\/lpc.halpet.eu\/en\/shop\/lpc-for-business-free-trial\/","og_locale":"en_US","og_type":"article","og_title":"LPC for Business | Free Trial - LPC","og_description":"Otklju\u010dajte potencijal va\u0161eg poslovanja s LPC znanjem. Isprobajte 3 od &hellip;","og_url":"https:\/\/lpc.halpet.eu\/en\/shop\/lpc-for-business-free-trial\/","og_site_name":"LPC","article_publisher":"https:\/\/www.facebook.com\/halpethr\/","article_modified_time":"2025-10-03T14:16:04+00:00","og_image":[{"width":1200,"height":1200,"url":"https:\/\/lpc.halpet.eu\/wp-content\/uploads\/2022\/08\/halpet_lpc_online_edukacije_ucenje_mala_naslovna_slika.png","type":"image\/png"}],"twitter_card":"summary_large_image","twitter_site":"@halpet_lpc","twitter_misc":{"Est. reading time":"3 minutes"},"schema":{"@context":"https:\/\/schema.org","@graph":[{"@type":"WebPage","@id":"https:\/\/lpc.halpet.eu\/en\/shop\/lpc-for-business-free-trial\/","url":"https:\/\/lpc.halpet.eu\/en\/shop\/lpc-for-business-free-trial\/","name":"LPC for Business | Free Trial - LPC","isPartOf":{"@id":"https:\/\/lpc.halpet.eu\/en\/#website"},"primaryImageOfPage":{"@id":"https:\/\/lpc.halpet.eu\/en\/shop\/lpc-for-business-free-trial\/#primaryimage"},"image":{"@id":"https:\/\/lpc.halpet.eu\/en\/shop\/lpc-for-business-free-trial\/#primaryimage"},"thumbnailUrl":"https:\/\/lpc.halpet.eu\/wp-content\/uploads\/2022\/08\/halpet_lpc_online_edukacije_ucenje_mala_naslovna_slika.png","datePublished":"2022-08-26T11:24:50+00:00","dateModified":"2025-10-03T14:16:04+00:00","breadcrumb":{"@id":"https:\/\/lpc.halpet.eu\/en\/shop\/lpc-for-business-free-trial\/#breadcrumb"},"inLanguage":"en-US","potentialAction":[{"@type":"ReadAction","target":["https:\/\/lpc.halpet.eu\/en\/shop\/lpc-for-business-free-trial\/"]}]},{"@type":"ImageObject","inLanguage":"en-US","@id":"https:\/\/lpc.halpet.eu\/en\/shop\/lpc-for-business-free-trial\/#primaryimage","url":"https:\/\/lpc.halpet.eu\/wp-content\/uploads\/2022\/08\/halpet_lpc_online_edukacije_ucenje_mala_naslovna_slika.png","contentUrl":"https:\/\/lpc.halpet.eu\/wp-content\/uploads\/2022\/08\/halpet_lpc_online_edukacije_ucenje_mala_naslovna_slika.png","width":1200,"height":1200},{"@type":"BreadcrumbList","@id":"https:\/\/lpc.halpet.eu\/en\/shop\/lpc-for-business-free-trial\/#breadcrumb","itemListElement":[{"@type":"ListItem","position":1,"name":"Home","item":"https:\/\/lpc.halpet.eu\/en\/"},{"@type":"ListItem","position":2,"name":"LPC shop","item":"https:\/\/lpc.halpet.eu\/en\/shop\/"},{"@type":"ListItem","position":3,"name":"LPC for Business | Free Trial"}]},{"@type":"WebSite","@id":"https:\/\/lpc.halpet.eu\/en\/#website","url":"https:\/\/lpc.halpet.eu\/en\/","name":"LPC","description":"A HalPet learning experience","publisher":{"@id":"https:\/\/lpc.halpet.eu\/en\/#organization"},"potentialAction":[{"@type":"SearchAction","target":{"@type":"EntryPoint","urlTemplate":"https:\/\/lpc.halpet.eu\/en\/?s={search_term_string}"},"query-input":{"@type":"PropertyValueSpecification","valueRequired":true,"valueName":"search_term_string"}}],"inLanguage":"en-US"},{"@type":"Organization","@id":"https:\/\/lpc.halpet.eu\/en\/#organization","name":"HalPet","url":"https:\/\/lpc.halpet.eu\/en\/","logo":{"@type":"ImageObject","inLanguage":"en-US","@id":"https:\/\/lpc.halpet.eu\/en\/#\/schema\/logo\/image\/","url":"https:\/\/lpc.halpet.eu\/wp-content\/uploads\/2017\/03\/HalPet-LPC-FeaturedImage.png","contentUrl":"https:\/\/lpc.halpet.eu\/wp-content\/uploads\/2017\/03\/HalPet-LPC-FeaturedImage.png","width":600,"height":315,"caption":"HalPet"},"image":{"@id":"https:\/\/lpc.halpet.eu\/en\/#\/schema\/logo\/image\/"},"sameAs":["https:\/\/www.facebook.com\/halpethr\/","https:\/\/x.com\/halpet_lpc","https:\/\/www.instagram.com\/halpet_lpc\/","https:\/\/www.linkedin.com\/company\/halpet-d-o-o-","https:\/\/www.youtube.com\/channel\/UCFhJV04vPGpLrgA-FovnPDg"]}]}},"_links":{"self":[{"href":"https:\/\/lpc.halpet.eu\/en\/wp-json\/wp\/v2\/product\/83693","targetHints":{"allow":["GET"]}}],"collection":[{"href":"https:\/\/lpc.halpet.eu\/en\/wp-json\/wp\/v2\/product"}],"about":[{"href":"https:\/\/lpc.halpet.eu\/en\/wp-json\/wp\/v2\/types\/product"}],"replies":[{"embeddable":true,"href":"https:\/\/lpc.halpet.eu\/en\/wp-json\/wp\/v2\/comments?post=83693"}],"wp:featuredmedia":[{"embeddable":true,"href":"https:\/\/lpc.halpet.eu\/en\/wp-json\/wp\/v2\/media\/113536"}],"wp:attachment":[{"href":"https:\/\/lpc.halpet.eu\/en\/wp-json\/wp\/v2\/media?parent=83693"}],"wp:term":[{"taxonomy":"product_brand","embeddable":true,"href":"https:\/\/lpc.halpet.eu\/en\/wp-json\/wp\/v2\/product_brand?post=83693"},{"taxonomy":"product_cat","embeddable":true,"href":"https:\/\/lpc.halpet.eu\/en\/wp-json\/wp\/v2\/product_cat?post=83693"},{"taxonomy":"product_tag","embeddable":true,"href":"https:\/\/lpc.halpet.eu\/en\/wp-json\/wp\/v2\/product_tag?post=83693"}],"curies":[{"name":"wp","href":"https:\/\/api.w.org\/{rel}","templated":true}]}}