{"id":80676,"date":"2022-03-08T09:34:06","date_gmt":"2022-03-08T08:34:06","guid":{"rendered":"https:\/\/lpc.halpet.eu\/?post_type=product&#038;p=80676"},"modified":"2025-10-11T14:30:25","modified_gmt":"2025-10-11T12:30:25","slug":"kriticko-razmisljanje-u-akciji","status":"publish","type":"product","link":"https:\/\/lpc.halpet.eu\/en\/shop\/kriticko-razmisljanje-u-akciji\/","title":{"rendered":"Kriti\u010dko razmi\u0161ljanje u akciji"},"content":{"rendered":"<p>Saznajte kako funkcionira kriti\u010dko razmi\u0161ljanje i kako mo\u017ee unaprijediti va\u0161 poslovni i privatni \u017eivot. Pro\u0161irite paletu svojih argumenata i nau\u010dite kako ih strukturirati za maksimalni u\u010dinak.<\/p>\n<p><strong>Osnovne informacije o programu Kriti\u010dko razmi\u0161ljanje u akciji*: <\/strong><\/p>\n<p><strong><b><span data-olk-copy-source=\"MessageBody\">Predvi\u0111eno trajanje u\u010denja prema LPC metodi:<\/span><\/b>\u00a0<\/strong>60 min<br \/>\n<strong>Broj lekcija u programu: <\/strong>1<strong><br \/>\nDostupnost: <\/strong>12 mjeseci<strong><br \/>\nProvjera znanja: <\/strong>da<strong><br \/>\nCertifikat o zavr\u0161enom online programu: <\/strong>da<\/p>\n<p><span data-olk-copy-source=\"MessageBody\">*Sav sadr\u017eaj unutar programa, uklju\u010duju\u0107i tekstove, videomaterijale, i druge resurse<\/span>\u00a0je intelektualno\u00a0vlasni\u0161tvo HalPet d.o.o. Raku\u0161ina 1, 10000 Zagreb i nije dozvoljeno\u00a0<b>kopiranje, dijeljenje ili distribuiranje sadr\u017eaja<\/b>\u00a0ovog programa bez prethodne pismene dozvole HalPeta.<\/p>\n<p>Prakti\u010dna i jednostavna formula\u00a0<a href=\"https:\/\/halpet.hr\/e-ucenje-korporativna-edukacija-danasnjice\/\" target=\"_blank\" rel=\"noopener noreferrer\">LPC<\/a>\u00a0nudi pomno i stru\u010dno dizajniranu dozu znanja, a sadr\u017ei i konkretne upute kako ne\u0161to raditi br\u017ee, bolje i uspje\u0161nije. Ova komprimirana struktura ina\u010de kompleksne poslovne teme osigurava zadovoljstvo u\u010denja, poti\u010de nov na\u010din razmi\u0161ljanja i pokre\u0107e na akciju.<\/p>\n","protected":false},"excerpt":{"rendered":"<p>Saznajte kako funkcionira kriti\u010dko razmi\u0161ljanje i kako mo\u017ee unaprijediti va\u0161 &hellip;<\/p>\n","protected":false},"featured_media":79698,"comment_status":"open","ping_status":"closed","template":"","meta":{"_acf_changed":false},"product_brand":[],"product_cat":[92,196],"product_tag":[],"class_list":{"0":"post-80676","2":"type-product","3":"status-publish","4":"has-post-thumbnail","6":"product_cat-power-up-tools","7":"product_cat-leadership-and-teamwork","8":"product","10":"instock","11":"virtual","12":"sold-individually","13":"taxable","14":"purchasable","15":"product-type-course"},"acf":[],"_links":{"self":[{"href":"https:\/\/lpc.halpet.eu\/en\/wp-json\/wp\/v2\/product\/80676","targetHints":{"allow":["GET"]}}],"collection":[{"href":"https:\/\/lpc.halpet.eu\/en\/wp-json\/wp\/v2\/product"}],"about":[{"href":"https:\/\/lpc.halpet.eu\/en\/wp-json\/wp\/v2\/types\/product"}],"replies":[{"embeddable":true,"href":"https:\/\/lpc.halpet.eu\/en\/wp-json\/wp\/v2\/comments?post=80676"}],"wp:featuredmedia":[{"embeddable":true,"href":"https:\/\/lpc.halpet.eu\/en\/wp-json\/wp\/v2\/media\/79698"}],"wp:attachment":[{"href":"https:\/\/lpc.halpet.eu\/en\/wp-json\/wp\/v2\/media?parent=80676"}],"wp:term":[{"taxonomy":"product_brand","embeddable":true,"href":"https:\/\/lpc.halpet.eu\/en\/wp-json\/wp\/v2\/product_brand?post=80676"},{"taxonomy":"product_cat","embeddable":true,"href":"https:\/\/lpc.halpet.eu\/en\/wp-json\/wp\/v2\/product_cat?post=80676"},{"taxonomy":"product_tag","embeddable":true,"href":"https:\/\/lpc.halpet.eu\/en\/wp-json\/wp\/v2\/product_tag?post=80676"}],"curies":[{"name":"wp","href":"https:\/\/api.w.org\/{rel}","templated":true}]}}