{"id":71070,"date":"2021-03-16T14:29:39","date_gmt":"2021-03-16T13:29:39","guid":{"rendered":"https:\/\/lpc.halpet.eu\/?post_type=product&#038;p=71070"},"modified":"2025-10-11T15:51:20","modified_gmt":"2025-10-11T13:51:20","slug":"prodajne-vjestine","status":"publish","type":"product","link":"https:\/\/lpc.halpet.eu\/en\/shop\/prodajne-vjestine\/","title":{"rendered":"Prodajne vje\u0161tine"},"content":{"rendered":"<p><a href=\"https:\/\/lpc.halpet.eu\/wp-content\/uploads\/2020\/11\/pexels-lukas-669613-scaled.jpg\"><img loading=\"lazy\" decoding=\"async\" class=\"wp-image-71688 size-thumbnail alignleft\" src=\"https:\/\/lpc.halpet.eu\/wp-content\/uploads\/2020\/11\/pexels-lukas-669613-150x150.jpg\" alt=\"\" width=\"150\" height=\"150\" srcset=\"https:\/\/lpc.halpet.eu\/wp-content\/uploads\/2020\/11\/pexels-lukas-669613-150x150.jpg 150w, https:\/\/lpc.halpet.eu\/wp-content\/uploads\/2020\/11\/pexels-lukas-669613-460x460.jpg 460w, https:\/\/lpc.halpet.eu\/wp-content\/uploads\/2020\/11\/pexels-lukas-669613-300x300.jpg 300w, https:\/\/lpc.halpet.eu\/wp-content\/uploads\/2020\/11\/pexels-lukas-669613-100x100.jpg 100w\" sizes=\"auto, (max-width: 150px) 100vw, 150px\" \/><\/a><\/p>\n<p><strong>PRODAJNE VJE\u0160TINE<\/strong><\/p>\n<p>Spontani komentar: \u201e<strong>Ti si ro\u0111eni prodava\u010d<\/strong>.\u201c obi\u010dno \u0107e dobiti otvorena, komunikativna i proaktivna osoba. Za uspjeh u prodaji, kao i u ostalim podru\u010djima, vrijedi stara dobra dilema \u2013 Je li uspjeh stvar talenta i osobnosti ili se prodava\u010dem ipak postaje? Iskustvo uvijek iznova potvr\u0111uje da <strong>na svoj prodajni uspjeh u velikoj mjeri mo\u017eete utjecati <\/strong>ako ste motivirani i disciplinirani, spremni ulo\u017eiti trud i vrijeme i u\u010diti o prodaji i njenim tajnama.<\/p>\n<p>Tajne koje trebate otkriti su odgovori na pitanja: <strong>koje prodajne alate koristiti<\/strong>, <strong>kako razviti odnos s kupcem<\/strong>, <strong>kako zablistati svojom prodajnom prezentacijom, kako osvojiti nove kupce i zadr\u017eati naklonost \u201estarih<\/strong>\u201c \u2013 ukratko, kako se pona\u0161ati i razmi\u0161ljati na prodajni na\u010din.<\/p>\n<p>Po uspje\u0161nom zavr\u0161etku programa od <strong>5 lekcija<\/strong>, saznat \u0107ete kako:<\/p>\n<ul>\n<li>pristupiti svojim kupcima s puno<strong> vi\u0161e samopouzdanja i uvjerljivosti <\/strong><\/li>\n<li><strong>biti master prodava\u010d<\/strong><\/li>\n<li><strong>profesionalno prezentirati<\/strong> svoj proizvod ili uslugu<\/li>\n<li>stru\u010dno i uspje\u0161no <strong>odraditi sve faze prodajnog procesa<\/strong> i <strong>zaklju\u010diti prodaju<\/strong><\/li>\n<li>lak\u0161e i br\u017ee<strong> ostvarivati prodajne ciljeve <\/strong><\/li>\n<li>uspostaviti i zadr\u017eati kvalitetan i <strong>dugoro\u010dan odnos sa svojim kupcima<\/strong>.<\/li>\n<\/ul>\n<p>Postanite majstor prodaje i osigurajte vrhunske prodajne rezultate.<\/p>\n<p><strong>Osnovne informacije o programu Prodajne vje\u0161tine*: <\/strong><\/p>\n<p><strong><b><span data-olk-copy-source=\"MessageBody\">Predvi\u0111eno trajanje u\u010denja prema LPC metodi:<\/span><\/b>\u00a0<\/strong>240 min<br \/>\n<strong>Broj lekcija u programu: <\/strong>5<strong><br \/>\nDostupnost: <\/strong>12 mjeseci<strong><br \/>\nProvjera znanja: <\/strong>da<strong><br \/>\nCertifikat o zavr\u0161enom online programu: <\/strong>da<\/p>\n<p><span data-olk-copy-source=\"MessageBody\">*Sav sadr\u017eaj unutar programa, uklju\u010duju\u0107i tekstove, videomaterijale, i druge resurse<\/span>\u00a0je intelektualno\u00a0vlasni\u0161tvo HalPet d.o.o. Raku\u0161ina 1, 10000 Zagreb i nije dozvoljeno\u00a0<b>kopiranje, dijeljenje ili distribuiranje sadr\u017eaja<\/b>\u00a0ovog programa bez prethodne pismene dozvole HalPeta.<\/p>\n<p>Prakti\u010dna i jednostavna formula\u00a0<a href=\"https:\/\/halpet.hr\/e-ucenje-korporativna-edukacija-danasnjice\/\" target=\"_blank\" rel=\"noopener noreferrer\">LPC<\/a> nudi pomno i stru\u010dno dizajniranu dozu znanja, a sadr\u017ei i konkretne upute kako ne\u0161to raditi br\u017ee, bolje i uspje\u0161nije. Ova komprimirana struktura ina\u010de kompleksne poslovne teme osigurava zadovoljstvo u\u010denja, poti\u010de nov na\u010din razmi\u0161ljanja i pokre\u0107e na akciju.<\/p>\n","protected":false},"excerpt":{"rendered":"<p>PRODAJNE VJE\u0160TINE Spontani komentar: \u201eTi si ro\u0111eni prodava\u010d.\u201c obi\u010dno \u0107e &hellip;<\/p>\n","protected":false},"featured_media":98434,"comment_status":"open","ping_status":"closed","template":"","meta":{"_acf_changed":false},"product_brand":[],"product_cat":[194],"product_tag":[],"class_list":{"0":"post-71070","2":"type-product","3":"status-publish","4":"has-post-thumbnail","6":"product_cat-specialized-topics","7":"product","9":"instock","10":"virtual","11":"sold-individually","12":"taxable","13":"purchasable","14":"product-type-course"},"acf":[],"_links":{"self":[{"href":"https:\/\/lpc.halpet.eu\/en\/wp-json\/wp\/v2\/product\/71070","targetHints":{"allow":["GET"]}}],"collection":[{"href":"https:\/\/lpc.halpet.eu\/en\/wp-json\/wp\/v2\/product"}],"about":[{"href":"https:\/\/lpc.halpet.eu\/en\/wp-json\/wp\/v2\/types\/product"}],"replies":[{"embeddable":true,"href":"https:\/\/lpc.halpet.eu\/en\/wp-json\/wp\/v2\/comments?post=71070"}],"wp:featuredmedia":[{"embeddable":true,"href":"https:\/\/lpc.halpet.eu\/en\/wp-json\/wp\/v2\/media\/98434"}],"wp:attachment":[{"href":"https:\/\/lpc.halpet.eu\/en\/wp-json\/wp\/v2\/media?parent=71070"}],"wp:term":[{"taxonomy":"product_brand","embeddable":true,"href":"https:\/\/lpc.halpet.eu\/en\/wp-json\/wp\/v2\/product_brand?post=71070"},{"taxonomy":"product_cat","embeddable":true,"href":"https:\/\/lpc.halpet.eu\/en\/wp-json\/wp\/v2\/product_cat?post=71070"},{"taxonomy":"product_tag","embeddable":true,"href":"https:\/\/lpc.halpet.eu\/en\/wp-json\/wp\/v2\/product_tag?post=71070"}],"curies":[{"name":"wp","href":"https:\/\/api.w.org\/{rel}","templated":true}]}}