{"id":70122,"date":"2020-11-03T09:21:26","date_gmt":"2020-11-03T09:21:26","guid":{"rendered":"https:\/\/lpc.halpet.eu\/?post_type=product&#038;p=70122"},"modified":"2025-10-13T08:48:13","modified_gmt":"2025-10-13T06:48:13","slug":"tuckman-team-model","status":"publish","type":"product","link":"https:\/\/lpc.halpet.eu\/en\/shop\/tuckman-team-model\/","title":{"rendered":"Tuckmanov model za razvoj tima"},"content":{"rendered":"<p><strong>Tuckmanov model za razvoj tima<\/strong><\/p>\n<p>Razvoj tima, poput razvoja svakog pojedinca, ima svoje faze. Vodite li tim, poznavanje tih faza od klju\u010dne je va\u017enosti za uspje\u0161no vodstvo i postizanje \u017eeljenih rezultata. Saznajte \u0161to se to\u010dno doga\u0111a u svakoj od njih, koji su za to razlozi i \u0161to vi konkretno trebate poduzeti za \u201ebezbolan\u201c prijelaz iz jedne faze u drugu.<\/p>\n<p>&nbsp;<\/p>\n<p><strong>Osnovne informacije o programu Tuckmanov model za razvoj tima*:<\/strong><\/p>\n<p><strong><b><span data-olk-copy-source=\"MessageBody\">Predvi\u0111eno trajanje u\u010denja prema LPC metodi:<\/span><\/b> <\/strong>60 min<br \/>\n<strong>Broj lekcija u programu: <\/strong>1<strong><br \/>\nDostupnost: <\/strong>12 mjeseci<strong><br \/>\nProvjera znanja: <\/strong>da<strong><br \/>\nCertifikat o zavr\u0161enom online programu: <\/strong>da<\/p>\n<p><span data-olk-copy-source=\"MessageBody\">*Sav sadr\u017eaj unutar programa, uklju\u010duju\u0107i tekstove, videomaterijale, i druge resurse<\/span>\u00a0je intelektualno\u00a0vlasni\u0161tvo HalPet d.o.o. Raku\u0161ina 1, 10000 Zagreb i nije dozvoljeno\u00a0<b>kopiranje, dijeljenje ili distribuiranje sadr\u017eaja<\/b>\u00a0ovog programa bez prethodne pismene dozvole HalPeta.<\/p>\n<p>Prakti\u010dna i jednostavna formula\u00a0<a href=\"https:\/\/halpet.hr\/e-ucenje-korporativna-edukacija-danasnjice\/\" target=\"_blank\" rel=\"noopener noreferrer\">LPC<\/a>\u00a0mikro-programa nudi pomno i stru\u010dno dizajniranu dozu znanja, a sadr\u017ei i konkretne upute kako ne\u0161to raditi br\u017ee, bolje i uspje\u0161nije. Ova komprimirana struktura ina\u010de kompleksne poslovne teme osigurava zadovoljstvo u\u010denja, poti\u010de nov na\u010din razmi\u0161ljanja i pokre\u0107e na akciju.<\/p>\n","protected":false},"excerpt":{"rendered":"<p>Tuckmanov model za razvoj tima Razvoj tima, poput razvoja svakog &hellip;<\/p>\n","protected":false},"featured_media":98452,"comment_status":"open","ping_status":"closed","template":"","meta":{"_acf_changed":false},"product_brand":[],"product_cat":[196,92],"product_tag":[],"class_list":{"0":"post-70122","2":"type-product","3":"status-publish","4":"has-post-thumbnail","6":"product_cat-leadership-and-teamwork","7":"product_cat-power-up-tools","8":"product","10":"instock","11":"virtual","12":"sold-individually","13":"taxable","14":"purchasable","15":"product-type-course"},"acf":[],"_links":{"self":[{"href":"https:\/\/lpc.halpet.eu\/en\/wp-json\/wp\/v2\/product\/70122","targetHints":{"allow":["GET"]}}],"collection":[{"href":"https:\/\/lpc.halpet.eu\/en\/wp-json\/wp\/v2\/product"}],"about":[{"href":"https:\/\/lpc.halpet.eu\/en\/wp-json\/wp\/v2\/types\/product"}],"replies":[{"embeddable":true,"href":"https:\/\/lpc.halpet.eu\/en\/wp-json\/wp\/v2\/comments?post=70122"}],"wp:featuredmedia":[{"embeddable":true,"href":"https:\/\/lpc.halpet.eu\/en\/wp-json\/wp\/v2\/media\/98452"}],"wp:attachment":[{"href":"https:\/\/lpc.halpet.eu\/en\/wp-json\/wp\/v2\/media?parent=70122"}],"wp:term":[{"taxonomy":"product_brand","embeddable":true,"href":"https:\/\/lpc.halpet.eu\/en\/wp-json\/wp\/v2\/product_brand?post=70122"},{"taxonomy":"product_cat","embeddable":true,"href":"https:\/\/lpc.halpet.eu\/en\/wp-json\/wp\/v2\/product_cat?post=70122"},{"taxonomy":"product_tag","embeddable":true,"href":"https:\/\/lpc.halpet.eu\/en\/wp-json\/wp\/v2\/product_tag?post=70122"}],"curies":[{"name":"wp","href":"https:\/\/api.w.org\/{rel}","templated":true}]}}