{"id":70099,"date":"2020-11-03T10:57:47","date_gmt":"2020-11-03T10:57:47","guid":{"rendered":"https:\/\/lpc.halpet.eu\/?post_type=product&#038;p=70099"},"modified":"2025-03-10T16:08:49","modified_gmt":"2025-03-10T15:08:49","slug":"communication-for-effective-delegating","status":"publish","type":"product","link":"https:\/\/lpc.halpet.eu\/en\/shop\/communication-for-effective-delegating\/","title":{"rendered":"Komunikacijski savjeti za uspje\u0161no delegiranje"},"content":{"rendered":"<p><strong>Komunikacijski savjeti za uspje\u0161no delegiranje<\/strong><\/p>\n<p>Osim jasnog odgovora na pitanja \u0161to i do kada ne\u0161to treba napraviti, klju\u010d uspjeha u delegiranju le\u017ei u izvrsnoj komunikaciji. Nau\u010dite kako isplanirati tijek komunikacije i kako odraditi pojedine korake. Svaki napor ulo\u017een u pripremu i odabir pravog na\u010dina i pristupa vi\u0161estruko \u0107e vam se isplatiti.<\/p>\n<p>&nbsp;<\/p>\n<p><strong>Osnovne informacije o programu Komunikacijski savjeti za uspje\u0161no delegiranje*:<\/strong><\/p>\n<p><strong><b><span data-olk-copy-source=\"MessageBody\">Predvi\u0111eno trajanje u\u010denja prema LPC metodi:<\/span><\/b> <\/strong>30 min<br \/>\n<strong>Broj lekcija u programu: <\/strong>1<strong><br \/>\nDostupnost: <\/strong>12 mjeseci<strong><br \/>\nProvjera znanja: <\/strong>da<strong><br \/>\nCertifikat o zavr\u0161enom online programu: <\/strong>da<\/p>\n<p><span data-olk-copy-source=\"MessageBody\">*Sav sadr\u017eaj unutar programa, uklju\u010duju\u0107i tekstove, videomaterijale, i druge resurse<\/span>\u00a0je intelektualno\u00a0vlasni\u0161tvo HalPet d.o.o. Raku\u0161ina 1, 10000 Zagreb i nije dozvoljeno\u00a0<b>kopiranje, dijeljenje ili distribuiranje sadr\u017eaja<\/b>\u00a0ovog programa bez prethodne pismene dozvole HalPeta.<\/p>\n<p>Prakti\u010dna i jednostavna formula\u00a0<a href=\"https:\/\/halpet.hr\/e-ucenje-korporativna-edukacija-danasnjice\/\" target=\"_blank\" rel=\"noopener noreferrer\">LPC<\/a>\u00a0mikro-programa nudi pomno i stru\u010dno dizajniranu dozu znanja, a sadr\u017ei i konkretne upute kako ne\u0161to raditi br\u017ee, bolje i uspje\u0161nije. Ova komprimirana struktura ina\u010de kompleksne poslovne teme osigurava zadovoljstvo u\u010denja, poti\u010de nov na\u010din razmi\u0161ljanja i pokre\u0107e na akciju.<\/p>\n","protected":false},"excerpt":{"rendered":"<p>Komunikacijski savjeti za uspje\u0161no delegiranje Osim jasnog odgovora na pitanja &hellip;<\/p>\n","protected":false},"featured_media":73628,"comment_status":"open","ping_status":"closed","template":"","meta":{"_acf_changed":false},"product_brand":[],"product_cat":[196,92],"product_tag":[],"class_list":{"0":"post-70099","2":"type-product","3":"status-publish","4":"has-post-thumbnail","6":"product_cat-leadership-and-teamwork","7":"product_cat-power-up-tools","8":"product","10":"instock","11":"virtual","12":"sold-individually","13":"taxable","14":"purchasable","15":"product-type-course"},"acf":[],"_links":{"self":[{"href":"https:\/\/lpc.halpet.eu\/en\/wp-json\/wp\/v2\/product\/70099","targetHints":{"allow":["GET"]}}],"collection":[{"href":"https:\/\/lpc.halpet.eu\/en\/wp-json\/wp\/v2\/product"}],"about":[{"href":"https:\/\/lpc.halpet.eu\/en\/wp-json\/wp\/v2\/types\/product"}],"replies":[{"embeddable":true,"href":"https:\/\/lpc.halpet.eu\/en\/wp-json\/wp\/v2\/comments?post=70099"}],"wp:featuredmedia":[{"embeddable":true,"href":"https:\/\/lpc.halpet.eu\/en\/wp-json\/wp\/v2\/media\/73628"}],"wp:attachment":[{"href":"https:\/\/lpc.halpet.eu\/en\/wp-json\/wp\/v2\/media?parent=70099"}],"wp:term":[{"taxonomy":"product_brand","embeddable":true,"href":"https:\/\/lpc.halpet.eu\/en\/wp-json\/wp\/v2\/product_brand?post=70099"},{"taxonomy":"product_cat","embeddable":true,"href":"https:\/\/lpc.halpet.eu\/en\/wp-json\/wp\/v2\/product_cat?post=70099"},{"taxonomy":"product_tag","embeddable":true,"href":"https:\/\/lpc.halpet.eu\/en\/wp-json\/wp\/v2\/product_tag?post=70099"}],"curies":[{"name":"wp","href":"https:\/\/api.w.org\/{rel}","templated":true}]}}