{"id":70093,"date":"2020-11-03T11:01:26","date_gmt":"2020-11-03T11:01:26","guid":{"rendered":"https:\/\/lpc.halpet.eu\/?post_type=product&#038;p=70093"},"modified":"2025-10-11T13:13:21","modified_gmt":"2025-10-11T11:13:21","slug":"how-to-say-no","status":"publish","type":"product","link":"https:\/\/lpc.halpet.eu\/en\/shop\/how-to-say-no\/","title":{"rendered":"Kako re\u0107i NE"},"content":{"rendered":"<p>Rijetki su oni koji se s lako\u0107om mogu obraniti od nerazumnih zahtjeva, prijedloga i molbi na poslu i u privatnom \u017eivotu. \u017delite li to promijeniti i trebaju vam <strong>konkretni <\/strong>i <strong>u\u010dinkoviti savjeti<\/strong> na ovu temu, na pravom ste mjestu.<\/p>\n<p>Znati <strong>re\u0107i <em>NE<\/em><\/strong> neizostavna je strategija za <strong>uspje\u0161nije upravljanje vremenom <\/strong>i<strong> stresom<\/strong>. Saznat \u0107ete koje korake slijediti, <strong>\u0161to <\/strong>i <strong>kako re\u0107i<\/strong> bez gri\u017enje savjesti ili naru\u0161enih odnosa.<\/p>\n<p>&nbsp;<\/p>\n<p><strong>Osnovne informacije o programu Kako re\u0107i NE*:<\/strong><\/p>\n<p><strong><b><span data-olk-copy-source=\"MessageBody\">Predvi\u0111eno trajanje u\u010denja prema LPC metodi:<\/span><\/b> <\/strong>30 min<br \/>\n<strong>Broj lekcija u programu: <\/strong>1<strong><br \/>\nDostupnost: <\/strong>12 mjeseci<strong><br \/>\nProvjera znanja: <\/strong>da<strong><br \/>\nCertifikat o zavr\u0161enom online programu: <\/strong>da<\/p>\n<p><span data-olk-copy-source=\"MessageBody\">*Sav sadr\u017eaj unutar programa, uklju\u010duju\u0107i tekstove, videomaterijale, i druge resurse<\/span>\u00a0je intelektualno\u00a0vlasni\u0161tvo HalPet d.o.o. Raku\u0161ina 1, 10000 Zagreb i nije dozvoljeno\u00a0<b>kopiranje, dijeljenje ili distribuiranje sadr\u017eaja<\/b>\u00a0ovog programa bez prethodne pismene dozvole HalPeta.<\/p>\n<p>Prakti\u010dna i jednostavna formula\u00a0<a href=\"https:\/\/halpet.hr\/e-ucenje-korporativna-edukacija-danasnjice\/\" target=\"_blank\" rel=\"noopener noreferrer\">LPC<\/a>\u00a0mikro-programa nudi pomno i stru\u010dno dizajniranu dozu znanja, a sadr\u017ei i konkretne upute kako ne\u0161to raditi br\u017ee, bolje i uspje\u0161nije. Ova komprimirana struktura ina\u010de kompleksne poslovne teme osigurava zadovoljstvo u\u010denja, poti\u010de nov na\u010din razmi\u0161ljanja i pokre\u0107e na akciju.<\/p>\n","protected":false},"excerpt":{"rendered":"<p>Rijetki su oni koji se s lako\u0107om mogu obraniti od &hellip;<\/p>\n","protected":false},"featured_media":73677,"comment_status":"open","ping_status":"closed","template":"","meta":{"_acf_changed":false},"product_brand":[],"product_cat":[92,192],"product_tag":[],"class_list":{"0":"post-70093","2":"type-product","3":"status-publish","4":"has-post-thumbnail","6":"product_cat-power-up-tools","7":"product_cat-communication-and-work-relations","8":"product","10":"instock","11":"virtual","12":"sold-individually","13":"taxable","14":"purchasable","15":"product-type-course"},"acf":[],"_links":{"self":[{"href":"https:\/\/lpc.halpet.eu\/en\/wp-json\/wp\/v2\/product\/70093","targetHints":{"allow":["GET"]}}],"collection":[{"href":"https:\/\/lpc.halpet.eu\/en\/wp-json\/wp\/v2\/product"}],"about":[{"href":"https:\/\/lpc.halpet.eu\/en\/wp-json\/wp\/v2\/types\/product"}],"replies":[{"embeddable":true,"href":"https:\/\/lpc.halpet.eu\/en\/wp-json\/wp\/v2\/comments?post=70093"}],"wp:featuredmedia":[{"embeddable":true,"href":"https:\/\/lpc.halpet.eu\/en\/wp-json\/wp\/v2\/media\/73677"}],"wp:attachment":[{"href":"https:\/\/lpc.halpet.eu\/en\/wp-json\/wp\/v2\/media?parent=70093"}],"wp:term":[{"taxonomy":"product_brand","embeddable":true,"href":"https:\/\/lpc.halpet.eu\/en\/wp-json\/wp\/v2\/product_brand?post=70093"},{"taxonomy":"product_cat","embeddable":true,"href":"https:\/\/lpc.halpet.eu\/en\/wp-json\/wp\/v2\/product_cat?post=70093"},{"taxonomy":"product_tag","embeddable":true,"href":"https:\/\/lpc.halpet.eu\/en\/wp-json\/wp\/v2\/product_tag?post=70093"}],"curies":[{"name":"wp","href":"https:\/\/api.w.org\/{rel}","templated":true}]}}