{"id":70088,"date":"2020-11-03T11:05:29","date_gmt":"2020-11-03T11:05:29","guid":{"rendered":"https:\/\/lpc.halpet.eu\/?post_type=product&#038;p=70088"},"modified":"2025-10-11T13:07:21","modified_gmt":"2025-10-11T11:07:21","slug":"how-to-give-bad-news","status":"publish","type":"product","link":"https:\/\/lpc.halpet.eu\/en\/shop\/how-to-give-bad-news\/","title":{"rendered":"Kako komunicirati lo\u0161e vijesti"},"content":{"rendered":"<p><strong>KAKO KOMUNICIRATI LO\u0160E VIJESTI<\/strong><\/p>\n<p>Nije lako biti onaj koji nosi lo\u0161e vijesti &#8211; odbijenicu, neodobravanje kredita ili neprihva\u0107anje reklamacije. Ipak, mnogi od nas se \u010desto nalaze u toj nezahvalnoj poziciji. Znati kako prezentirati neugodne, ne\u017eeljene i neo\u010dekivane informacije je vrijedna vje\u0161tina. Nau\u010dite kako to \u010diniti profesionalno i s du\u017enom empatijom.<\/p>\n<p>&nbsp;<\/p>\n<p><strong>Osnovne informacije o programu Kako komunicirati lo\u0161e vijesti*:<\/strong><\/p>\n<p><strong><b><span data-olk-copy-source=\"MessageBody\">Predvi\u0111eno trajanje u\u010denja prema LPC metodi:<\/span><\/b> <\/strong>40 min<br \/>\n<strong>Broj lekcija u programu: <\/strong>1<strong><br \/>\nDostupnost: <\/strong>12 mjeseci<strong><br \/>\nProvjera znanja: <\/strong>da<strong><br \/>\nCertifikat o zavr\u0161enom online programu: <\/strong>da<\/p>\n<p><span data-olk-copy-source=\"MessageBody\">*Sav sadr\u017eaj unutar programa, uklju\u010duju\u0107i tekstove, videomaterijale, i druge resurse<\/span>\u00a0je intelektualno\u00a0vlasni\u0161tvo HalPet d.o.o. Raku\u0161ina 1, 10000 Zagreb i nije dozvoljeno\u00a0<b>kopiranje, dijeljenje ili distribuiranje sadr\u017eaja<\/b>\u00a0ovog programa bez prethodne pismene dozvole HalPeta.<\/p>\n<p>Prakti\u010dna i jednostavna formula\u00a0<a href=\"https:\/\/halpet.hr\/e-ucenje-korporativna-edukacija-danasnjice\/\" target=\"_blank\" rel=\"noopener noreferrer\">LPC<\/a>\u00a0mikro-programa nudi pomno i stru\u010dno dizajniranu dozu znanja, a sadr\u017ei i konkretne upute kako ne\u0161to raditi br\u017ee, bolje i uspje\u0161nije. Ova komprimirana struktura ina\u010de kompleksne poslovne teme osigurava zadovoljstvo u\u010denja, poti\u010de nov na\u010din razmi\u0161ljanja i pokre\u0107e na akciju.<\/p>\n","protected":false},"excerpt":{"rendered":"<p>KAKO KOMUNICIRATI LO\u0160E VIJESTI Nije lako biti onaj koji nosi &hellip;<\/p>\n","protected":false},"featured_media":90527,"comment_status":"open","ping_status":"closed","template":"","meta":{"_acf_changed":false},"product_brand":[],"product_cat":[192,92],"product_tag":[],"class_list":{"0":"post-70088","2":"type-product","3":"status-publish","4":"has-post-thumbnail","6":"product_cat-communication-and-work-relations","7":"product_cat-power-up-tools","8":"product","10":"instock","11":"virtual","12":"sold-individually","13":"taxable","14":"purchasable","15":"product-type-course"},"acf":[],"yoast_head":"<!-- This site is optimized with the Yoast SEO plugin v27.2 - https:\/\/yoast.com\/product\/yoast-seo-wordpress\/ -->\n<title>LPC<\/title>\n<meta name=\"robots\" content=\"index, follow, max-snippet:-1, max-image-preview:large, max-video-preview:-1\" \/>\n<link rel=\"canonical\" href=\"https:\/\/lpc.halpet.eu\/en\/shop\/how-to-give-bad-news\/\" \/>\n<meta property=\"og:locale\" content=\"en_US\" \/>\n<meta property=\"og:type\" content=\"article\" \/>\n<meta property=\"og:title\" content=\"Kako komunicirati lo\u0161e vijesti - LPC\" \/>\n<meta property=\"og:description\" content=\"KAKO KOMUNICIRATI LO\u0160E VIJESTI Nije lako biti onaj koji nosi &hellip;\" \/>\n<meta property=\"og:url\" content=\"https:\/\/lpc.halpet.eu\/en\/shop\/how-to-give-bad-news\/\" \/>\n<meta property=\"og:site_name\" content=\"LPC\" \/>\n<meta property=\"article:publisher\" content=\"https:\/\/www.facebook.com\/halpethr\/\" \/>\n<meta property=\"article:modified_time\" content=\"2025-10-11T11:07:21+00:00\" \/>\n<meta property=\"og:image\" content=\"https:\/\/lpc.halpet.eu\/wp-content\/uploads\/2020\/11\/halpet_lpc_online_edukacije_ucenje_kako_komunicirat_lose_vijesti.png\" \/>\n\t<meta property=\"og:image:width\" content=\"1200\" \/>\n\t<meta property=\"og:image:height\" content=\"1200\" \/>\n\t<meta property=\"og:image:type\" content=\"image\/png\" \/>\n<meta name=\"twitter:card\" content=\"summary_large_image\" \/>\n<meta name=\"twitter:site\" content=\"@halpet_lpc\" \/>\n<meta name=\"twitter:label1\" content=\"Est. reading time\" \/>\n\t<meta name=\"twitter:data1\" content=\"2 minutes\" \/>\n<script type=\"application\/ld+json\" class=\"yoast-schema-graph\">{\"@context\":\"https:\/\/schema.org\",\"@graph\":[{\"@type\":\"WebPage\",\"@id\":\"https:\/\/lpc.halpet.eu\/en\/shop\/how-to-give-bad-news\/\",\"url\":\"https:\/\/lpc.halpet.eu\/en\/shop\/how-to-give-bad-news\/\",\"name\":\"Kako komunicirati lo\u0161e vijesti - LPC\",\"isPartOf\":{\"@id\":\"https:\/\/lpc.halpet.eu\/en\/#website\"},\"primaryImageOfPage\":{\"@id\":\"https:\/\/lpc.halpet.eu\/en\/shop\/how-to-give-bad-news\/#primaryimage\"},\"image\":{\"@id\":\"https:\/\/lpc.halpet.eu\/en\/shop\/how-to-give-bad-news\/#primaryimage\"},\"thumbnailUrl\":\"https:\/\/lpc.halpet.eu\/wp-content\/uploads\/2020\/11\/halpet_lpc_online_edukacije_ucenje_kako_komunicirat_lose_vijesti.png\",\"datePublished\":\"2020-11-03T11:05:29+00:00\",\"dateModified\":\"2025-10-11T11:07:21+00:00\",\"breadcrumb\":{\"@id\":\"https:\/\/lpc.halpet.eu\/en\/shop\/how-to-give-bad-news\/#breadcrumb\"},\"inLanguage\":\"en-US\",\"potentialAction\":[{\"@type\":\"ReadAction\",\"target\":[\"https:\/\/lpc.halpet.eu\/en\/shop\/how-to-give-bad-news\/\"]}]},{\"@type\":\"ImageObject\",\"inLanguage\":\"en-US\",\"@id\":\"https:\/\/lpc.halpet.eu\/en\/shop\/how-to-give-bad-news\/#primaryimage\",\"url\":\"https:\/\/lpc.halpet.eu\/wp-content\/uploads\/2020\/11\/halpet_lpc_online_edukacije_ucenje_kako_komunicirat_lose_vijesti.png\",\"contentUrl\":\"https:\/\/lpc.halpet.eu\/wp-content\/uploads\/2020\/11\/halpet_lpc_online_edukacije_ucenje_kako_komunicirat_lose_vijesti.png\",\"width\":1200,\"height\":1200},{\"@type\":\"BreadcrumbList\",\"@id\":\"https:\/\/lpc.halpet.eu\/en\/shop\/how-to-give-bad-news\/#breadcrumb\",\"itemListElement\":[{\"@type\":\"ListItem\",\"position\":1,\"name\":\"Home\",\"item\":\"https:\/\/lpc.halpet.eu\/en\/\"},{\"@type\":\"ListItem\",\"position\":2,\"name\":\"LPC shop\",\"item\":\"https:\/\/lpc.halpet.eu\/en\/shop\/\"},{\"@type\":\"ListItem\",\"position\":3,\"name\":\"Kako komunicirati lo\u0161e vijesti\"}]},{\"@type\":\"WebSite\",\"@id\":\"https:\/\/lpc.halpet.eu\/en\/#website\",\"url\":\"https:\/\/lpc.halpet.eu\/en\/\",\"name\":\"LPC\",\"description\":\"A HalPet learning experience\",\"publisher\":{\"@id\":\"https:\/\/lpc.halpet.eu\/en\/#organization\"},\"potentialAction\":[{\"@type\":\"SearchAction\",\"target\":{\"@type\":\"EntryPoint\",\"urlTemplate\":\"https:\/\/lpc.halpet.eu\/en\/?s={search_term_string}\"},\"query-input\":{\"@type\":\"PropertyValueSpecification\",\"valueRequired\":true,\"valueName\":\"search_term_string\"}}],\"inLanguage\":\"en-US\"},{\"@type\":\"Organization\",\"@id\":\"https:\/\/lpc.halpet.eu\/en\/#organization\",\"name\":\"HalPet\",\"url\":\"https:\/\/lpc.halpet.eu\/en\/\",\"logo\":{\"@type\":\"ImageObject\",\"inLanguage\":\"en-US\",\"@id\":\"https:\/\/lpc.halpet.eu\/en\/#\/schema\/logo\/image\/\",\"url\":\"https:\/\/lpc.halpet.eu\/wp-content\/uploads\/2017\/03\/HalPet-LPC-FeaturedImage.png\",\"contentUrl\":\"https:\/\/lpc.halpet.eu\/wp-content\/uploads\/2017\/03\/HalPet-LPC-FeaturedImage.png\",\"width\":600,\"height\":315,\"caption\":\"HalPet\"},\"image\":{\"@id\":\"https:\/\/lpc.halpet.eu\/en\/#\/schema\/logo\/image\/\"},\"sameAs\":[\"https:\/\/www.facebook.com\/halpethr\/\",\"https:\/\/x.com\/halpet_lpc\",\"https:\/\/www.instagram.com\/halpet_lpc\/\",\"https:\/\/www.linkedin.com\/company\/halpet-d-o-o-\",\"https:\/\/www.youtube.com\/channel\/UCFhJV04vPGpLrgA-FovnPDg\"]}]}<\/script>\n<!-- \/ Yoast SEO plugin. -->","yoast_head_json":{"title":"LPC","robots":{"index":"index","follow":"follow","max-snippet":"max-snippet:-1","max-image-preview":"max-image-preview:large","max-video-preview":"max-video-preview:-1"},"canonical":"https:\/\/lpc.halpet.eu\/en\/shop\/how-to-give-bad-news\/","og_locale":"en_US","og_type":"article","og_title":"Kako komunicirati lo\u0161e vijesti - LPC","og_description":"KAKO KOMUNICIRATI LO\u0160E VIJESTI Nije lako biti onaj koji nosi &hellip;","og_url":"https:\/\/lpc.halpet.eu\/en\/shop\/how-to-give-bad-news\/","og_site_name":"LPC","article_publisher":"https:\/\/www.facebook.com\/halpethr\/","article_modified_time":"2025-10-11T11:07:21+00:00","og_image":[{"width":1200,"height":1200,"url":"https:\/\/lpc.halpet.eu\/wp-content\/uploads\/2020\/11\/halpet_lpc_online_edukacije_ucenje_kako_komunicirat_lose_vijesti.png","type":"image\/png"}],"twitter_card":"summary_large_image","twitter_site":"@halpet_lpc","twitter_misc":{"Est. reading time":"2 minutes"},"schema":{"@context":"https:\/\/schema.org","@graph":[{"@type":"WebPage","@id":"https:\/\/lpc.halpet.eu\/en\/shop\/how-to-give-bad-news\/","url":"https:\/\/lpc.halpet.eu\/en\/shop\/how-to-give-bad-news\/","name":"Kako komunicirati lo\u0161e vijesti - LPC","isPartOf":{"@id":"https:\/\/lpc.halpet.eu\/en\/#website"},"primaryImageOfPage":{"@id":"https:\/\/lpc.halpet.eu\/en\/shop\/how-to-give-bad-news\/#primaryimage"},"image":{"@id":"https:\/\/lpc.halpet.eu\/en\/shop\/how-to-give-bad-news\/#primaryimage"},"thumbnailUrl":"https:\/\/lpc.halpet.eu\/wp-content\/uploads\/2020\/11\/halpet_lpc_online_edukacije_ucenje_kako_komunicirat_lose_vijesti.png","datePublished":"2020-11-03T11:05:29+00:00","dateModified":"2025-10-11T11:07:21+00:00","breadcrumb":{"@id":"https:\/\/lpc.halpet.eu\/en\/shop\/how-to-give-bad-news\/#breadcrumb"},"inLanguage":"en-US","potentialAction":[{"@type":"ReadAction","target":["https:\/\/lpc.halpet.eu\/en\/shop\/how-to-give-bad-news\/"]}]},{"@type":"ImageObject","inLanguage":"en-US","@id":"https:\/\/lpc.halpet.eu\/en\/shop\/how-to-give-bad-news\/#primaryimage","url":"https:\/\/lpc.halpet.eu\/wp-content\/uploads\/2020\/11\/halpet_lpc_online_edukacije_ucenje_kako_komunicirat_lose_vijesti.png","contentUrl":"https:\/\/lpc.halpet.eu\/wp-content\/uploads\/2020\/11\/halpet_lpc_online_edukacije_ucenje_kako_komunicirat_lose_vijesti.png","width":1200,"height":1200},{"@type":"BreadcrumbList","@id":"https:\/\/lpc.halpet.eu\/en\/shop\/how-to-give-bad-news\/#breadcrumb","itemListElement":[{"@type":"ListItem","position":1,"name":"Home","item":"https:\/\/lpc.halpet.eu\/en\/"},{"@type":"ListItem","position":2,"name":"LPC shop","item":"https:\/\/lpc.halpet.eu\/en\/shop\/"},{"@type":"ListItem","position":3,"name":"Kako komunicirati lo\u0161e vijesti"}]},{"@type":"WebSite","@id":"https:\/\/lpc.halpet.eu\/en\/#website","url":"https:\/\/lpc.halpet.eu\/en\/","name":"LPC","description":"A HalPet learning experience","publisher":{"@id":"https:\/\/lpc.halpet.eu\/en\/#organization"},"potentialAction":[{"@type":"SearchAction","target":{"@type":"EntryPoint","urlTemplate":"https:\/\/lpc.halpet.eu\/en\/?s={search_term_string}"},"query-input":{"@type":"PropertyValueSpecification","valueRequired":true,"valueName":"search_term_string"}}],"inLanguage":"en-US"},{"@type":"Organization","@id":"https:\/\/lpc.halpet.eu\/en\/#organization","name":"HalPet","url":"https:\/\/lpc.halpet.eu\/en\/","logo":{"@type":"ImageObject","inLanguage":"en-US","@id":"https:\/\/lpc.halpet.eu\/en\/#\/schema\/logo\/image\/","url":"https:\/\/lpc.halpet.eu\/wp-content\/uploads\/2017\/03\/HalPet-LPC-FeaturedImage.png","contentUrl":"https:\/\/lpc.halpet.eu\/wp-content\/uploads\/2017\/03\/HalPet-LPC-FeaturedImage.png","width":600,"height":315,"caption":"HalPet"},"image":{"@id":"https:\/\/lpc.halpet.eu\/en\/#\/schema\/logo\/image\/"},"sameAs":["https:\/\/www.facebook.com\/halpethr\/","https:\/\/x.com\/halpet_lpc","https:\/\/www.instagram.com\/halpet_lpc\/","https:\/\/www.linkedin.com\/company\/halpet-d-o-o-","https:\/\/www.youtube.com\/channel\/UCFhJV04vPGpLrgA-FovnPDg"]}]}},"_links":{"self":[{"href":"https:\/\/lpc.halpet.eu\/en\/wp-json\/wp\/v2\/product\/70088","targetHints":{"allow":["GET"]}}],"collection":[{"href":"https:\/\/lpc.halpet.eu\/en\/wp-json\/wp\/v2\/product"}],"about":[{"href":"https:\/\/lpc.halpet.eu\/en\/wp-json\/wp\/v2\/types\/product"}],"replies":[{"embeddable":true,"href":"https:\/\/lpc.halpet.eu\/en\/wp-json\/wp\/v2\/comments?post=70088"}],"wp:featuredmedia":[{"embeddable":true,"href":"https:\/\/lpc.halpet.eu\/en\/wp-json\/wp\/v2\/media\/90527"}],"wp:attachment":[{"href":"https:\/\/lpc.halpet.eu\/en\/wp-json\/wp\/v2\/media?parent=70088"}],"wp:term":[{"taxonomy":"product_brand","embeddable":true,"href":"https:\/\/lpc.halpet.eu\/en\/wp-json\/wp\/v2\/product_brand?post=70088"},{"taxonomy":"product_cat","embeddable":true,"href":"https:\/\/lpc.halpet.eu\/en\/wp-json\/wp\/v2\/product_cat?post=70088"},{"taxonomy":"product_tag","embeddable":true,"href":"https:\/\/lpc.halpet.eu\/en\/wp-json\/wp\/v2\/product_tag?post=70088"}],"curies":[{"name":"wp","href":"https:\/\/api.w.org\/{rel}","templated":true}]}}