{"id":70072,"date":"2020-11-04T14:54:28","date_gmt":"2020-11-04T14:54:28","guid":{"rendered":"https:\/\/lpc.halpet.eu\/?post_type=product&#038;p=70072"},"modified":"2025-10-11T10:54:13","modified_gmt":"2025-10-11T08:54:13","slug":"all-in-one-coaching-za-menadzere","status":"publish","type":"product","link":"https:\/\/lpc.halpet.eu\/en\/shop\/all-in-one-coaching-za-menadzere\/","title":{"rendered":"All-in-one coaching za menad\u017eere"},"content":{"rendered":"<h4><strong>ALL-IN-ONE COACHING ZA MENAD\u017dERE\u00a0 <span style=\"color: #ffffff;\">All-in-one coaching za menad\u017eere<\/span><\/strong><\/h4>\n<p>Coaching je nezaobilazna vje\u0161tina svakog voditelja, menad\u017eera i direktora. Predstavlja dragocjen\u00a0<strong>alat za razvoj timova i pojedinaca. <span style=\"color: #ffffff;\">All-in-one coaching za menad\u017eere<\/span><\/strong><\/p>\n<p>Vje\u0161tinu coachinga je mogu\u0107e upoznavati i studirati mjesecima ili \u010dak godinama. Ipak, budu\u0107i da ste ve\u0107 u ulozi vodstva, \u00a0vjerujemo da vam je vrijeme od krucijalne va\u017enosti i da su vam ova znanja potrebna odmah. Iz tog smo razloga posegnuli za na\u0161im ogromnim iskustvom iz podru\u010dja vodstva i coachinga i pripremili vam cjelovit, prakti\u010dan, pragmati\u010dan i vremenski nezahtjevan <strong>paket znanja<\/strong>.<\/p>\n<p><strong>All-in-one koncept<\/strong>, sve na jednom mjestu, sublimira <strong>klju\u010dna znanja iz podru\u010dja coachinga<\/strong> i na\u0161e kategorije <strong><a href=\"https:\/\/lpc.halpet.eu\/trgovina\/?selected_product_categories%5B%5D=197&amp;s=&amp;orderby=relevance&amp;filter=true\">Vodstvo i tim<\/a>. <\/strong>U samo sat vremena u\u010denja, ili manje, saznat \u0107ete kako biti uspje\u0161an coach. Uz to, pripremili smo vam i download dokument <strong>Memento \u2013 Coaching za menad\u017eere <\/strong>koji \u0107e vam biti trajni saveznik i podsjetnik u primjeni coaching alata.<\/p>\n<p><img loading=\"lazy\" decoding=\"async\" class=\"alignnone size-full wp-image-100963\" src=\"https:\/\/lpc.halpet.eu\/wp-content\/uploads\/2020\/11\/halpet_lpc_online_edukacije_ucenje_all_in_one_coaching.gif\" alt=\"\" width=\"1920\" height=\"1080\" \/><\/p>\n<p><strong>\u00a0<\/strong><strong>Osnovne informacije o programu All-in-one coaching za menad\u017eere*:<\/strong><\/p>\n<p><strong><b><span data-olk-copy-source=\"MessageBody\">Predvi\u0111eno trajanje u\u010denja prema LPC metodi:<\/span><\/b> <\/strong>60 min<br \/>\n<strong>Broj lekcija u programu: <\/strong>1<strong><br \/>\nDostupnost: <\/strong>12 mjeseci<strong><br \/>\nProvjera znanja: <\/strong>da<strong><br \/>\nCertifikat o zavr\u0161enom online programu: <\/strong>da<\/p>\n<p><span data-olk-copy-source=\"MessageBody\">*Sav sadr\u017eaj unutar programa, uklju\u010duju\u0107i tekstove, videomaterijale, i druge resurse<\/span>\u00a0je intelektualno\u00a0vlasni\u0161tvo HalPet d.o.o. Raku\u0161ina 1, 10000 Zagreb i nije dozvoljeno\u00a0<b>kopiranje, dijeljenje ili distribuiranje sadr\u017eaja<\/b>\u00a0ovog programa bez prethodne pismene dozvole HalPeta.<\/p>\n<p>Prakti\u010dna i jednostavna formula\u00a0<a href=\"https:\/\/halpet.hr\/e-ucenje-korporativna-edukacija-danasnjice\/\" target=\"_blank\" rel=\"noopener noreferrer\">LPC<\/a>\u00a0mikro-programa nudi pomno i stru\u010dno dizajniranu dozu znanja, a sadr\u017ei i konkretne upute kako ne\u0161to raditi br\u017ee, bolje i uspje\u0161nije. Ova komprimirana struktura ina\u010de kompleksne poslovne teme osigurava zadovoljstvo u\u010denja, poti\u010de nov na\u010din razmi\u0161ljanja i pokre\u0107e na akciju.<\/p>\n","protected":false},"excerpt":{"rendered":"<p>ALL-IN-ONE COACHING ZA MENAD\u017dERE\u00a0 All-in-one coaching za menad\u017eere Coaching je &hellip;<\/p>\n","protected":false},"featured_media":73571,"comment_status":"open","ping_status":"closed","template":"","meta":{"_acf_changed":false},"product_brand":[],"product_cat":[196],"product_tag":[],"class_list":{"0":"post-70072","2":"type-product","3":"status-publish","4":"has-post-thumbnail","6":"product_cat-leadership-and-teamwork","7":"product","9":"instock","10":"virtual","11":"sold-individually","12":"taxable","13":"purchasable","14":"product-type-course"},"acf":[],"_links":{"self":[{"href":"https:\/\/lpc.halpet.eu\/en\/wp-json\/wp\/v2\/product\/70072","targetHints":{"allow":["GET"]}}],"collection":[{"href":"https:\/\/lpc.halpet.eu\/en\/wp-json\/wp\/v2\/product"}],"about":[{"href":"https:\/\/lpc.halpet.eu\/en\/wp-json\/wp\/v2\/types\/product"}],"replies":[{"embeddable":true,"href":"https:\/\/lpc.halpet.eu\/en\/wp-json\/wp\/v2\/comments?post=70072"}],"wp:featuredmedia":[{"embeddable":true,"href":"https:\/\/lpc.halpet.eu\/en\/wp-json\/wp\/v2\/media\/73571"}],"wp:attachment":[{"href":"https:\/\/lpc.halpet.eu\/en\/wp-json\/wp\/v2\/media?parent=70072"}],"wp:term":[{"taxonomy":"product_brand","embeddable":true,"href":"https:\/\/lpc.halpet.eu\/en\/wp-json\/wp\/v2\/product_brand?post=70072"},{"taxonomy":"product_cat","embeddable":true,"href":"https:\/\/lpc.halpet.eu\/en\/wp-json\/wp\/v2\/product_cat?post=70072"},{"taxonomy":"product_tag","embeddable":true,"href":"https:\/\/lpc.halpet.eu\/en\/wp-json\/wp\/v2\/product_tag?post=70072"}],"curies":[{"name":"wp","href":"https:\/\/api.w.org\/{rel}","templated":true}]}}