{"id":70057,"date":"2020-11-04T14:28:04","date_gmt":"2020-11-04T14:28:04","guid":{"rendered":"https:\/\/lpc.halpet.eu\/?post_type=product&#038;p=70057"},"modified":"2025-10-11T09:04:33","modified_gmt":"2025-10-11T07:04:33","slug":"6-colors-for-parallel-thinking","status":"publish","type":"product","link":"https:\/\/lpc.halpet.eu\/en\/shop\/6-colors-for-parallel-thinking\/","title":{"rendered":"6 boja za paralelno razmi\u0161ljanje"},"content":{"rendered":"<div class=\"ewa-rteLine\">\n<div class=\"ewa-rteLine\">\n<div class=\"ewa-rteLine\">\n<div class=\"ewa-rteLine\">\n<p><strong>6 boja za paralelno razmi\u0161ljanje<\/strong><\/p>\n<p><img loading=\"lazy\" decoding=\"async\" class=\"alignnone size-full wp-image-100955\" src=\"https:\/\/lpc.halpet.eu\/wp-content\/uploads\/2020\/11\/halpet_lpc_online_edukacije_ucenje_6_boja_za_paralelno_razmisljanje.gif\" alt=\"\" width=\"1920\" height=\"1080\" \/><\/p>\n<p>Jeste li svjesni na koji na\u010din <strong>naj\u010de\u0161\u0107e razmi\u0161ljate<\/strong>, <strong>donosite odluke ili rje\u0161avate probleme<\/strong>? Nau\u010dite kako pomo\u0107u jasno strukturiraih i u\u010dinkovitih tehnika paralelnog razmi\u0161ljanja isko\u010diti iz svog obrasca i<strong> maksimalno iskoristiti razli\u010dite na\u010dine razmi\u0161ljanja<\/strong>. Ova jedinstvena metoda koristi<strong> \u0161est razli\u010ditih boja, svaka simbolizira specifi\u010dan aspekt razmi\u0161ljanja.<\/strong><\/p>\n<p>Paralelno razmi\u0161ljanje predstavlja tehniku koja vam omogu\u0107ava da strukturirate svoje misli, donosite bolje odluke i rje\u0161avate probleme na kreativan i efikasan na\u010din.<\/p>\n<p>Program nije samo namijenjen pojedincima, ve\u0107 i timovima. Nau\u010dite kako iskoristiti snagu raznolikosti razmi\u0161ljanja unutar tima, posti\u017eu\u0107i<strong> sinergiju i efikasnost u radu<\/strong>.<\/p>\n<p>&#8220;6 boja za paralelno razmi\u0161ljanje&#8221;sastoji se od jedne lekcije koja vam omogu\u0107uje pristup visokokvalitetnom sadr\u017eaju tijekom 12 mjeseci od dana kupnje u LPC sustavu . Lekcija sad\u017ei mini provjeru znanja kako biste osigurali potpuno razumijevanje klju\u010dnih koraka. Po uspje\u0161nom zavr\u0161etku programa, bit \u0107ete <strong>nagra\u0111eni certifikatom koji potvr\u0111uje va\u0161e novo ste\u010deno znanje.<\/strong><\/p>\n<p>Uz &#8220;<strong>6 boja za paralelno razmi\u0161ljanje<\/strong>&#8221; iz LPC kategorije <a href=\"https:\/\/lpc.halpet.eu\/trgovina\/?selected_product_categories%5B%5D=93&amp;s=&amp;orderby=relevance&amp;filter=true\">Alati br\u017ee-lak\u0161e-bolje<\/a>, otvorite vrata transformacije svojeg razmi\u0161ljanja i osigurajte konkurentske prednosti na putu do uspjeha.<\/p>\n<p><strong>Osnovne informacije o programu 6 boja za paralelno razmi\u0161ljanje*:<\/strong><\/p>\n<p><strong><b><span data-olk-copy-source=\"MessageBody\">Predvi\u0111eno trajanje u\u010denja prema LPC metodi:<\/span><\/b> <\/strong>60 min<br \/>\n<strong>Broj lekcija u programu: <\/strong>1<strong><br \/>\nDostupnost: <\/strong>12 mjeseci<strong><br \/>\nProvjera znanja: <\/strong>da<strong><br \/>\nCertifikat o zavr\u0161enom online programu: <\/strong>da<\/p>\n<p><span data-olk-copy-source=\"MessageBody\">*Sav sadr\u017eaj unutar programa, uklju\u010duju\u0107i tekstove, videomaterijale, i druge resurse<\/span>\u00a0je intelektualno\u00a0vlasni\u0161tvo HalPet d.o.o. Raku\u0161ina 1, 10000 Zagreb i nije dozvoljeno\u00a0<b>kopiranje, dijeljenje ili distribuiranje sadr\u017eaja<\/b>\u00a0ovog programa bez prethodne pismene dozvole HalPeta.<\/p>\n<p>Prakti\u010dna i jednostavna formula LPC mikro-programa nudi pomno i stru\u010dno dizajniranu dozu znanja, a sadr\u017ei i konkretne upute kako ne\u0161to raditi br\u017ee, bolje i uspje\u0161nije. Ova komprimirana struktura ina\u010de kompleksne poslovne teme osigurava zadovoljstvo u\u010denja, poti\u010de nov na\u010din razmi\u0161ljanja i pokre\u0107e na akciju.<\/p>\n<\/div>\n<\/div>\n<\/div>\n<\/div>\n","protected":false},"excerpt":{"rendered":"<p>6 boja za paralelno razmi\u0161ljanje Jeste li svjesni na koji &hellip;<\/p>\n","protected":false},"featured_media":89073,"comment_status":"open","ping_status":"closed","template":"","meta":{"_acf_changed":false},"product_brand":[],"product_cat":[196,92],"product_tag":[],"class_list":{"0":"post-70057","2":"type-product","3":"status-publish","4":"has-post-thumbnail","6":"product_cat-leadership-and-teamwork","7":"product_cat-power-up-tools","8":"product","10":"instock","11":"virtual","12":"sold-individually","13":"taxable","14":"purchasable","15":"product-type-course"},"acf":[],"_links":{"self":[{"href":"https:\/\/lpc.halpet.eu\/en\/wp-json\/wp\/v2\/product\/70057","targetHints":{"allow":["GET"]}}],"collection":[{"href":"https:\/\/lpc.halpet.eu\/en\/wp-json\/wp\/v2\/product"}],"about":[{"href":"https:\/\/lpc.halpet.eu\/en\/wp-json\/wp\/v2\/types\/product"}],"replies":[{"embeddable":true,"href":"https:\/\/lpc.halpet.eu\/en\/wp-json\/wp\/v2\/comments?post=70057"}],"wp:featuredmedia":[{"embeddable":true,"href":"https:\/\/lpc.halpet.eu\/en\/wp-json\/wp\/v2\/media\/89073"}],"wp:attachment":[{"href":"https:\/\/lpc.halpet.eu\/en\/wp-json\/wp\/v2\/media?parent=70057"}],"wp:term":[{"taxonomy":"product_brand","embeddable":true,"href":"https:\/\/lpc.halpet.eu\/en\/wp-json\/wp\/v2\/product_brand?post=70057"},{"taxonomy":"product_cat","embeddable":true,"href":"https:\/\/lpc.halpet.eu\/en\/wp-json\/wp\/v2\/product_cat?post=70057"},{"taxonomy":"product_tag","embeddable":true,"href":"https:\/\/lpc.halpet.eu\/en\/wp-json\/wp\/v2\/product_tag?post=70057"}],"curies":[{"name":"wp","href":"https:\/\/api.w.org\/{rel}","templated":true}]}}