{"id":70052,"date":"2020-11-03T11:20:12","date_gmt":"2020-11-03T11:20:12","guid":{"rendered":"https:\/\/lpc.halpet.eu\/?post_type=product&#038;p=70052"},"modified":"2025-10-11T09:01:09","modified_gmt":"2025-10-11T07:01:09","slug":"managing-stress","status":"publish","type":"product","link":"https:\/\/lpc.halpet.eu\/en\/shop\/managing-stress\/","title":{"rendered":"10 strategija za upravljanje stresom"},"content":{"rendered":"<p><strong>10 strategija za upravljanje stresom<\/strong> je online program unutar LPC sustava, prilago\u0111en va\u0161im potrebama za u\u010dinkovitim suo\u010davanjem sa stresom u modernom \u017eivotu. Bez obzira na trenutnu razinu stresa kojoj ste izlo\u017eeni, ovaj program nudi 10 provjereno u\u010dinkovitih strategija koje \u0107e vam pomo\u0107i da <strong>razvijete vje\u0161tine upravljanja stresom<\/strong> i <strong>postignete optimalnu dobrobit<\/strong>.<\/p>\n<p><img loading=\"lazy\" decoding=\"async\" class=\"alignnone size-full wp-image-100669\" src=\"https:\/\/lpc.halpet.eu\/wp-content\/uploads\/2020\/11\/halpet_lpc_online_edukacije_ucenje_10_strategija_stres.gif\" alt=\"\" width=\"1920\" height=\"1080\" \/><\/p>\n<p><strong>Osnovne informacije o programu 10 strategija za upravljanje stresom*:<\/strong><\/p>\n<p><strong><b><span data-olk-copy-source=\"MessageBody\">Predvi\u0111eno trajanje u\u010denja prema LPC metodi: <\/span><\/b><\/strong>30 min<br \/>\n<strong>Broj lekcija u programu: <\/strong>1<strong><br \/>\nDostupnost: <\/strong>12 mjeseci<strong><br \/>\nProvjera znanja: <\/strong>da<strong><br \/>\nCertifikat o zavr\u0161enom online programu: <\/strong>da<\/p>\n<p><span data-olk-copy-source=\"MessageBody\">*Sav sadr\u017eaj unutar programa, uklju\u010duju\u0107i tekstove, videomaterijale, i druge resurse<\/span>\u00a0je intelektualno\u00a0vlasni\u0161tvo HalPet d.o.o. Raku\u0161ina 1, 10000 Zagreb i nije dozvoljeno\u00a0<b>kopiranje, dijeljenje ili distribuiranje sadr\u017eaja<\/b>\u00a0ovog programa bez prethodne pismene dozvole HalPeta.<\/p>\n<p>Sastavljen je od jedne lekcije koja pru\u017ea <strong>prakti\u010dne alate<\/strong> potrebne za suo\u010davanje sa stresom. Dostupan je tijekom 12 mjeseci od datuma kupnje, pru\u017eaju\u0107i vam dovoljno vremena za <strong>integraciju ovih strategija u svakodnevni \u017eivot<\/strong>.<\/p>\n<p>Ovaj je mikro program dizajniran prema prakti\u010dnoj i jednostavnoj<a href=\"https:\/\/lpc.halpet.eu\/marketing-page\/lpc-znacajke\/\"> LPC<\/a> formuli koja omogu\u0107uje brzo usvajanje klju\u010dnih koncepata. Sadr\u017ei stru\u010dno oblikovano znanje, prilago\u0111eno va\u0161im potrebama, uz konkretne smjernice kako posti\u0107i bolje rezultate u br\u017eem vremenskom periodu. Njegova komprimirana struktura osigurava da \u010dak i kompleksne poslovne teme postanu pristupa\u010dne i razumljive, pru\u017eaju\u0107i ne samo edukaciju ve\u0107 i poticanje na promi\u0161ljanje i akciju.<\/p>\n<p>Kroz provjeru znanja na kraju lekcije, imate priliku potvrditi da ste u potpunosti usvojili znanje. Tako\u0111er, s uspje\u0161nim zavr\u0161etkom programa, dobit \u0107ete <strong>certifikat<\/strong> koji potvr\u0111uje va\u0161e novo ste\u010dene vje\u0161tine upravljanja stresom.<\/p>\n<p>Ova inovativna online edukacija ne samo da vam pru\u017ea <strong>alate za trenutno upravljanje stresom<\/strong>, ve\u0107 poti\u010de na <strong>dugoro\u010dno razvijanje ove va\u017ene \u017eivotne vje\u0161tine<\/strong>. Bez obzira na okolnosti, o\u010dekujte da \u0107ete postati opu\u0161teniji, zadovoljniji i produktivniji nakon primjene ovih strategija. Investirajte u sebe i svoje blagostanje s <strong>10 strategija za upravljanje stresom <\/strong>unutar LPC sustava. Put prema boljem \u017eivotu po\u010dinje ovdje.<\/p>\n","protected":false},"excerpt":{"rendered":"<p>10 strategija za upravljanje stresom je online program unutar LPC &hellip;<\/p>\n","protected":false},"featured_media":89081,"comment_status":"open","ping_status":"closed","template":"","meta":{"_acf_changed":false},"product_brand":[],"product_cat":[92,94],"product_tag":[],"class_list":{"0":"post-70052","2":"type-product","3":"status-publish","4":"has-post-thumbnail","6":"product_cat-power-up-tools","7":"product_cat-wellbeing-and-resilience","8":"product","10":"instock","11":"virtual","12":"sold-individually","13":"taxable","14":"purchasable","15":"product-type-course"},"acf":[],"yoast_head":"<!-- This site is optimized with the Yoast SEO plugin v27.2 - https:\/\/yoast.com\/product\/yoast-seo-wordpress\/ -->\n<title>LPC<\/title>\n<meta name=\"description\" content=\"Nitko od nas nije otporan na stres. Iz toga vam razloga nudimo 10 strategija za upravljanje stresom koje imaju za cilj promijeniti va\u0161 \u017eivot.\" \/>\n<meta name=\"robots\" content=\"index, follow, max-snippet:-1, max-image-preview:large, max-video-preview:-1\" \/>\n<link rel=\"canonical\" href=\"https:\/\/lpc.halpet.eu\/en\/shop\/managing-stress\/\" \/>\n<meta property=\"og:locale\" content=\"en_US\" \/>\n<meta property=\"og:type\" content=\"article\" \/>\n<meta property=\"og:title\" content=\"10 strategija za upravljanje stresom - LPC\" \/>\n<meta property=\"og:description\" content=\"Nitko od nas nije otporan na stres. Iz toga vam razloga nudimo 10 strategija za upravljanje stresom koje imaju za cilj promijeniti va\u0161 \u017eivot.\" \/>\n<meta property=\"og:url\" content=\"https:\/\/lpc.halpet.eu\/en\/shop\/managing-stress\/\" \/>\n<meta property=\"og:site_name\" content=\"LPC\" \/>\n<meta property=\"article:publisher\" content=\"https:\/\/www.facebook.com\/halpethr\/\" \/>\n<meta property=\"article:modified_time\" content=\"2025-10-11T07:01:09+00:00\" \/>\n<meta property=\"og:image\" content=\"https:\/\/lpc.halpet.eu\/wp-content\/uploads\/2020\/09\/halpet_lpc_online_edukacije_ucenje_10_strategija_za_upravljanje_stresom.png\" \/>\n\t<meta property=\"og:image:width\" content=\"1080\" \/>\n\t<meta property=\"og:image:height\" content=\"1080\" \/>\n\t<meta property=\"og:image:type\" content=\"image\/png\" \/>\n<meta name=\"twitter:card\" content=\"summary_large_image\" \/>\n<meta name=\"twitter:site\" content=\"@halpet_lpc\" \/>\n<meta name=\"twitter:label1\" content=\"Est. reading time\" \/>\n\t<meta name=\"twitter:data1\" content=\"3 minutes\" \/>\n<script type=\"application\/ld+json\" class=\"yoast-schema-graph\">{\"@context\":\"https:\/\/schema.org\",\"@graph\":[{\"@type\":\"WebPage\",\"@id\":\"https:\/\/lpc.halpet.eu\/en\/shop\/managing-stress\/\",\"url\":\"https:\/\/lpc.halpet.eu\/en\/shop\/managing-stress\/\",\"name\":\"10 strategija za upravljanje stresom - LPC\",\"isPartOf\":{\"@id\":\"https:\/\/lpc.halpet.eu\/en\/#website\"},\"primaryImageOfPage\":{\"@id\":\"https:\/\/lpc.halpet.eu\/en\/shop\/managing-stress\/#primaryimage\"},\"image\":{\"@id\":\"https:\/\/lpc.halpet.eu\/en\/shop\/managing-stress\/#primaryimage\"},\"thumbnailUrl\":\"https:\/\/lpc.halpet.eu\/wp-content\/uploads\/2020\/09\/halpet_lpc_online_edukacije_ucenje_10_strategija_za_upravljanje_stresom.png\",\"datePublished\":\"2020-11-03T11:20:12+00:00\",\"dateModified\":\"2025-10-11T07:01:09+00:00\",\"description\":\"Nitko od nas nije otporan na stres. Iz toga vam razloga nudimo 10 strategija za upravljanje stresom koje imaju za cilj promijeniti va\u0161 \u017eivot.\",\"breadcrumb\":{\"@id\":\"https:\/\/lpc.halpet.eu\/en\/shop\/managing-stress\/#breadcrumb\"},\"inLanguage\":\"en-US\",\"potentialAction\":[{\"@type\":\"ReadAction\",\"target\":[\"https:\/\/lpc.halpet.eu\/en\/shop\/managing-stress\/\"]}]},{\"@type\":\"ImageObject\",\"inLanguage\":\"en-US\",\"@id\":\"https:\/\/lpc.halpet.eu\/en\/shop\/managing-stress\/#primaryimage\",\"url\":\"https:\/\/lpc.halpet.eu\/wp-content\/uploads\/2020\/09\/halpet_lpc_online_edukacije_ucenje_10_strategija_za_upravljanje_stresom.png\",\"contentUrl\":\"https:\/\/lpc.halpet.eu\/wp-content\/uploads\/2020\/09\/halpet_lpc_online_edukacije_ucenje_10_strategija_za_upravljanje_stresom.png\",\"width\":1080,\"height\":1080},{\"@type\":\"BreadcrumbList\",\"@id\":\"https:\/\/lpc.halpet.eu\/en\/shop\/managing-stress\/#breadcrumb\",\"itemListElement\":[{\"@type\":\"ListItem\",\"position\":1,\"name\":\"Home\",\"item\":\"https:\/\/lpc.halpet.eu\/en\/\"},{\"@type\":\"ListItem\",\"position\":2,\"name\":\"LPC shop\",\"item\":\"https:\/\/lpc.halpet.eu\/en\/shop\/\"},{\"@type\":\"ListItem\",\"position\":3,\"name\":\"10 strategija za upravljanje stresom\"}]},{\"@type\":\"WebSite\",\"@id\":\"https:\/\/lpc.halpet.eu\/en\/#website\",\"url\":\"https:\/\/lpc.halpet.eu\/en\/\",\"name\":\"LPC\",\"description\":\"A HalPet learning experience\",\"publisher\":{\"@id\":\"https:\/\/lpc.halpet.eu\/en\/#organization\"},\"potentialAction\":[{\"@type\":\"SearchAction\",\"target\":{\"@type\":\"EntryPoint\",\"urlTemplate\":\"https:\/\/lpc.halpet.eu\/en\/?s={search_term_string}\"},\"query-input\":{\"@type\":\"PropertyValueSpecification\",\"valueRequired\":true,\"valueName\":\"search_term_string\"}}],\"inLanguage\":\"en-US\"},{\"@type\":\"Organization\",\"@id\":\"https:\/\/lpc.halpet.eu\/en\/#organization\",\"name\":\"HalPet\",\"url\":\"https:\/\/lpc.halpet.eu\/en\/\",\"logo\":{\"@type\":\"ImageObject\",\"inLanguage\":\"en-US\",\"@id\":\"https:\/\/lpc.halpet.eu\/en\/#\/schema\/logo\/image\/\",\"url\":\"https:\/\/lpc.halpet.eu\/wp-content\/uploads\/2017\/03\/HalPet-LPC-FeaturedImage.png\",\"contentUrl\":\"https:\/\/lpc.halpet.eu\/wp-content\/uploads\/2017\/03\/HalPet-LPC-FeaturedImage.png\",\"width\":600,\"height\":315,\"caption\":\"HalPet\"},\"image\":{\"@id\":\"https:\/\/lpc.halpet.eu\/en\/#\/schema\/logo\/image\/\"},\"sameAs\":[\"https:\/\/www.facebook.com\/halpethr\/\",\"https:\/\/x.com\/halpet_lpc\",\"https:\/\/www.instagram.com\/halpet_lpc\/\",\"https:\/\/www.linkedin.com\/company\/halpet-d-o-o-\",\"https:\/\/www.youtube.com\/channel\/UCFhJV04vPGpLrgA-FovnPDg\"]}]}<\/script>\n<!-- \/ Yoast SEO plugin. -->","yoast_head_json":{"title":"LPC","description":"Nitko od nas nije otporan na stres. Iz toga vam razloga nudimo 10 strategija za upravljanje stresom koje imaju za cilj promijeniti va\u0161 \u017eivot.","robots":{"index":"index","follow":"follow","max-snippet":"max-snippet:-1","max-image-preview":"max-image-preview:large","max-video-preview":"max-video-preview:-1"},"canonical":"https:\/\/lpc.halpet.eu\/en\/shop\/managing-stress\/","og_locale":"en_US","og_type":"article","og_title":"10 strategija za upravljanje stresom - LPC","og_description":"Nitko od nas nije otporan na stres. Iz toga vam razloga nudimo 10 strategija za upravljanje stresom koje imaju za cilj promijeniti va\u0161 \u017eivot.","og_url":"https:\/\/lpc.halpet.eu\/en\/shop\/managing-stress\/","og_site_name":"LPC","article_publisher":"https:\/\/www.facebook.com\/halpethr\/","article_modified_time":"2025-10-11T07:01:09+00:00","og_image":[{"width":1080,"height":1080,"url":"https:\/\/lpc.halpet.eu\/wp-content\/uploads\/2020\/09\/halpet_lpc_online_edukacije_ucenje_10_strategija_za_upravljanje_stresom.png","type":"image\/png"}],"twitter_card":"summary_large_image","twitter_site":"@halpet_lpc","twitter_misc":{"Est. reading time":"3 minutes"},"schema":{"@context":"https:\/\/schema.org","@graph":[{"@type":"WebPage","@id":"https:\/\/lpc.halpet.eu\/en\/shop\/managing-stress\/","url":"https:\/\/lpc.halpet.eu\/en\/shop\/managing-stress\/","name":"10 strategija za upravljanje stresom - LPC","isPartOf":{"@id":"https:\/\/lpc.halpet.eu\/en\/#website"},"primaryImageOfPage":{"@id":"https:\/\/lpc.halpet.eu\/en\/shop\/managing-stress\/#primaryimage"},"image":{"@id":"https:\/\/lpc.halpet.eu\/en\/shop\/managing-stress\/#primaryimage"},"thumbnailUrl":"https:\/\/lpc.halpet.eu\/wp-content\/uploads\/2020\/09\/halpet_lpc_online_edukacije_ucenje_10_strategija_za_upravljanje_stresom.png","datePublished":"2020-11-03T11:20:12+00:00","dateModified":"2025-10-11T07:01:09+00:00","description":"Nitko od nas nije otporan na stres. Iz toga vam razloga nudimo 10 strategija za upravljanje stresom koje imaju za cilj promijeniti va\u0161 \u017eivot.","breadcrumb":{"@id":"https:\/\/lpc.halpet.eu\/en\/shop\/managing-stress\/#breadcrumb"},"inLanguage":"en-US","potentialAction":[{"@type":"ReadAction","target":["https:\/\/lpc.halpet.eu\/en\/shop\/managing-stress\/"]}]},{"@type":"ImageObject","inLanguage":"en-US","@id":"https:\/\/lpc.halpet.eu\/en\/shop\/managing-stress\/#primaryimage","url":"https:\/\/lpc.halpet.eu\/wp-content\/uploads\/2020\/09\/halpet_lpc_online_edukacije_ucenje_10_strategija_za_upravljanje_stresom.png","contentUrl":"https:\/\/lpc.halpet.eu\/wp-content\/uploads\/2020\/09\/halpet_lpc_online_edukacije_ucenje_10_strategija_za_upravljanje_stresom.png","width":1080,"height":1080},{"@type":"BreadcrumbList","@id":"https:\/\/lpc.halpet.eu\/en\/shop\/managing-stress\/#breadcrumb","itemListElement":[{"@type":"ListItem","position":1,"name":"Home","item":"https:\/\/lpc.halpet.eu\/en\/"},{"@type":"ListItem","position":2,"name":"LPC shop","item":"https:\/\/lpc.halpet.eu\/en\/shop\/"},{"@type":"ListItem","position":3,"name":"10 strategija za upravljanje stresom"}]},{"@type":"WebSite","@id":"https:\/\/lpc.halpet.eu\/en\/#website","url":"https:\/\/lpc.halpet.eu\/en\/","name":"LPC","description":"A HalPet learning experience","publisher":{"@id":"https:\/\/lpc.halpet.eu\/en\/#organization"},"potentialAction":[{"@type":"SearchAction","target":{"@type":"EntryPoint","urlTemplate":"https:\/\/lpc.halpet.eu\/en\/?s={search_term_string}"},"query-input":{"@type":"PropertyValueSpecification","valueRequired":true,"valueName":"search_term_string"}}],"inLanguage":"en-US"},{"@type":"Organization","@id":"https:\/\/lpc.halpet.eu\/en\/#organization","name":"HalPet","url":"https:\/\/lpc.halpet.eu\/en\/","logo":{"@type":"ImageObject","inLanguage":"en-US","@id":"https:\/\/lpc.halpet.eu\/en\/#\/schema\/logo\/image\/","url":"https:\/\/lpc.halpet.eu\/wp-content\/uploads\/2017\/03\/HalPet-LPC-FeaturedImage.png","contentUrl":"https:\/\/lpc.halpet.eu\/wp-content\/uploads\/2017\/03\/HalPet-LPC-FeaturedImage.png","width":600,"height":315,"caption":"HalPet"},"image":{"@id":"https:\/\/lpc.halpet.eu\/en\/#\/schema\/logo\/image\/"},"sameAs":["https:\/\/www.facebook.com\/halpethr\/","https:\/\/x.com\/halpet_lpc","https:\/\/www.instagram.com\/halpet_lpc\/","https:\/\/www.linkedin.com\/company\/halpet-d-o-o-","https:\/\/www.youtube.com\/channel\/UCFhJV04vPGpLrgA-FovnPDg"]}]}},"_links":{"self":[{"href":"https:\/\/lpc.halpet.eu\/en\/wp-json\/wp\/v2\/product\/70052","targetHints":{"allow":["GET"]}}],"collection":[{"href":"https:\/\/lpc.halpet.eu\/en\/wp-json\/wp\/v2\/product"}],"about":[{"href":"https:\/\/lpc.halpet.eu\/en\/wp-json\/wp\/v2\/types\/product"}],"replies":[{"embeddable":true,"href":"https:\/\/lpc.halpet.eu\/en\/wp-json\/wp\/v2\/comments?post=70052"}],"wp:featuredmedia":[{"embeddable":true,"href":"https:\/\/lpc.halpet.eu\/en\/wp-json\/wp\/v2\/media\/89081"}],"wp:attachment":[{"href":"https:\/\/lpc.halpet.eu\/en\/wp-json\/wp\/v2\/media?parent=70052"}],"wp:term":[{"taxonomy":"product_brand","embeddable":true,"href":"https:\/\/lpc.halpet.eu\/en\/wp-json\/wp\/v2\/product_brand?post=70052"},{"taxonomy":"product_cat","embeddable":true,"href":"https:\/\/lpc.halpet.eu\/en\/wp-json\/wp\/v2\/product_cat?post=70052"},{"taxonomy":"product_tag","embeddable":true,"href":"https:\/\/lpc.halpet.eu\/en\/wp-json\/wp\/v2\/product_tag?post=70052"}],"curies":[{"name":"wp","href":"https:\/\/api.w.org\/{rel}","templated":true}]}}