{"id":49702,"date":"2018-04-13T11:17:34","date_gmt":"2018-04-13T11:17:34","guid":{"rendered":"https:\/\/lpc.halpet.eu\/?post_type=product&#038;p=49702"},"modified":"2025-10-13T08:52:42","modified_gmt":"2025-10-13T06:52:42","slug":"managing-conflict","status":"publish","type":"product","link":"https:\/\/lpc.halpet.eu\/en\/shop\/managing-conflict\/","title":{"rendered":"Upravljanje konfliktima"},"content":{"rendered":"<p><strong>UPRAVLJANJE KONFLIKTIMA\u00a0<\/strong><\/p>\n<p>Optu\u017eivanje, napad, \u0161utnja, poni\u017eavanje, sabotiranje, komentiranja iza le\u0111a, \u2026 sve su to\u00a0<strong>destruktivna pona\u0161anja<\/strong>\u00a0koja ste, sigurni smo, dosad barem jednom imali prilike iskusiti. Mo\u017eda ste i vi bili ti koji su se u me\u0111uljudskoj interakciji ponijeli na neprimjeren na\u010din. Takva pona\u0161anja izravno utje\u010du na raspolo\u017eenje, motivaciju i okru\u017eenje u kojem \u017eivite i radite. Znati pravilno <strong>upravljati konfliktnim situacijama <\/strong>prema\u00a0<strong>pozitivnom rje\u0161enju<\/strong> je neizmjerno vrijedna vje\u0161tina potrebna svakom odgovornom pojedincu.<\/p>\n<p>Mo\u0107i prepoznati<strong> potencijalne komunikacijske opasnosti<\/strong>, <strong>miroljubivo komunicirati<\/strong> i <strong>stvarati konstruktivno komunikacijsko okru\u017eenje<\/strong> donosi veliku \u017eivotnu prednost koju mo\u017eete ste\u0107i kroz program <strong>Upravljanje konfliktima. <\/strong>U samo <strong>4 lekcije<\/strong> nau\u010dit \u0107ete kako:<\/p>\n<ul>\n<li>bolje\u00a0<strong>razumjeti drugu stranu<\/strong>\u00a0u razgovoru te znati kako omogu\u0107iti da\u00a0<strong>drugi razumiju i vas<\/strong><\/li>\n<li>stvarati\u00a0<strong>temelje za otvorene razgovore i rasprave<\/strong><\/li>\n<li>poticati\u00a0<strong>debate<\/strong>\u00a0i dolaziti do\u00a0<strong>novih ideja i rje\u0161enja<\/strong>\u00a0u komunikaciji<\/li>\n<li>se svjesno upu\u0161tati u\u00a0<strong>istra\u017eivanja opre\u010dnih stavova i mi\u0161ljenja<\/strong>\u00a0bez ljutnje druge osobe<\/li>\n<li><strong>kreirati zdrave me\u0111uljudske odnose<\/strong> bez obzira na izazove<\/li>\n<li>koristiti <strong>konkretne i prakti\u010dne tehnike<\/strong> kojima \u0107ete razrije\u0161iti odnose i otvoriti nove mogu\u0107nosti.<\/li>\n<\/ul>\n<p><strong>Osnovne informacije o programu Upravljanje konfliktima*:<\/strong><\/p>\n<p><strong><b><span data-olk-copy-source=\"MessageBody\">Predvi\u0111eno trajanje u\u010denja prema LPC metodi:<\/span><\/b>\u00a0<\/strong>180 min<br \/>\n<strong>Broj lekcija u programu: <\/strong>4<strong><br \/>\nDostupnost: <\/strong>12 mjeseci<strong><br \/>\nProvjera znanja: <\/strong>da<strong><br \/>\nCertifikat o zavr\u0161enom online programu: <\/strong>da<\/p>\n<p><span data-olk-copy-source=\"MessageBody\">*Sav sadr\u017eaj unutar programa, uklju\u010duju\u0107i tekstove, videomaterijale, i druge resurse<\/span>\u00a0je intelektualno\u00a0vlasni\u0161tvo HalPet d.o.o. Raku\u0161ina 1, 10000 Zagreb i nije dozvoljeno\u00a0<b>kopiranje, dijeljenje ili distribuiranje sadr\u017eaja<\/b>\u00a0ovog programa bez prethodne pismene dozvole HalPeta.<\/p>\n<h4><strong>ZA\u0160TO JE OVA VJE\u0160TINA VA\u017dNA?<\/strong><\/h4>\n<div style=\"width: 1920px;\" class=\"wp-video\"><video class=\"wp-video-shortcode\" id=\"video-49702-1\" width=\"1920\" height=\"1080\" poster=\"https:\/\/lpc.halpet.eu\/wp-content\/uploads\/2018\/02\/naslovna.jpg\" preload=\"metadata\" controls=\"controls\"><source type=\"video\/mp4\" src=\"https:\/\/lpc.halpet.eu\/wp-content\/uploads\/2018\/04\/konflikt.mp4?_=1\" \/><a href=\"https:\/\/lpc.halpet.eu\/wp-content\/uploads\/2018\/04\/konflikt.mp4\">https:\/\/lpc.halpet.eu\/wp-content\/uploads\/2018\/04\/konflikt.mp4<\/a><\/video><\/div>\n<p>&nbsp;<\/p>\n<p>Prakti\u010dna i jednostavna formula\u00a0<a href=\"https:\/\/halpet.hr\/e-ucenje-korporativna-edukacija-danasnjice\/\" target=\"_blank\" rel=\"noopener noreferrer\">LPC<\/a> programa nudi pomno i stru\u010dno dizajniranu dozu znanja, a sadr\u017ei i konkretne upute kako ne\u0161to raditi br\u017ee, bolje i uspje\u0161nije. Ova komprimirana struktura ina\u010de kompleksne poslovne teme osigurava zadovoljstvo u\u010denja, poti\u010de nov na\u010din razmi\u0161ljanja i pokre\u0107e na akciju.<\/p>\n","protected":false},"excerpt":{"rendered":"<p>UPRAVLJANJE KONFLIKTIMA\u00a0 Optu\u017eivanje, napad, \u0161utnja, poni\u017eavanje, sabotiranje, komentiranja iza le\u0111a, &hellip;<\/p>\n","protected":false},"featured_media":98454,"comment_status":"open","ping_status":"closed","template":"","meta":{"_acf_changed":false},"product_brand":[],"product_cat":[192,94],"product_tag":[],"class_list":{"0":"post-49702","2":"type-product","3":"status-publish","4":"has-post-thumbnail","6":"product_cat-communication-and-work-relations","7":"product_cat-wellbeing-and-resilience","8":"product","10":"instock","11":"virtual","12":"sold-individually","13":"taxable","14":"purchasable","15":"product-type-course"},"acf":[],"_links":{"self":[{"href":"https:\/\/lpc.halpet.eu\/en\/wp-json\/wp\/v2\/product\/49702","targetHints":{"allow":["GET"]}}],"collection":[{"href":"https:\/\/lpc.halpet.eu\/en\/wp-json\/wp\/v2\/product"}],"about":[{"href":"https:\/\/lpc.halpet.eu\/en\/wp-json\/wp\/v2\/types\/product"}],"replies":[{"embeddable":true,"href":"https:\/\/lpc.halpet.eu\/en\/wp-json\/wp\/v2\/comments?post=49702"}],"wp:featuredmedia":[{"embeddable":true,"href":"https:\/\/lpc.halpet.eu\/en\/wp-json\/wp\/v2\/media\/98454"}],"wp:attachment":[{"href":"https:\/\/lpc.halpet.eu\/en\/wp-json\/wp\/v2\/media?parent=49702"}],"wp:term":[{"taxonomy":"product_brand","embeddable":true,"href":"https:\/\/lpc.halpet.eu\/en\/wp-json\/wp\/v2\/product_brand?post=49702"},{"taxonomy":"product_cat","embeddable":true,"href":"https:\/\/lpc.halpet.eu\/en\/wp-json\/wp\/v2\/product_cat?post=49702"},{"taxonomy":"product_tag","embeddable":true,"href":"https:\/\/lpc.halpet.eu\/en\/wp-json\/wp\/v2\/product_tag?post=49702"}],"curies":[{"name":"wp","href":"https:\/\/api.w.org\/{rel}","templated":true}]}}