{"id":48263,"date":"2018-02-27T14:11:56","date_gmt":"2018-02-27T14:11:56","guid":{"rendered":"https:\/\/lpc.halpet.eu\/?post_type=product&#038;p=48263"},"modified":"2025-10-11T14:29:16","modified_gmt":"2025-10-11T12:29:16","slug":"communication-skills","status":"publish","type":"product","link":"https:\/\/lpc.halpet.eu\/en\/shop\/communication-skills\/","title":{"rendered":"Komunikacijske vje\u0161tine"},"content":{"rendered":"<p><strong>KOMUNIKACIJSKE VJE\u0160TINE<\/strong><\/p>\n<p>Sposobnost\u00a0<strong>u\u010dinkovitog komuniciranja<\/strong>\u00a0jedna je od najva\u017enijih vje\u0161tina potrebnih za poslovni i osobni uspjeh. <strong>U\u010dinkovito komunicirati<\/strong>\u00a0zna\u010di da ste sposobni izraziti svoje ideje i stavove jasno, uvjerljivo, sa\u017eeto i samopouzdano &#8211; da znate graditi i zadr\u017eavati kvalitetne odnose i boriti se za ono \u0161to vam je va\u017eno i u \u0161to vjerujete. Biti <strong>dobar komunikator<\/strong> danas je jedna od najva\u017enijih i najkorisnijih vje\u0161tina koju mo\u017eete posjedovati.\u00a0Usu\u0111ujemo se re\u0107i da ta vje\u0161tina indirektno utje\u010de <strong>na ostvarivanje svih va\u0161ih ciljeva. <\/strong><\/p>\n<p>Bez obzira na to koliko vje\u0161ti bili, na unapre\u0111enju komunikacije uvijek je mogu\u0107e dodatno poraditi. U <strong>4\u00a0lekcije<\/strong> programa <strong>Komunikacijske vje\u0161tine <\/strong>saznat \u0107ete kako:<\/p>\n<ul>\n<li>izbje\u0107i\u00a0<strong>naj\u010de\u0161\u0107e prepreke uspje\u0161noj komunikaciji<\/strong><\/li>\n<li>bolje razumjeti\u00a0i realizirati <strong>komunikacijski proces<\/strong><\/li>\n<li><strong>prilagoditi svoj komunikacijski pristup<\/strong> primatelju poruke i posti\u0107i pozitivan ishod komunikacije<\/li>\n<li>unaprijediti svoje <strong>verbalne signale<\/strong><\/li>\n<li>pravilno koristiti <strong>neverbalne signale<\/strong><\/li>\n<li>dodatno <strong>kultivirati svoje odnose kroz 10 klju\u010dnih strategija<\/strong>.<\/li>\n<\/ul>\n<p>Odlu\u010dite biti uspje\u0161an, zanimljiv, po\u017eeljan sugovornik i utjecajan komunikator i postanite zadovoljniji svojim odnosima i svojim \u017eivotom.<\/p>\n<p><strong>Osnovne informacije o programu Komunikacijske vje\u0161tine*:<\/strong><\/p>\n<p><strong><b><span data-olk-copy-source=\"MessageBody\">Predvi\u0111eno trajanje u\u010denja prema LPC metodi:<\/span><\/b>\u00a0<\/strong>180 min<br \/>\n<strong>Broj lekcija u programu: <\/strong>4<strong><br \/>\nDostupnost: <\/strong>12 mjeseci<strong><br \/>\nProvjera znanja: <\/strong>da<strong><br \/>\nCertifikat o zavr\u0161enom online programu: <\/strong>da<\/p>\n<p><span data-olk-copy-source=\"MessageBody\">*Sav sadr\u017eaj unutar programa, uklju\u010duju\u0107i tekstove, videomaterijale, i druge resurse<\/span>\u00a0je intelektualno\u00a0vlasni\u0161tvo HalPet d.o.o. Raku\u0161ina 1, 10000 Zagreb i nije dozvoljeno\u00a0<b>kopiranje, dijeljenje ili distribuiranje sadr\u017eaja<\/b>\u00a0ovog programa bez prethodne pismene dozvole HalPeta.<\/p>\n<h4><strong>ZA\u0160TO JE OVA VJE\u0160TINA VA\u017dNA?<\/strong><\/h4>\n<div style=\"width: 1920px;\" class=\"wp-video\"><video class=\"wp-video-shortcode\" id=\"video-48263-1\" width=\"1920\" height=\"1080\" poster=\"https:\/\/lpc.halpet.eu\/wp-content\/uploads\/2018\/02\/unnamed-file-scaled.jpg\" preload=\"metadata\" controls=\"controls\"><source type=\"video\/mp4\" src=\"https:\/\/lpc.halpet.eu\/wp-content\/uploads\/2018\/02\/Komunikacijske-vje\u0161tine.mp4?_=1\" \/><a href=\"https:\/\/lpc.halpet.eu\/wp-content\/uploads\/2018\/02\/Komunikacijske-vje\u0161tine.mp4\">https:\/\/lpc.halpet.eu\/wp-content\/uploads\/2018\/02\/Komunikacijske-vje\u0161tine.mp4<\/a><\/video><\/div>\n<p>&nbsp;<\/p>\n<p>Prakti\u010dna i jednostavna formula\u00a0<a href=\"https:\/\/halpet.hr\/e-ucenje-korporativna-edukacija-danasnjice\/\" target=\"_blank\" rel=\"noopener noreferrer\">LPC<\/a> programa nudi pomno i stru\u010dno dizajniranu dozu znanja, a sadr\u017ei i konkretne upute kako ne\u0161to raditi br\u017ee, bolje i uspje\u0161nije. Ova komprimirana struktura ina\u010de kompleksne poslovne teme osigurava zadovoljstvo u\u010denja, poti\u010de nov na\u010din razmi\u0161ljanja i pokre\u0107e na akciju.<\/p>\n","protected":false},"excerpt":{"rendered":"<p>KOMUNIKACIJSKE VJE\u0160TINE Sposobnost\u00a0u\u010dinkovitog komuniciranja\u00a0jedna je od najva\u017enijih vje\u0161tina potrebnih za &hellip;<\/p>\n","protected":false},"featured_media":72650,"comment_status":"open","ping_status":"closed","template":"","meta":{"_acf_changed":false},"product_brand":[],"product_cat":[192],"product_tag":[],"class_list":{"0":"post-48263","2":"type-product","3":"status-publish","4":"has-post-thumbnail","6":"product_cat-communication-and-work-relations","7":"product","9":"instock","10":"virtual","11":"sold-individually","12":"taxable","13":"purchasable","14":"product-type-course"},"acf":[],"_links":{"self":[{"href":"https:\/\/lpc.halpet.eu\/en\/wp-json\/wp\/v2\/product\/48263","targetHints":{"allow":["GET"]}}],"collection":[{"href":"https:\/\/lpc.halpet.eu\/en\/wp-json\/wp\/v2\/product"}],"about":[{"href":"https:\/\/lpc.halpet.eu\/en\/wp-json\/wp\/v2\/types\/product"}],"replies":[{"embeddable":true,"href":"https:\/\/lpc.halpet.eu\/en\/wp-json\/wp\/v2\/comments?post=48263"}],"wp:featuredmedia":[{"embeddable":true,"href":"https:\/\/lpc.halpet.eu\/en\/wp-json\/wp\/v2\/media\/72650"}],"wp:attachment":[{"href":"https:\/\/lpc.halpet.eu\/en\/wp-json\/wp\/v2\/media?parent=48263"}],"wp:term":[{"taxonomy":"product_brand","embeddable":true,"href":"https:\/\/lpc.halpet.eu\/en\/wp-json\/wp\/v2\/product_brand?post=48263"},{"taxonomy":"product_cat","embeddable":true,"href":"https:\/\/lpc.halpet.eu\/en\/wp-json\/wp\/v2\/product_cat?post=48263"},{"taxonomy":"product_tag","embeddable":true,"href":"https:\/\/lpc.halpet.eu\/en\/wp-json\/wp\/v2\/product_tag?post=48263"}],"curies":[{"name":"wp","href":"https:\/\/api.w.org\/{rel}","templated":true}]}}