{"id":46101,"date":"2017-11-24T10:23:21","date_gmt":"2017-11-24T08:23:21","guid":{"rendered":"https:\/\/lpc.halpet.eu\/?post_type=product&#038;p=46101\/"},"modified":"2025-10-11T11:23:35","modified_gmt":"2025-10-11T09:23:35","slug":"delegating","status":"publish","type":"product","link":"https:\/\/lpc.halpet.eu\/en\/shop\/delegating\/","title":{"rendered":"Delegiranje"},"content":{"rendered":"<p><strong>DELEGIRANJE<\/strong><\/p>\n<p><strong>Delegiranje je iznimno va\u017ena vje\u0161tina<\/strong>\u00a0i jedan od klju\u010dnih zahtjeva koji se stavljaju pred svakog menad\u017eera ili voditelja. Znati kako to \u010diniti na pravi na\u010din je ne samo potreba, ve\u0107 i nu\u017enost kako biste mogli uspje\u0161no obavljati svoj posao i ostvarivati zahtjevne ciljeve.<\/p>\n<p>Nau\u010diti kako\u00a0<strong>u\u010dinkovito delegirati<\/strong> dio svojih zadu\u017eenja drugima je strategija koja \u0107e vam pomo\u0107i osloboditi vrijeme koje mo\u017eete posvetiti va\u017enijim zadatcima. Kao rezultat uspje\u0161nog dodjeljivanja zadataka o\u010dekujte dodatnu vlastitu motivaciju i motivaciju svog tima, ve\u0107u produktivnost, br\u017ei razvoj tima i pojedinaca u timu, bolju suradnju, \u2026<\/p>\n<p><strong>Delegiranje je puno vi\u0161e od obi\u010dnog proslje\u0111ivanja zadataka drugima, to je ujedno i na\u010din <a href=\"https:\/\/lpc.halpet.eu\/marketing-page\/vodstvo\/\">vodstva<\/a>. <\/strong><\/p>\n<p>Program se sastoji od\u00a0<strong>4 lekcije<\/strong>\u00a0u kojima \u0107ete saznati kako:<\/p>\n<ul>\n<li>se <strong>pripremiti<\/strong><\/li>\n<li>\u010diniti vi\u0161e u manje vremena<\/li>\n<li>prepoznati va\u017enost u\u010dinkovitog delegiranja za razvijanje vlastitih potencijala i potencijala va\u0161ih zaposlenika te\u00a0<strong>na\u010dine na koje delegiranje doprinosi va\u0161oj organizaciji<\/strong><\/li>\n<li><strong>delegirati prave zadatke pravim osobama<\/strong>\u00a0za najbolje rezultate<\/li>\n<li>koristiti\u00a0<strong>komunikacijske strategije<\/strong>\u00a0kako biste ostali uklju\u010deni u rad svog tima bez mikro menad\u017ementa<\/li>\n<li>izbje\u0107i\u00a0<strong>uobi\u010dajene prepreke<\/strong>\u00a0delegiranju pomo\u0107u\u00a0<strong>savjeta za uspje\u0161no delegiranje<\/strong>.<\/li>\n<\/ul>\n<p><strong>Osnovne informacije o programu Delegiranje*:<\/strong><\/p>\n<p><strong><b><span data-olk-copy-source=\"MessageBody\">Predvi\u0111eno trajanje u\u010denja prema LPC metodi:<\/span><\/b>\u00a0<\/strong>180 min<br \/>\n<strong>Broj lekcija u programu: <\/strong>4<strong><br \/>\nDostupnost: <\/strong>12 mjeseci<strong><br \/>\nProvjera znanja: <\/strong>da<strong><br \/>\nCertifikat o zavr\u0161enom online programu: <\/strong>da<\/p>\n<p><span data-olk-copy-source=\"MessageBody\">*Sav sadr\u017eaj unutar programa, uklju\u010duju\u0107i tekstove, videomaterijale, i druge resurse<\/span>\u00a0je intelektualno\u00a0vlasni\u0161tvo HalPet d.o.o. Raku\u0161ina 1, 10000 Zagreb i nije dozvoljeno\u00a0<b>kopiranje, dijeljenje ili distribuiranje sadr\u017eaja<\/b>\u00a0ovog programa bez prethodne pismene dozvole HalPeta.<\/p>\n<h4><strong>ZA\u0160TO JE OVA VJE\u0160TINA VA\u017dNA?<\/strong><\/h4>\n<div style=\"width: 1920px;\" class=\"wp-video\"><video class=\"wp-video-shortcode\" id=\"video-46101-1\" width=\"1920\" height=\"1080\" poster=\"https:\/\/lpc.halpet.eu\/wp-content\/uploads\/2017\/11\/naslovna.jpg\" preload=\"metadata\" controls=\"controls\"><source type=\"video\/mp4\" src=\"https:\/\/lpc.halpet.eu\/wp-content\/uploads\/2017\/11\/Delegiranje.mp4?_=1\" \/><a href=\"https:\/\/lpc.halpet.eu\/wp-content\/uploads\/2017\/11\/Delegiranje.mp4\">https:\/\/lpc.halpet.eu\/wp-content\/uploads\/2017\/11\/Delegiranje.mp4<\/a><\/video><\/div>\n<p>&nbsp;<\/p>\n<p>Prakti\u010dna i jednostavna formula\u00a0<a href=\"https:\/\/halpet.hr\/e-ucenje-korporativna-edukacija-danasnjice\/\" target=\"_blank\" rel=\"noopener noreferrer\">LPC<\/a> programa nudi pomno i stru\u010dno dizajniranu dozu znanja, a sadr\u017ei i konkretne upute kako ne\u0161to raditi br\u017ee, bolje i uspje\u0161nije. Ova komprimirana struktura ina\u010de kompleksne poslovne teme osigurava zadovoljstvo u\u010denja, poti\u010de nov na\u010din razmi\u0161ljanja i pokre\u0107e na akciju.<\/p>\n","protected":false},"excerpt":{"rendered":"<p>DELEGIRANJE Delegiranje je iznimno va\u017ena vje\u0161tina\u00a0i jedan od klju\u010dnih zahtjeva &hellip;<\/p>\n","protected":false},"featured_media":72643,"comment_status":"open","ping_status":"closed","template":"","meta":{"_acf_changed":false},"product_brand":[],"product_cat":[196],"product_tag":[],"class_list":{"0":"post-46101","2":"type-product","3":"status-publish","4":"has-post-thumbnail","6":"product_cat-leadership-and-teamwork","7":"product","9":"instock","10":"virtual","11":"sold-individually","12":"taxable","13":"purchasable","14":"product-type-course"},"acf":[],"yoast_head":"<!-- This site is optimized with the Yoast SEO plugin v27.2 - https:\/\/yoast.com\/product\/yoast-seo-wordpress\/ -->\n<title>LPC<\/title>\n<meta name=\"description\" content=\"Nau\u010dite za\u0161to je delegiranje klju\u010dno za vo\u0111enje tima, kako ono mo\u017ee pozitivno utjecati na va\u0161 rad i nje najva\u017enije strategije za u\u010dinkovito delegiranje.\" \/>\n<meta name=\"robots\" content=\"index, follow, max-snippet:-1, max-image-preview:large, max-video-preview:-1\" \/>\n<link rel=\"canonical\" href=\"https:\/\/lpc.halpet.eu\/en\/shop\/delegating\/\" \/>\n<meta property=\"og:locale\" content=\"en_US\" \/>\n<meta property=\"og:type\" content=\"article\" \/>\n<meta property=\"og:title\" content=\"Delegiranje | LPC Online | Izgradite sna\u017ean i uspje\u0161an tim\" \/>\n<meta property=\"og:description\" content=\"Nau\u010dite za\u0161to je delegiranje klju\u010dno za vo\u0111enje tima, kako ono mo\u017ee pozitivno utjecati na va\u0161 rad i nje najva\u017enije strategije za u\u010dinkovito delegiranje.\" \/>\n<meta property=\"og:url\" content=\"https:\/\/lpc.halpet.eu\/en\/shop\/delegating\/\" \/>\n<meta property=\"og:site_name\" content=\"LPC\" \/>\n<meta property=\"article:publisher\" content=\"https:\/\/www.facebook.com\/halpethr\/\" \/>\n<meta property=\"article:modified_time\" content=\"2025-10-11T09:23:35+00:00\" \/>\n<meta property=\"og:image\" content=\"https:\/\/lpc.halpet.eu\/wp-content\/uploads\/2017\/11\/naslovna.jpg\" \/>\n\t<meta property=\"og:image:width\" content=\"2210\" \/>\n\t<meta property=\"og:image:height\" content=\"1473\" \/>\n\t<meta property=\"og:image:type\" content=\"image\/jpeg\" \/>\n<meta name=\"twitter:card\" content=\"summary_large_image\" \/>\n<meta name=\"twitter:site\" content=\"@halpet_lpc\" \/>\n<meta name=\"twitter:label1\" content=\"Est. reading time\" \/>\n\t<meta name=\"twitter:data1\" content=\"2 minutes\" \/>\n<script type=\"application\/ld+json\" class=\"yoast-schema-graph\">{\"@context\":\"https:\/\/schema.org\",\"@graph\":[{\"@type\":\"WebPage\",\"@id\":\"https:\/\/lpc.halpet.eu\/en\/shop\/delegating\/\",\"url\":\"https:\/\/lpc.halpet.eu\/en\/shop\/delegating\/\",\"name\":\"Delegiranje | LPC Online | Izgradite sna\u017ean i uspje\u0161an tim\",\"isPartOf\":{\"@id\":\"https:\/\/lpc.halpet.eu\/en\/#website\"},\"primaryImageOfPage\":{\"@id\":\"https:\/\/lpc.halpet.eu\/en\/shop\/delegating\/#primaryimage\"},\"image\":{\"@id\":\"https:\/\/lpc.halpet.eu\/en\/shop\/delegating\/#primaryimage\"},\"thumbnailUrl\":\"https:\/\/lpc.halpet.eu\/wp-content\/uploads\/2017\/11\/naslovna.jpg\",\"datePublished\":\"2017-11-24T08:23:21+00:00\",\"dateModified\":\"2025-10-11T09:23:35+00:00\",\"description\":\"Nau\u010dite za\u0161to je delegiranje klju\u010dno za vo\u0111enje tima, kako ono mo\u017ee pozitivno utjecati na va\u0161 rad i nje najva\u017enije strategije za u\u010dinkovito delegiranje.\",\"breadcrumb\":{\"@id\":\"https:\/\/lpc.halpet.eu\/en\/shop\/delegating\/#breadcrumb\"},\"inLanguage\":\"en-US\",\"potentialAction\":[{\"@type\":\"ReadAction\",\"target\":[\"https:\/\/lpc.halpet.eu\/en\/shop\/delegating\/\"]}]},{\"@type\":\"ImageObject\",\"inLanguage\":\"en-US\",\"@id\":\"https:\/\/lpc.halpet.eu\/en\/shop\/delegating\/#primaryimage\",\"url\":\"https:\/\/lpc.halpet.eu\/wp-content\/uploads\/2017\/11\/naslovna.jpg\",\"contentUrl\":\"https:\/\/lpc.halpet.eu\/wp-content\/uploads\/2017\/11\/naslovna.jpg\",\"width\":2210,\"height\":1473},{\"@type\":\"BreadcrumbList\",\"@id\":\"https:\/\/lpc.halpet.eu\/en\/shop\/delegating\/#breadcrumb\",\"itemListElement\":[{\"@type\":\"ListItem\",\"position\":1,\"name\":\"Home\",\"item\":\"https:\/\/lpc.halpet.eu\/en\/\"},{\"@type\":\"ListItem\",\"position\":2,\"name\":\"LPC shop\",\"item\":\"https:\/\/lpc.halpet.eu\/en\/shop\/\"},{\"@type\":\"ListItem\",\"position\":3,\"name\":\"Delegiranje\"}]},{\"@type\":\"WebSite\",\"@id\":\"https:\/\/lpc.halpet.eu\/en\/#website\",\"url\":\"https:\/\/lpc.halpet.eu\/en\/\",\"name\":\"LPC\",\"description\":\"A HalPet learning experience\",\"publisher\":{\"@id\":\"https:\/\/lpc.halpet.eu\/en\/#organization\"},\"potentialAction\":[{\"@type\":\"SearchAction\",\"target\":{\"@type\":\"EntryPoint\",\"urlTemplate\":\"https:\/\/lpc.halpet.eu\/en\/?s={search_term_string}\"},\"query-input\":{\"@type\":\"PropertyValueSpecification\",\"valueRequired\":true,\"valueName\":\"search_term_string\"}}],\"inLanguage\":\"en-US\"},{\"@type\":\"Organization\",\"@id\":\"https:\/\/lpc.halpet.eu\/en\/#organization\",\"name\":\"HalPet\",\"url\":\"https:\/\/lpc.halpet.eu\/en\/\",\"logo\":{\"@type\":\"ImageObject\",\"inLanguage\":\"en-US\",\"@id\":\"https:\/\/lpc.halpet.eu\/en\/#\/schema\/logo\/image\/\",\"url\":\"https:\/\/lpc.halpet.eu\/wp-content\/uploads\/2017\/03\/HalPet-LPC-FeaturedImage.png\",\"contentUrl\":\"https:\/\/lpc.halpet.eu\/wp-content\/uploads\/2017\/03\/HalPet-LPC-FeaturedImage.png\",\"width\":600,\"height\":315,\"caption\":\"HalPet\"},\"image\":{\"@id\":\"https:\/\/lpc.halpet.eu\/en\/#\/schema\/logo\/image\/\"},\"sameAs\":[\"https:\/\/www.facebook.com\/halpethr\/\",\"https:\/\/x.com\/halpet_lpc\",\"https:\/\/www.instagram.com\/halpet_lpc\/\",\"https:\/\/www.linkedin.com\/company\/halpet-d-o-o-\",\"https:\/\/www.youtube.com\/channel\/UCFhJV04vPGpLrgA-FovnPDg\"]}]}<\/script>\n<!-- \/ Yoast SEO plugin. -->","yoast_head_json":{"title":"LPC","description":"Nau\u010dite za\u0161to je delegiranje klju\u010dno za vo\u0111enje tima, kako ono mo\u017ee pozitivno utjecati na va\u0161 rad i nje najva\u017enije strategije za u\u010dinkovito delegiranje.","robots":{"index":"index","follow":"follow","max-snippet":"max-snippet:-1","max-image-preview":"max-image-preview:large","max-video-preview":"max-video-preview:-1"},"canonical":"https:\/\/lpc.halpet.eu\/en\/shop\/delegating\/","og_locale":"en_US","og_type":"article","og_title":"Delegiranje | LPC Online | Izgradite sna\u017ean i uspje\u0161an tim","og_description":"Nau\u010dite za\u0161to je delegiranje klju\u010dno za vo\u0111enje tima, kako ono mo\u017ee pozitivno utjecati na va\u0161 rad i nje najva\u017enije strategije za u\u010dinkovito delegiranje.","og_url":"https:\/\/lpc.halpet.eu\/en\/shop\/delegating\/","og_site_name":"LPC","article_publisher":"https:\/\/www.facebook.com\/halpethr\/","article_modified_time":"2025-10-11T09:23:35+00:00","og_image":[{"width":2210,"height":1473,"url":"https:\/\/lpc.halpet.eu\/wp-content\/uploads\/2017\/11\/naslovna.jpg","type":"image\/jpeg"}],"twitter_card":"summary_large_image","twitter_site":"@halpet_lpc","twitter_misc":{"Est. reading time":"2 minutes"},"schema":{"@context":"https:\/\/schema.org","@graph":[{"@type":"WebPage","@id":"https:\/\/lpc.halpet.eu\/en\/shop\/delegating\/","url":"https:\/\/lpc.halpet.eu\/en\/shop\/delegating\/","name":"Delegiranje | LPC Online | Izgradite sna\u017ean i uspje\u0161an tim","isPartOf":{"@id":"https:\/\/lpc.halpet.eu\/en\/#website"},"primaryImageOfPage":{"@id":"https:\/\/lpc.halpet.eu\/en\/shop\/delegating\/#primaryimage"},"image":{"@id":"https:\/\/lpc.halpet.eu\/en\/shop\/delegating\/#primaryimage"},"thumbnailUrl":"https:\/\/lpc.halpet.eu\/wp-content\/uploads\/2017\/11\/naslovna.jpg","datePublished":"2017-11-24T08:23:21+00:00","dateModified":"2025-10-11T09:23:35+00:00","description":"Nau\u010dite za\u0161to je delegiranje klju\u010dno za vo\u0111enje tima, kako ono mo\u017ee pozitivno utjecati na va\u0161 rad i nje najva\u017enije strategije za u\u010dinkovito delegiranje.","breadcrumb":{"@id":"https:\/\/lpc.halpet.eu\/en\/shop\/delegating\/#breadcrumb"},"inLanguage":"en-US","potentialAction":[{"@type":"ReadAction","target":["https:\/\/lpc.halpet.eu\/en\/shop\/delegating\/"]}]},{"@type":"ImageObject","inLanguage":"en-US","@id":"https:\/\/lpc.halpet.eu\/en\/shop\/delegating\/#primaryimage","url":"https:\/\/lpc.halpet.eu\/wp-content\/uploads\/2017\/11\/naslovna.jpg","contentUrl":"https:\/\/lpc.halpet.eu\/wp-content\/uploads\/2017\/11\/naslovna.jpg","width":2210,"height":1473},{"@type":"BreadcrumbList","@id":"https:\/\/lpc.halpet.eu\/en\/shop\/delegating\/#breadcrumb","itemListElement":[{"@type":"ListItem","position":1,"name":"Home","item":"https:\/\/lpc.halpet.eu\/en\/"},{"@type":"ListItem","position":2,"name":"LPC shop","item":"https:\/\/lpc.halpet.eu\/en\/shop\/"},{"@type":"ListItem","position":3,"name":"Delegiranje"}]},{"@type":"WebSite","@id":"https:\/\/lpc.halpet.eu\/en\/#website","url":"https:\/\/lpc.halpet.eu\/en\/","name":"LPC","description":"A HalPet learning experience","publisher":{"@id":"https:\/\/lpc.halpet.eu\/en\/#organization"},"potentialAction":[{"@type":"SearchAction","target":{"@type":"EntryPoint","urlTemplate":"https:\/\/lpc.halpet.eu\/en\/?s={search_term_string}"},"query-input":{"@type":"PropertyValueSpecification","valueRequired":true,"valueName":"search_term_string"}}],"inLanguage":"en-US"},{"@type":"Organization","@id":"https:\/\/lpc.halpet.eu\/en\/#organization","name":"HalPet","url":"https:\/\/lpc.halpet.eu\/en\/","logo":{"@type":"ImageObject","inLanguage":"en-US","@id":"https:\/\/lpc.halpet.eu\/en\/#\/schema\/logo\/image\/","url":"https:\/\/lpc.halpet.eu\/wp-content\/uploads\/2017\/03\/HalPet-LPC-FeaturedImage.png","contentUrl":"https:\/\/lpc.halpet.eu\/wp-content\/uploads\/2017\/03\/HalPet-LPC-FeaturedImage.png","width":600,"height":315,"caption":"HalPet"},"image":{"@id":"https:\/\/lpc.halpet.eu\/en\/#\/schema\/logo\/image\/"},"sameAs":["https:\/\/www.facebook.com\/halpethr\/","https:\/\/x.com\/halpet_lpc","https:\/\/www.instagram.com\/halpet_lpc\/","https:\/\/www.linkedin.com\/company\/halpet-d-o-o-","https:\/\/www.youtube.com\/channel\/UCFhJV04vPGpLrgA-FovnPDg"]}]}},"_links":{"self":[{"href":"https:\/\/lpc.halpet.eu\/en\/wp-json\/wp\/v2\/product\/46101","targetHints":{"allow":["GET"]}}],"collection":[{"href":"https:\/\/lpc.halpet.eu\/en\/wp-json\/wp\/v2\/product"}],"about":[{"href":"https:\/\/lpc.halpet.eu\/en\/wp-json\/wp\/v2\/types\/product"}],"replies":[{"embeddable":true,"href":"https:\/\/lpc.halpet.eu\/en\/wp-json\/wp\/v2\/comments?post=46101"}],"wp:featuredmedia":[{"embeddable":true,"href":"https:\/\/lpc.halpet.eu\/en\/wp-json\/wp\/v2\/media\/72643"}],"wp:attachment":[{"href":"https:\/\/lpc.halpet.eu\/en\/wp-json\/wp\/v2\/media?parent=46101"}],"wp:term":[{"taxonomy":"product_brand","embeddable":true,"href":"https:\/\/lpc.halpet.eu\/en\/wp-json\/wp\/v2\/product_brand?post=46101"},{"taxonomy":"product_cat","embeddable":true,"href":"https:\/\/lpc.halpet.eu\/en\/wp-json\/wp\/v2\/product_cat?post=46101"},{"taxonomy":"product_tag","embeddable":true,"href":"https:\/\/lpc.halpet.eu\/en\/wp-json\/wp\/v2\/product_tag?post=46101"}],"curies":[{"name":"wp","href":"https:\/\/api.w.org\/{rel}","templated":true}]}}