{"id":37833,"date":"2017-09-27T11:33:13","date_gmt":"2017-09-27T09:33:13","guid":{"rendered":"https:\/\/lpc.halpet.eu\/?post_type=product&#038;p=37833\/"},"modified":"2025-10-13T08:56:53","modified_gmt":"2025-10-13T06:56:53","slug":"upravljanje-vremenom","status":"publish","type":"product","link":"https:\/\/lpc.halpet.eu\/en\/shop\/upravljanje-vremenom\/","title":{"rendered":"Upravljanje vremenom"},"content":{"rendered":"<p><strong>UPRAVLJANE VREMENOM<\/strong><\/p>\n<p>Svi imamo 24 sata na raspolaganju. Ipak, \u010dini se kako nekim ljudima uspijeva mnogo bolje iskoristiti vrijeme nego drugima. Jeste li me\u0111u njima?<\/p>\n<p>Svakim danom ve\u0107ina nas se suo\u010dava sa sve vi\u0161e obaveza. Mo\u017eemo \u010dak konstatirati da <strong>sposobnost u\u010dinkovitog upravljanja vremenom<\/strong>\u00a0nikada nije bila va\u017enija. Upravo ta <strong>koli\u010dina obaveza, brzina \u017eivota i rada<\/strong> donose nemir, stres i nezadovoljstvo postignutim.<\/p>\n<p><strong>Upravljanje vremenom<\/strong> je vje\u0161tina koja se odnosi na sposobnost organiziranja vremena i aktivnosti i prepoznavanja prioriteta. Uspje\u0161no upravljanje vremenom <strong>stvara nove prilike, <\/strong>donosi u\u010dinkovitost, smanjuje svakodnevni stres, daje vi\u0161e prostora za aktivnosti po va\u0161em izboru.<\/p>\n<p>Dobra je vijest da mo\u017eemo nau\u010diti kako upravljati vremenom. Ovaj program poslu\u017eit \u0107e kao<strong> vodi\u010d uz koji \u0107ete po\u010deti u\u010dinkovitije koristiti svoje vrijeme<\/strong>. Program se sastoji od\u00a0<strong>4 lekcije<\/strong>\u00a0u kojima \u0107ete:<\/p>\n<ul>\n<li>saznati u koje\u00a0<strong>zamke naj\u010de\u0161\u0107e upadamo <\/strong>kada poku\u0161avamo upravljati svojim vremenom<\/li>\n<li>otkriti \u0161to su to\u00a0<strong>kradljivci vremena <\/strong>i kako se boriti protiv njih<\/li>\n<li>uvidjeti kako <strong>uspje\u0161no planirati svoje aktivnosti <\/strong>\u2013 sitnice \u010dine veliku razliku<\/li>\n<li>saznati kako<strong> odrediti prioritete i dr\u017eati ih se <\/strong><\/li>\n<li>upoznati se s\u00a0<strong>naju\u010dinkovitijim tehnikama za upravljanje vremenom<\/strong>\u00a0i nau\u010diti kako ih primijeniti u svakodnevnim aktivnostima.<\/li>\n<\/ul>\n<p>Odlu\u010dite se na <strong>pozitivnu promjenu<\/strong>. Pobolj\u0161ajte svoju vje\u0161tinu upravljanja vremenom, i iznenadit \u0107ete se kako se brzo stvari mogu promijeniti nabolje.<\/p>\n<p><strong>Osnovne informacije o programu Upravljanje vremenom*:<\/strong><\/p>\n<p><strong><b><span data-olk-copy-source=\"MessageBody\">Predvi\u0111eno trajanje u\u010denja prema LPC metodi:<\/span><\/b>\u00a0<\/strong>180 min<br \/>\n<strong>Broj lekcija u programu: <\/strong>4<strong><br \/>\nDostupnost: <\/strong>12 mjeseci<strong><br \/>\nProvjera znanja: <\/strong>da<strong><br \/>\nCertifikat o zavr\u0161enom online programu: <\/strong>da<\/p>\n<p><span data-olk-copy-source=\"MessageBody\">*Sav sadr\u017eaj unutar programa, uklju\u010duju\u0107i tekstove, videomaterijale, i druge resurse<\/span>\u00a0je intelektualno\u00a0vlasni\u0161tvo HalPet d.o.o. Raku\u0161ina 1, 10000 Zagreb i nije dozvoljeno\u00a0<b>kopiranje, dijeljenje ili distribuiranje sadr\u017eaja<\/b>\u00a0ovog programa bez prethodne pismene dozvole HalPeta.<\/p>\n<h4><strong>ZA\u0160TO JE OVA VJE\u0160TINA VA\u017dNA?<\/strong><\/h4>\n<div style=\"width: 1920px;\" class=\"wp-video\"><video class=\"wp-video-shortcode\" id=\"video-37833-1\" width=\"1920\" height=\"1080\" poster=\"https:\/\/lpc.halpet.eu\/wp-content\/uploads\/2017\/09\/unnamed-file.jpg\" preload=\"metadata\" controls=\"controls\"><source type=\"video\/mp4\" src=\"https:\/\/lpc.halpet.eu\/wp-content\/uploads\/2017\/09\/Upravljanje-vremenom1.mp4?_=1\" \/><a href=\"https:\/\/lpc.halpet.eu\/wp-content\/uploads\/2017\/09\/Upravljanje-vremenom1.mp4\">https:\/\/lpc.halpet.eu\/wp-content\/uploads\/2017\/09\/Upravljanje-vremenom1.mp4<\/a><\/video><\/div>\n<p>&nbsp;<\/p>\n<p>Prakti\u010dna i jednostavna formula\u00a0<a href=\"https:\/\/halpet.hr\/e-ucenje-korporativna-edukacija-danasnjice\/\" target=\"_blank\" rel=\"noopener noreferrer\">LPC<\/a> programa nudi pomno i stru\u010dno dizajniranu dozu znanja, a sadr\u017ei i konkretne upute kako ne\u0161to raditi br\u017ee, bolje i uspje\u0161nije. Ova komprimirana struktura ina\u010de kompleksne poslovne teme osigurava zadovoljstvo u\u010denja, poti\u010de nov na\u010din razmi\u0161ljanja i pokre\u0107e na akciju.<\/p>\n","protected":false},"excerpt":{"rendered":"<p>UPRAVLJANE VREMENOM Svi imamo 24 sata na raspolaganju. Ipak, \u010dini &hellip;<\/p>\n","protected":false},"featured_media":98458,"comment_status":"open","ping_status":"closed","template":"","meta":{"_acf_changed":false},"product_brand":[],"product_cat":[196,194],"product_tag":[],"class_list":{"0":"post-37833","2":"type-product","3":"status-publish","4":"has-post-thumbnail","6":"product_cat-leadership-and-teamwork","7":"product_cat-specialized-topics","8":"product","10":"instock","11":"virtual","12":"sold-individually","13":"taxable","14":"purchasable","15":"product-type-course"},"acf":[],"yoast_head":"<!-- This site is optimized with the Yoast SEO plugin v27.2 - https:\/\/yoast.com\/product\/yoast-seo-wordpress\/ -->\n<title>Upravljanje vremenom | Online | Iskoristite svoje vrijeme pametno<\/title>\n<meta name=\"description\" content=\"Uz program Upravljanje vremenom bolje odre\u0111ujte prioritete, uspje\u0161no se borite protiv kradljivaca vremena i organizirajte svoj \u017eivotni raspored.\" \/>\n<meta name=\"robots\" content=\"index, follow, max-snippet:-1, max-image-preview:large, max-video-preview:-1\" \/>\n<link rel=\"canonical\" href=\"https:\/\/lpc.halpet.eu\/en\/shop\/upravljanje-vremenom\/\" \/>\n<meta property=\"og:locale\" content=\"en_US\" \/>\n<meta property=\"og:type\" content=\"article\" \/>\n<meta property=\"og:title\" content=\"Upravljanje vremenom | Online | Iskoristite svoje vrijeme pametno\" \/>\n<meta property=\"og:description\" content=\"Uz program Upravljanje vremenom bolje odre\u0111ujte prioritete, uspje\u0161no se borite protiv kradljivaca vremena i organizirajte svoj \u017eivotni raspored.\" \/>\n<meta property=\"og:url\" content=\"https:\/\/lpc.halpet.eu\/en\/shop\/upravljanje-vremenom\/\" \/>\n<meta property=\"og:site_name\" content=\"LPC\" \/>\n<meta property=\"article:publisher\" content=\"https:\/\/www.facebook.com\/halpethr\/\" \/>\n<meta property=\"article:modified_time\" content=\"2025-10-13T06:56:53+00:00\" \/>\n<meta property=\"og:image\" content=\"https:\/\/lpc.halpet.eu\/wp-content\/uploads\/2017\/09\/halpet_lpc_online_edukacije_ucenje_upravljanje_vremenom.png\" \/>\n\t<meta property=\"og:image:width\" content=\"1200\" \/>\n\t<meta property=\"og:image:height\" content=\"1200\" \/>\n\t<meta property=\"og:image:type\" content=\"image\/png\" \/>\n<meta name=\"twitter:card\" content=\"summary_large_image\" \/>\n<meta name=\"twitter:site\" content=\"@halpet_lpc\" \/>\n<meta name=\"twitter:label1\" content=\"Est. reading time\" \/>\n\t<meta name=\"twitter:data1\" content=\"2 minutes\" \/>\n<script type=\"application\/ld+json\" class=\"yoast-schema-graph\">{\"@context\":\"https:\/\/schema.org\",\"@graph\":[{\"@type\":\"WebPage\",\"@id\":\"https:\/\/lpc.halpet.eu\/en\/shop\/upravljanje-vremenom\/\",\"url\":\"https:\/\/lpc.halpet.eu\/en\/shop\/upravljanje-vremenom\/\",\"name\":\"Upravljanje vremenom | Online | Iskoristite svoje vrijeme pametno\",\"isPartOf\":{\"@id\":\"https:\/\/lpc.halpet.eu\/en\/#website\"},\"primaryImageOfPage\":{\"@id\":\"https:\/\/lpc.halpet.eu\/en\/shop\/upravljanje-vremenom\/#primaryimage\"},\"image\":{\"@id\":\"https:\/\/lpc.halpet.eu\/en\/shop\/upravljanje-vremenom\/#primaryimage\"},\"thumbnailUrl\":\"https:\/\/lpc.halpet.eu\/wp-content\/uploads\/2017\/09\/halpet_lpc_online_edukacije_ucenje_upravljanje_vremenom.png\",\"datePublished\":\"2017-09-27T09:33:13+00:00\",\"dateModified\":\"2025-10-13T06:56:53+00:00\",\"description\":\"Uz program Upravljanje vremenom bolje odre\u0111ujte prioritete, uspje\u0161no se borite protiv kradljivaca vremena i organizirajte svoj \u017eivotni raspored.\",\"breadcrumb\":{\"@id\":\"https:\/\/lpc.halpet.eu\/en\/shop\/upravljanje-vremenom\/#breadcrumb\"},\"inLanguage\":\"en-US\",\"potentialAction\":[{\"@type\":\"ReadAction\",\"target\":[\"https:\/\/lpc.halpet.eu\/en\/shop\/upravljanje-vremenom\/\"]}]},{\"@type\":\"ImageObject\",\"inLanguage\":\"en-US\",\"@id\":\"https:\/\/lpc.halpet.eu\/en\/shop\/upravljanje-vremenom\/#primaryimage\",\"url\":\"https:\/\/lpc.halpet.eu\/wp-content\/uploads\/2017\/09\/halpet_lpc_online_edukacije_ucenje_upravljanje_vremenom.png\",\"contentUrl\":\"https:\/\/lpc.halpet.eu\/wp-content\/uploads\/2017\/09\/halpet_lpc_online_edukacije_ucenje_upravljanje_vremenom.png\",\"width\":1200,\"height\":1200},{\"@type\":\"BreadcrumbList\",\"@id\":\"https:\/\/lpc.halpet.eu\/en\/shop\/upravljanje-vremenom\/#breadcrumb\",\"itemListElement\":[{\"@type\":\"ListItem\",\"position\":1,\"name\":\"Home\",\"item\":\"https:\/\/lpc.halpet.eu\/en\/\"},{\"@type\":\"ListItem\",\"position\":2,\"name\":\"LPC shop\",\"item\":\"https:\/\/lpc.halpet.eu\/en\/shop\/\"},{\"@type\":\"ListItem\",\"position\":3,\"name\":\"Upravljanje vremenom\"}]},{\"@type\":\"WebSite\",\"@id\":\"https:\/\/lpc.halpet.eu\/en\/#website\",\"url\":\"https:\/\/lpc.halpet.eu\/en\/\",\"name\":\"LPC\",\"description\":\"A HalPet learning experience\",\"publisher\":{\"@id\":\"https:\/\/lpc.halpet.eu\/en\/#organization\"},\"potentialAction\":[{\"@type\":\"SearchAction\",\"target\":{\"@type\":\"EntryPoint\",\"urlTemplate\":\"https:\/\/lpc.halpet.eu\/en\/?s={search_term_string}\"},\"query-input\":{\"@type\":\"PropertyValueSpecification\",\"valueRequired\":true,\"valueName\":\"search_term_string\"}}],\"inLanguage\":\"en-US\"},{\"@type\":\"Organization\",\"@id\":\"https:\/\/lpc.halpet.eu\/en\/#organization\",\"name\":\"HalPet\",\"url\":\"https:\/\/lpc.halpet.eu\/en\/\",\"logo\":{\"@type\":\"ImageObject\",\"inLanguage\":\"en-US\",\"@id\":\"https:\/\/lpc.halpet.eu\/en\/#\/schema\/logo\/image\/\",\"url\":\"https:\/\/lpc.halpet.eu\/wp-content\/uploads\/2017\/03\/HalPet-LPC-FeaturedImage.png\",\"contentUrl\":\"https:\/\/lpc.halpet.eu\/wp-content\/uploads\/2017\/03\/HalPet-LPC-FeaturedImage.png\",\"width\":600,\"height\":315,\"caption\":\"HalPet\"},\"image\":{\"@id\":\"https:\/\/lpc.halpet.eu\/en\/#\/schema\/logo\/image\/\"},\"sameAs\":[\"https:\/\/www.facebook.com\/halpethr\/\",\"https:\/\/x.com\/halpet_lpc\",\"https:\/\/www.instagram.com\/halpet_lpc\/\",\"https:\/\/www.linkedin.com\/company\/halpet-d-o-o-\",\"https:\/\/www.youtube.com\/channel\/UCFhJV04vPGpLrgA-FovnPDg\"]}]}<\/script>\n<!-- \/ Yoast SEO plugin. -->","yoast_head_json":{"title":"Upravljanje vremenom | Online | Iskoristite svoje vrijeme pametno","description":"Uz program Upravljanje vremenom bolje odre\u0111ujte prioritete, uspje\u0161no se borite protiv kradljivaca vremena i organizirajte svoj \u017eivotni raspored.","robots":{"index":"index","follow":"follow","max-snippet":"max-snippet:-1","max-image-preview":"max-image-preview:large","max-video-preview":"max-video-preview:-1"},"canonical":"https:\/\/lpc.halpet.eu\/en\/shop\/upravljanje-vremenom\/","og_locale":"en_US","og_type":"article","og_title":"Upravljanje vremenom | Online | Iskoristite svoje vrijeme pametno","og_description":"Uz program Upravljanje vremenom bolje odre\u0111ujte prioritete, uspje\u0161no se borite protiv kradljivaca vremena i organizirajte svoj \u017eivotni raspored.","og_url":"https:\/\/lpc.halpet.eu\/en\/shop\/upravljanje-vremenom\/","og_site_name":"LPC","article_publisher":"https:\/\/www.facebook.com\/halpethr\/","article_modified_time":"2025-10-13T06:56:53+00:00","og_image":[{"width":1200,"height":1200,"url":"https:\/\/lpc.halpet.eu\/wp-content\/uploads\/2017\/09\/halpet_lpc_online_edukacije_ucenje_upravljanje_vremenom.png","type":"image\/png"}],"twitter_card":"summary_large_image","twitter_site":"@halpet_lpc","twitter_misc":{"Est. reading time":"2 minutes"},"schema":{"@context":"https:\/\/schema.org","@graph":[{"@type":"WebPage","@id":"https:\/\/lpc.halpet.eu\/en\/shop\/upravljanje-vremenom\/","url":"https:\/\/lpc.halpet.eu\/en\/shop\/upravljanje-vremenom\/","name":"Upravljanje vremenom | Online | Iskoristite svoje vrijeme pametno","isPartOf":{"@id":"https:\/\/lpc.halpet.eu\/en\/#website"},"primaryImageOfPage":{"@id":"https:\/\/lpc.halpet.eu\/en\/shop\/upravljanje-vremenom\/#primaryimage"},"image":{"@id":"https:\/\/lpc.halpet.eu\/en\/shop\/upravljanje-vremenom\/#primaryimage"},"thumbnailUrl":"https:\/\/lpc.halpet.eu\/wp-content\/uploads\/2017\/09\/halpet_lpc_online_edukacije_ucenje_upravljanje_vremenom.png","datePublished":"2017-09-27T09:33:13+00:00","dateModified":"2025-10-13T06:56:53+00:00","description":"Uz program Upravljanje vremenom bolje odre\u0111ujte prioritete, uspje\u0161no se borite protiv kradljivaca vremena i organizirajte svoj \u017eivotni raspored.","breadcrumb":{"@id":"https:\/\/lpc.halpet.eu\/en\/shop\/upravljanje-vremenom\/#breadcrumb"},"inLanguage":"en-US","potentialAction":[{"@type":"ReadAction","target":["https:\/\/lpc.halpet.eu\/en\/shop\/upravljanje-vremenom\/"]}]},{"@type":"ImageObject","inLanguage":"en-US","@id":"https:\/\/lpc.halpet.eu\/en\/shop\/upravljanje-vremenom\/#primaryimage","url":"https:\/\/lpc.halpet.eu\/wp-content\/uploads\/2017\/09\/halpet_lpc_online_edukacije_ucenje_upravljanje_vremenom.png","contentUrl":"https:\/\/lpc.halpet.eu\/wp-content\/uploads\/2017\/09\/halpet_lpc_online_edukacije_ucenje_upravljanje_vremenom.png","width":1200,"height":1200},{"@type":"BreadcrumbList","@id":"https:\/\/lpc.halpet.eu\/en\/shop\/upravljanje-vremenom\/#breadcrumb","itemListElement":[{"@type":"ListItem","position":1,"name":"Home","item":"https:\/\/lpc.halpet.eu\/en\/"},{"@type":"ListItem","position":2,"name":"LPC shop","item":"https:\/\/lpc.halpet.eu\/en\/shop\/"},{"@type":"ListItem","position":3,"name":"Upravljanje vremenom"}]},{"@type":"WebSite","@id":"https:\/\/lpc.halpet.eu\/en\/#website","url":"https:\/\/lpc.halpet.eu\/en\/","name":"LPC","description":"A HalPet learning experience","publisher":{"@id":"https:\/\/lpc.halpet.eu\/en\/#organization"},"potentialAction":[{"@type":"SearchAction","target":{"@type":"EntryPoint","urlTemplate":"https:\/\/lpc.halpet.eu\/en\/?s={search_term_string}"},"query-input":{"@type":"PropertyValueSpecification","valueRequired":true,"valueName":"search_term_string"}}],"inLanguage":"en-US"},{"@type":"Organization","@id":"https:\/\/lpc.halpet.eu\/en\/#organization","name":"HalPet","url":"https:\/\/lpc.halpet.eu\/en\/","logo":{"@type":"ImageObject","inLanguage":"en-US","@id":"https:\/\/lpc.halpet.eu\/en\/#\/schema\/logo\/image\/","url":"https:\/\/lpc.halpet.eu\/wp-content\/uploads\/2017\/03\/HalPet-LPC-FeaturedImage.png","contentUrl":"https:\/\/lpc.halpet.eu\/wp-content\/uploads\/2017\/03\/HalPet-LPC-FeaturedImage.png","width":600,"height":315,"caption":"HalPet"},"image":{"@id":"https:\/\/lpc.halpet.eu\/en\/#\/schema\/logo\/image\/"},"sameAs":["https:\/\/www.facebook.com\/halpethr\/","https:\/\/x.com\/halpet_lpc","https:\/\/www.instagram.com\/halpet_lpc\/","https:\/\/www.linkedin.com\/company\/halpet-d-o-o-","https:\/\/www.youtube.com\/channel\/UCFhJV04vPGpLrgA-FovnPDg"]}]}},"_links":{"self":[{"href":"https:\/\/lpc.halpet.eu\/en\/wp-json\/wp\/v2\/product\/37833","targetHints":{"allow":["GET"]}}],"collection":[{"href":"https:\/\/lpc.halpet.eu\/en\/wp-json\/wp\/v2\/product"}],"about":[{"href":"https:\/\/lpc.halpet.eu\/en\/wp-json\/wp\/v2\/types\/product"}],"replies":[{"embeddable":true,"href":"https:\/\/lpc.halpet.eu\/en\/wp-json\/wp\/v2\/comments?post=37833"}],"wp:featuredmedia":[{"embeddable":true,"href":"https:\/\/lpc.halpet.eu\/en\/wp-json\/wp\/v2\/media\/98458"}],"wp:attachment":[{"href":"https:\/\/lpc.halpet.eu\/en\/wp-json\/wp\/v2\/media?parent=37833"}],"wp:term":[{"taxonomy":"product_brand","embeddable":true,"href":"https:\/\/lpc.halpet.eu\/en\/wp-json\/wp\/v2\/product_brand?post=37833"},{"taxonomy":"product_cat","embeddable":true,"href":"https:\/\/lpc.halpet.eu\/en\/wp-json\/wp\/v2\/product_cat?post=37833"},{"taxonomy":"product_tag","embeddable":true,"href":"https:\/\/lpc.halpet.eu\/en\/wp-json\/wp\/v2\/product_tag?post=37833"}],"curies":[{"name":"wp","href":"https:\/\/api.w.org\/{rel}","templated":true}]}}