{"id":33116,"date":"2017-09-01T13:51:04","date_gmt":"2017-09-01T11:51:04","guid":{"rendered":"https:\/\/lpc.halpet.eu\/?post_type=product&#038;p=33116\/"},"modified":"2025-03-17T10:52:51","modified_gmt":"2025-03-17T09:52:51","slug":"testiranje-talijanskog-jezika-online","status":"publish","type":"product","link":"https:\/\/lpc.halpet.eu\/en\/shop\/testiranje-talijanskog-jezika-online\/","title":{"rendered":"Testiranje talijanskog jezika online"},"content":{"rendered":"<p>Testiranje talijanskog jezika <em>online<\/em> pru\u017ea <strong>okvirno<\/strong> odre\u0111ivanje stupnja poznavanja jezi\u010dnih struktura u talijanskom jeziku.<\/p>\n<p><strong>Provjera znanja<\/strong> odre\u0111uje <strong>polazi\u0161no mjesto<\/strong> za utvr\u0111ivanje stupnja poznavanja talijanskog jezika te je dobiveni rezultat isklju\u010divo <strong>informativan<\/strong>.<\/p>\n<p>Test se sastoji od <strong>40 pitanja<\/strong> s <strong>4 ponu\u0111ena odgovora<\/strong> od kojih je <strong>jedan<\/strong> to\u010dan. Testu se mo\u017ee <strong>pristupiti<\/strong> samo <strong>jednom<\/strong>, a vrijeme rje\u0161avanja testa je ograni\u010deno na <strong>20 minuta.<\/strong><\/p>\n<p><strong>Osnovne informacije o programu Testiranje talijanskog jezika online*:<\/strong><\/p>\n<p><strong><b><span data-olk-copy-source=\"MessageBody\">Predvi\u0111eno trajanje u\u010denja prema LPC metodi:<\/span><\/b> <\/strong>20 min<br \/>\n<strong>Broj lekcija u programu: \/<\/strong><strong><br \/>\nDostupnost: <\/strong>12 mjeseci<strong><br \/>\nProvjera znanja: <\/strong>da<strong><br \/>\nCertifikat o zavr\u0161enom online programu: <\/strong>da<\/p>\n<p><span data-olk-copy-source=\"MessageBody\">*Sav sadr\u017eaj unutar programa, uklju\u010duju\u0107i tekstove, videomaterijale, i druge resurse<\/span>\u00a0je intelektualno\u00a0vlasni\u0161tvo HalPet d.o.o. Raku\u0161ina 1, 10000 Zagreb i nije dozvoljeno\u00a0<b>kopiranje, dijeljenje ili distribuiranje sadr\u017eaja<\/b>\u00a0ovog programa bez prethodne pismene dozvole HalPeta.<\/p>\n","protected":false},"excerpt":{"rendered":"<p>Testiranje talijanskog jezika online pru\u017ea okvirno odre\u0111ivanje stupnja poznavanja jezi\u010dnih &hellip;<\/p>\n","protected":false},"featured_media":15855,"comment_status":"open","ping_status":"closed","template":"","meta":{"_acf_changed":false},"product_brand":[],"product_cat":[52],"product_tag":[],"class_list":{"0":"post-33116","2":"type-product","3":"status-publish","4":"has-post-thumbnail","6":"product_cat-foreign-languages","7":"product","9":"instock","10":"virtual","11":"sold-individually","12":"taxable","13":"purchasable","14":"product-type-course"},"acf":[],"_links":{"self":[{"href":"https:\/\/lpc.halpet.eu\/en\/wp-json\/wp\/v2\/product\/33116","targetHints":{"allow":["GET"]}}],"collection":[{"href":"https:\/\/lpc.halpet.eu\/en\/wp-json\/wp\/v2\/product"}],"about":[{"href":"https:\/\/lpc.halpet.eu\/en\/wp-json\/wp\/v2\/types\/product"}],"replies":[{"embeddable":true,"href":"https:\/\/lpc.halpet.eu\/en\/wp-json\/wp\/v2\/comments?post=33116"}],"wp:featuredmedia":[{"embeddable":true,"href":"https:\/\/lpc.halpet.eu\/en\/wp-json\/wp\/v2\/media\/15855"}],"wp:attachment":[{"href":"https:\/\/lpc.halpet.eu\/en\/wp-json\/wp\/v2\/media?parent=33116"}],"wp:term":[{"taxonomy":"product_brand","embeddable":true,"href":"https:\/\/lpc.halpet.eu\/en\/wp-json\/wp\/v2\/product_brand?post=33116"},{"taxonomy":"product_cat","embeddable":true,"href":"https:\/\/lpc.halpet.eu\/en\/wp-json\/wp\/v2\/product_cat?post=33116"},{"taxonomy":"product_tag","embeddable":true,"href":"https:\/\/lpc.halpet.eu\/en\/wp-json\/wp\/v2\/product_tag?post=33116"}],"curies":[{"name":"wp","href":"https:\/\/api.w.org\/{rel}","templated":true}]}}