{"id":120037,"date":"2025-11-11T08:51:23","date_gmt":"2025-11-11T07:51:23","guid":{"rendered":"https:\/\/lpc.halpet.eu\/shop\/ai-ti-to-mozes\/"},"modified":"2026-04-14T13:45:16","modified_gmt":"2026-04-14T11:45:16","slug":"ai-ti-to-mozes","status":"publish","type":"product","link":"https:\/\/lpc.halpet.eu\/en\/shop\/ai-ti-to-mozes\/","title":{"rendered":"AI ti to mo\u017ee\u0161"},"content":{"rendered":"<p>Uklju\u010di se u \u201eAI ti to mo\u017ee\u0161\u201c, nacionalni program besplatnih edukacija o umjetnoj inteligenciji na hrvatskom jeziku, koji Hrvatski Telekom provodi u suradnji s HalPet-om.<\/p>\n<p>Preuzimanjem ove edukacije za <strong>0,00 EUR<\/strong> dobiva\u0161 pristup za 14 edukacijskih modula koji sadr\u017ee snimke odr\u017eanih webinara, linkove za prijavu na nadolaze\u0107e webinare, kao i informacije o webinarima u najavi.<\/p>\n<p>Osim toga, nakon svakog edukacijskog modula kroz LPC sustav mo\u017ee\u0161 provjeriti svoje znanje i <a id=\"anchor-78cd2e56-64c3-7aa3-4a2d-62f80d27a228\" class=\"OWAAutoLink\" title=\"https:\/\/youtu.be\/VJbJI_l8ezs\" href=\"https:\/\/youtu.be\/VJbJI_l8ezs\" target=\"_blank\" rel=\"noopener\"><strong>preuzeti certifikat<\/strong><\/a> \ud83d\ude0a<\/p>\n<hr \/>\n<p><strong>TEME KOJE TE O\u010cEKUJU:<\/strong><\/p>\n<ol>\n<li>AI pod pove\u0107alom: sigurnost, granice i odgovorno kori\u0161tenje<\/li>\n<li>AI u svakodnevici \u2013 va\u0161 pametni saveznik<\/li>\n<li>AI i radni dan \u2013 kako raditi br\u017ee i pametnije<\/li>\n<li>Uvod u ChatGPT, Perplexity, Gemini, Canva AI, Copilot i Claude<\/li>\n<li>AI i wellbeing \u2013 balans tehnologije i \u017eivota<\/li>\n<li><span data-olk-copy-source=\"MailCompose\">Kombiniranje vi\u0161e AI alata u workflow\u202f<\/span><\/li>\n<li>AI za kreativno pisanje i storytelling<\/li>\n<li><span data-olk-copy-source=\"MessageBody\">AI alati za razli\u010dite domene<\/span><\/li>\n<li>Generiranje slika, glazbe i vizuala uz AI<\/li>\n<li>AI kao osobni asistent (organizacija, planiranje, mailovi)<\/li>\n<li>Kako kvalitetno razgovarati s AI-jem \u2013 osnove promptanja<\/li>\n<li>Prompt engineering \u2013 napredne tehnike<\/li>\n<li>Kako prepoznati fake news i deepfake sadr\u017eaj<\/li>\n<li>AI trendovi i inovacije (najnovije primjene i perspektivni novi alati)<\/li>\n<\/ol>\n<p><span data-contrast=\"auto\">Kreni s u\u010denjem jer <strong>\u201eAI ti to mo\u017ee\u0161\u201d<\/strong>!<\/span><\/p>\n<p><span data-contrast=\"none\">Vi\u0161e o \u201eAI ti to mo\u017ee\u0161\u201d programu saznaj na <\/span><span style=\"text-decoration: underline;\"><a href=\"https:\/\/lpc.halpet.eu\/en\/marketing-page\/ai-courses\/\">linku<\/a><\/span><span data-contrast=\"none\">.<\/span><\/p>\n<hr \/>\n<p><strong>HalPet AI edukatori:<\/strong><\/p>\n<p><img loading=\"lazy\" decoding=\"async\" class=\"aligncenter wp-image-124523 size-full\" src=\"https:\/\/lpc.halpet.eu\/wp-content\/uploads\/2025\/11\/HT-projekt-AI-ti-to-mozes-edukatorice-e1772632488875.png\" alt=\"\" width=\"1920\" height=\"925\" srcset=\"https:\/\/lpc.halpet.eu\/wp-content\/uploads\/2025\/11\/HT-projekt-AI-ti-to-mozes-edukatorice-e1772632488875.png 1920w, https:\/\/lpc.halpet.eu\/wp-content\/uploads\/2025\/11\/HT-projekt-AI-ti-to-mozes-edukatorice-e1772632488875-300x145.png 300w, https:\/\/lpc.halpet.eu\/wp-content\/uploads\/2025\/11\/HT-projekt-AI-ti-to-mozes-edukatorice-e1772632488875-1024x493.png 1024w, https:\/\/lpc.halpet.eu\/wp-content\/uploads\/2025\/11\/HT-projekt-AI-ti-to-mozes-edukatorice-e1772632488875-768x370.png 768w, https:\/\/lpc.halpet.eu\/wp-content\/uploads\/2025\/11\/HT-projekt-AI-ti-to-mozes-edukatorice-e1772632488875-1536x740.png 1536w, https:\/\/lpc.halpet.eu\/wp-content\/uploads\/2025\/11\/HT-projekt-AI-ti-to-mozes-edukatorice-e1772632488875-420x202.png 420w, https:\/\/lpc.halpet.eu\/wp-content\/uploads\/2025\/11\/HT-projekt-AI-ti-to-mozes-edukatorice-e1772632488875-200x96.png 200w, https:\/\/lpc.halpet.eu\/wp-content\/uploads\/2025\/11\/HT-projekt-AI-ti-to-mozes-edukatorice-e1772632488875-50x24.png 50w, https:\/\/lpc.halpet.eu\/wp-content\/uploads\/2025\/11\/HT-projekt-AI-ti-to-mozes-edukatorice-e1772632488875-100x48.png 100w, https:\/\/lpc.halpet.eu\/wp-content\/uploads\/2025\/11\/HT-projekt-AI-ti-to-mozes-edukatorice-e1772632488875-600x289.png 600w\" sizes=\"auto, (max-width: 1920px) 100vw, 1920px\" \/><\/p>\n<hr \/>\n<div class=\"h5p-iframe-wrapper\"><iframe id=\"h5p-iframe-2310\" class=\"h5p-iframe\" data-content-id=\"2310\" style=\"height:1px\" src=\"about:blank\" frameBorder=\"0\" scrolling=\"no\" title=\"AI ti to mozes proizvod komentari\"><\/iframe><\/div>\n","protected":false},"excerpt":{"rendered":"<p>Uklju\u010di se u \u201eAI ti to mo\u017ee\u0161\u201c, nacionalni program besplatnih &hellip;<\/p>\n","protected":false},"featured_media":119547,"comment_status":"open","ping_status":"closed","template":"","meta":{"_acf_changed":false},"product_brand":[],"product_cat":[270],"product_tag":[],"class_list":{"0":"post-120037","2":"type-product","3":"status-publish","4":"has-post-thumbnail","6":"product_cat-ai-ti-to-mozes","7":"product","9":"instock","10":"virtual","11":"sold-individually","12":"taxable","13":"purchasable","14":"product-type-course"},"acf":[],"_links":{"self":[{"href":"https:\/\/lpc.halpet.eu\/en\/wp-json\/wp\/v2\/product\/120037","targetHints":{"allow":["GET"]}}],"collection":[{"href":"https:\/\/lpc.halpet.eu\/en\/wp-json\/wp\/v2\/product"}],"about":[{"href":"https:\/\/lpc.halpet.eu\/en\/wp-json\/wp\/v2\/types\/product"}],"replies":[{"embeddable":true,"href":"https:\/\/lpc.halpet.eu\/en\/wp-json\/wp\/v2\/comments?post=120037"}],"wp:featuredmedia":[{"embeddable":true,"href":"https:\/\/lpc.halpet.eu\/en\/wp-json\/wp\/v2\/media\/119547"}],"wp:attachment":[{"href":"https:\/\/lpc.halpet.eu\/en\/wp-json\/wp\/v2\/media?parent=120037"}],"wp:term":[{"taxonomy":"product_brand","embeddable":true,"href":"https:\/\/lpc.halpet.eu\/en\/wp-json\/wp\/v2\/product_brand?post=120037"},{"taxonomy":"product_cat","embeddable":true,"href":"https:\/\/lpc.halpet.eu\/en\/wp-json\/wp\/v2\/product_cat?post=120037"},{"taxonomy":"product_tag","embeddable":true,"href":"https:\/\/lpc.halpet.eu\/en\/wp-json\/wp\/v2\/product_tag?post=120037"}],"curies":[{"name":"wp","href":"https:\/\/api.w.org\/{rel}","templated":true}]}}