{"id":119626,"date":"2025-11-05T15:50:46","date_gmt":"2025-11-05T14:50:46","guid":{"rendered":"https:\/\/lpc.halpet.eu\/shop\/coaching-tehnika-za-razvoj-tima\/"},"modified":"2025-12-03T14:02:16","modified_gmt":"2025-12-03T13:02:16","slug":"coaching-tehnika-za-razvoj-tima","status":"publish","type":"product","link":"https:\/\/lpc.halpet.eu\/en\/shop\/coaching-tehnika-za-razvoj-tima\/","title":{"rendered":"Coaching tehnika za razvoj tima"},"content":{"rendered":"<p>Tajna uspje\u0161nog coachinga le\u017ei u pravim pitanjima. Saznajte koja pitanja odabrati i iz svakog razgovora s \u010dlanovima svog tima izvucite maksimum. Ova \u0107e vam lekcija pomo\u0107i ubrzati razvoj tima i motivirati vas da svaki va\u0161 coaching razgovor bude uspje\u0161niji. Va\u0161i \u0107e vam \u010dlanovi tima ulo\u017eeni trud vi\u0161estruko vratiti.<\/p>\n<p><b><span data-olk-copy-source=\"MessageBody\">Osnovne informacije o programu Coaching tehnika za razvoj tima*:<\/span><\/b><\/p>\n<p><strong><b><span data-olk-copy-source=\"MessageBody\">Predvi\u0111eno trajanje u\u010denja prema LPC metodi: <\/span><\/b><\/strong>30 min<br \/>\n<strong>Broj lekcija u programu: <\/strong>1<strong><br \/>\nDostupnost: <\/strong>12 mjeseci<strong><br \/>\nProvjera znanja: <\/strong>da<strong><br \/>\nCertifikat o zavr\u0161enom online programu: <\/strong>da<\/p>\n<p><span data-olk-copy-source=\"MessageBody\">*Sav sadr\u017eaj unutar programa, uklju\u010duju\u0107i tekstove, videomaterijale, i druge resurse<\/span>\u00a0je intelektualno\u00a0vlasni\u0161tvo HalPet d.o.o. Raku\u0161ina 1, 10000 Zagreb i nije dozvoljeno\u00a0<b>kopiranje, dijeljenje ili distribuiranje sadr\u017eaja<\/b>\u00a0ovog programa bez prethodne pismene dozvole HalPeta.<\/p>\n<p>Ovaj LPC mikro-program iz kategorije <a href=\"https:\/\/lpc.halpet.eu\/trgovina\/?selected_product_categories%5B%5D=93&amp;s=&amp;orderby=relevance&amp;filter=true\">Alati br\u017ee-lak\u0161e-bolje<\/a> i <a href=\"https:\/\/lpc.halpet.eu\/trgovina\/?selected_product_categories%5B%5D=197&amp;s=&amp;orderby=relevance&amp;filter=true\">Vodstvo i tim<\/a>, pru\u017ea vam prakti\u010dnu i jednostavnu formulu za brzo usvajanje klju\u010dnih koncepata. Stru\u010dno dizajnirana doza znanja obuhva\u0107a konkretne smjernice kako posti\u0107i bolje rezultate u upravljanju timom, sve u skladu s na\u0161om LPC strukturom koja \u010dak i kompleksne poslovne teme \u010dini pristupa\u010dnima i razumljivima.<\/p>\n<p>Investirajte u svoj novi menad\u017eerski alat &#8220;Coaching tehnika za razvoj tima&#8221;. O\u010dekujte zadovoljstvo u\u010denja, nov na\u010din razmi\u0161ljanja i poticaj na ostvarenje vrhunskih rezultata. Upravljajte timom s lako\u0107om &#8211; va\u0161 put prema uspjehu po\u010dinje ovdje.<\/p>\n","protected":false},"excerpt":{"rendered":"<p>Tajna uspje\u0161nog coachinga le\u017ei u pravim pitanjima. Saznajte koja pitanja &hellip;<\/p>\n","protected":false},"featured_media":116115,"comment_status":"open","ping_status":"closed","template":"","meta":{"_acf_changed":false},"product_brand":[],"product_cat":[92,196],"product_tag":[],"class_list":{"0":"post-119626","2":"type-product","3":"status-publish","4":"has-post-thumbnail","6":"product_cat-power-up-tools","7":"product_cat-leadership-and-teamwork","8":"product","10":"instock","11":"virtual","12":"sold-individually","13":"taxable","14":"purchasable","15":"product-type-course"},"acf":[],"_links":{"self":[{"href":"https:\/\/lpc.halpet.eu\/en\/wp-json\/wp\/v2\/product\/119626","targetHints":{"allow":["GET"]}}],"collection":[{"href":"https:\/\/lpc.halpet.eu\/en\/wp-json\/wp\/v2\/product"}],"about":[{"href":"https:\/\/lpc.halpet.eu\/en\/wp-json\/wp\/v2\/types\/product"}],"replies":[{"embeddable":true,"href":"https:\/\/lpc.halpet.eu\/en\/wp-json\/wp\/v2\/comments?post=119626"}],"wp:featuredmedia":[{"embeddable":true,"href":"https:\/\/lpc.halpet.eu\/en\/wp-json\/wp\/v2\/media\/116115"}],"wp:attachment":[{"href":"https:\/\/lpc.halpet.eu\/en\/wp-json\/wp\/v2\/media?parent=119626"}],"wp:term":[{"taxonomy":"product_brand","embeddable":true,"href":"https:\/\/lpc.halpet.eu\/en\/wp-json\/wp\/v2\/product_brand?post=119626"},{"taxonomy":"product_cat","embeddable":true,"href":"https:\/\/lpc.halpet.eu\/en\/wp-json\/wp\/v2\/product_cat?post=119626"},{"taxonomy":"product_tag","embeddable":true,"href":"https:\/\/lpc.halpet.eu\/en\/wp-json\/wp\/v2\/product_tag?post=119626"}],"curies":[{"name":"wp","href":"https:\/\/api.w.org\/{rel}","templated":true}]}}