{"id":119620,"date":"2025-11-05T15:38:35","date_gmt":"2025-11-05T14:38:35","guid":{"rendered":"https:\/\/lpc.halpet.eu\/shop\/kako-rijesiti-problem-u-7-koraka\/"},"modified":"2025-11-05T15:38:50","modified_gmt":"2025-11-05T14:38:50","slug":"kako-rijesiti-problem-u-7-koraka","status":"publish","type":"product","link":"https:\/\/lpc.halpet.eu\/en\/shop\/kako-rijesiti-problem-u-7-koraka\/","title":{"rendered":"Kako rije\u0161iti problem u 7 koraka"},"content":{"rendered":"<p>Iako su problemi sastavni dio na\u0161eg svakodnevnog poslovnog i privatnog \u017eivota, prili\u010dno rijetko im pristupamo na promi\u0161ljen i strukturiran na\u010din. Nau\u010dite kako to \u010diniti. O pa\u017enji i vremenu koje \u0107ete posvetiti zadanim koracima razmi\u0161ljajte kao o ulaganju koje \u0107e vam se vi\u0161estruko isplatiti.<\/p>\n<p><b><span data-olk-copy-source=\"MessageBody\">Osnovne informacije o programu Kako rije\u0161iti problem u 7 koraka*:<\/span><\/b><\/p>\n<p><strong><b><span data-olk-copy-source=\"MessageBody\">Predvi\u0111eno trajanje u\u010denja prema LPC metodi: <\/span><\/b><\/strong>60 min<br \/>\n<strong>Broj lekcija u programu: <\/strong>1<strong><br \/>\nDostupnost: <\/strong>12 mjeseci<strong><br \/>\nProvjera znanja: <\/strong>da<strong><br \/>\nCertifikat o zavr\u0161enom online programu: <\/strong>da<\/p>\n<p><span data-olk-copy-source=\"MessageBody\">*Sav sadr\u017eaj unutar programa, uklju\u010duju\u0107i tekstove, videomaterijale, i druge resurse<\/span>\u00a0je intelektualno\u00a0vlasni\u0161tvo HalPet d.o.o. Raku\u0161ina 1, 10000 Zagreb i nije dozvoljeno\u00a0<b>kopiranje, dijeljenje ili distribuiranje sadr\u017eaja<\/b>\u00a0ovog programa bez prethodne pismene dozvole HalPeta.<\/p>\n<p>Prakti\u010dna i jednostavna LPC formula mikro-programa nudi pomno i stru\u010dno dizajniranu dozu znanja, a sadr\u017ei i konkretne upute kako ne\u0161to raditi br\u017ee, bolje i uspje\u0161nije. Pru\u017ea vam prakti\u010dna i jednostavna rje\u0161enja, poti\u010di\u0107i novi na\u010din razmi\u0161ljanja i akciju.<\/p>\n<p>Ovaj program je i dio <a href=\"https:\/\/lpc.halpet.eu\/en\/lpc-for-business\/\">LPC for Business<\/a> proizvoda u kojem se nalazi vi\u0161e od 100 programa iz podru\u010dja najtra\u017eenijih poslovnih vje\u0161tina i stranih jezika. Na\u0161i su programi provjereni i vi\u0161estruko isprobani od strane najve\u0107ih doma\u0107ih tvrtki.\u00a0 Proizvod je kreiran kako bi profesionalcima, timovima i tvrtkama pomogao \u00a0postizati profesionalne i osobne ciljeve br\u017ee i lak\u0161e.<\/p>\n","protected":false},"excerpt":{"rendered":"<p>Iako su problemi sastavni dio na\u0161eg svakodnevnog poslovnog i privatnog &hellip;<\/p>\n","protected":false},"featured_media":116084,"comment_status":"open","ping_status":"closed","template":"","meta":{"_acf_changed":false},"product_brand":[],"product_cat":[92,196],"product_tag":[],"class_list":{"0":"post-119620","2":"type-product","3":"status-publish","4":"has-post-thumbnail","6":"product_cat-power-up-tools","7":"product_cat-leadership-and-teamwork","8":"product","10":"instock","11":"virtual","12":"sold-individually","13":"taxable","14":"purchasable","15":"product-type-course"},"acf":[],"_links":{"self":[{"href":"https:\/\/lpc.halpet.eu\/en\/wp-json\/wp\/v2\/product\/119620","targetHints":{"allow":["GET"]}}],"collection":[{"href":"https:\/\/lpc.halpet.eu\/en\/wp-json\/wp\/v2\/product"}],"about":[{"href":"https:\/\/lpc.halpet.eu\/en\/wp-json\/wp\/v2\/types\/product"}],"replies":[{"embeddable":true,"href":"https:\/\/lpc.halpet.eu\/en\/wp-json\/wp\/v2\/comments?post=119620"}],"wp:featuredmedia":[{"embeddable":true,"href":"https:\/\/lpc.halpet.eu\/en\/wp-json\/wp\/v2\/media\/116084"}],"wp:attachment":[{"href":"https:\/\/lpc.halpet.eu\/en\/wp-json\/wp\/v2\/media?parent=119620"}],"wp:term":[{"taxonomy":"product_brand","embeddable":true,"href":"https:\/\/lpc.halpet.eu\/en\/wp-json\/wp\/v2\/product_brand?post=119620"},{"taxonomy":"product_cat","embeddable":true,"href":"https:\/\/lpc.halpet.eu\/en\/wp-json\/wp\/v2\/product_cat?post=119620"},{"taxonomy":"product_tag","embeddable":true,"href":"https:\/\/lpc.halpet.eu\/en\/wp-json\/wp\/v2\/product_tag?post=119620"}],"curies":[{"name":"wp","href":"https:\/\/api.w.org\/{rel}","templated":true}]}}