{"id":11805,"date":"2017-03-15T16:31:16","date_gmt":"2017-03-15T14:31:16","guid":{"rendered":"https:\/\/lpc.halpet.eu\/shop\/finance-for-nonfinancials\/"},"modified":"2025-03-17T11:07:39","modified_gmt":"2025-03-17T10:07:39","slug":"finance-for-beginners","status":"publish","type":"product","link":"https:\/\/lpc.halpet.eu\/en\/shop\/finance-for-beginners\/","title":{"rendered":"Financije za nefinancija\u0161e"},"content":{"rendered":"<p><strong>FINANCIJE ZA NEFINANCIJA\u0160E\u00a0<\/strong><\/p>\n<p>Znanje o tome kako funkcioniraju financije za poslovni je svijet <strong>imperativ<\/strong>. Financije utje\u010du ba\u0161 na svaki dio poslovanja i ne trebate biti zaposleni u financijskom sektoru da prona\u0111ete dobar razlog za\u0161to se baciti na usvajanje znanja iz tog podru\u010dja.<\/p>\n<p>Bez obzira na to jeste li zaposlenik, menad\u017eer nefinancijske struke ili se tek pripremate za ulazak na tr\u017ei\u0161te rada, poznavanje financija mo\u017ee vam uvelike pomo\u0107i da <strong>ravnopravno sudjelujete<\/strong> u razgovorima ili na sastancima na tu neizbje\u017enu temu. Osim toga, postanete li znalac u podru\u010dju financija,\u00a0<strong>uspje\u0161nije <\/strong>\u0107ete se<strong> snalaziti u svakodnevnim poslovnim zadatcima<\/strong> i donosit \u0107ete <strong>kvalitetnije<\/strong> <strong>odluke<\/strong>. A to \u0107e znanje pozitivno utjecati i na upravljanje va\u0161im ku\u0107nim bud\u017eetom.<\/p>\n<p>Bitno je savladati terminologiju i klju\u010dne koncepte, a kroz ovaj program to mo\u017eete u\u010diniti na zanimljiv, interaktivan i strukturiran na\u010din. Program se sastoji od <strong>4<\/strong> lako razumljive i pristupa\u010dne <strong>lekcije <\/strong>koje sadr\u017ee idealnu koli\u010dinu va\u017enih informacija, konkretnih primjera i obrazaca pomo\u0107u kojih \u0107ete:<\/p>\n<ul>\n<li>imati jasnu sliku o tome \u0161to sve <strong>pojam \u201efinancija\u201c uklju\u010duje<\/strong> i koja je njihova <strong>uloga <\/strong>u poduze\u0107u<\/li>\n<li>ovladati <strong>osnovnim pojmovima <\/strong>iz podru\u010dja financija<\/li>\n<li>znati razlikovati <strong>financijske pokazatelje<\/strong><\/li>\n<li>ste\u0107i klju\u010dna znanja o temeljnim financijskim izvje\u0161\u0107ima: <strong>bilanci<\/strong>, <strong>ra\u010dunu dobiti i gubitaka<\/strong> i <strong>izvje\u0161taju o nov\u010danom tijeku<\/strong>: saznati \u0161to ih <strong>povezuje<\/strong>, a \u0161to <strong>razlikuje, <\/strong>razumjeti njihovu <strong>strukturu<\/strong> i upoznati se s njihovom <strong>primjenom<\/strong> u praksi.<\/li>\n<\/ul>\n<p><strong>Osnovne informacije o programu Financije za nefinancija\u0161e*:<\/strong><\/p>\n<p><strong><b><span data-olk-copy-source=\"MessageBody\">Predvi\u0111eno trajanje u\u010denja prema LPC metodi:<\/span><\/b>\u00a0<\/strong>180 min<br \/>\n<strong>Broj lekcija u programu: <\/strong>4<strong><br \/>\nDostupnost: <\/strong>12 mjeseci<strong><br \/>\nProvjera znanja: <\/strong>da<strong><br \/>\nCertifikat o zavr\u0161enom online programu: <\/strong>da<\/p>\n<p><span data-olk-copy-source=\"MessageBody\">*Sav sadr\u017eaj unutar programa, uklju\u010duju\u0107i tekstove, videomaterijale, i druge resurse<\/span>\u00a0je intelektualno\u00a0vlasni\u0161tvo HalPet d.o.o. Raku\u0161ina 1, 10000 Zagreb i nije dozvoljeno\u00a0<b>kopiranje, dijeljenje ili distribuiranje sadr\u017eaja<\/b>\u00a0ovog programa bez prethodne pismene dozvole HalPeta.<\/p>\n<h4><strong>ZA\u0160TO JE OVA VJE\u0160TINA VA\u017dNA?<\/strong><\/h4>\n<div style=\"width: 1920px;\" class=\"wp-video\"><video class=\"wp-video-shortcode\" id=\"video-11805-1\" width=\"1920\" height=\"1080\" poster=\"https:\/\/lpc.halpet.eu\/wp-content\/uploads\/2017\/03\/unnamed-file-1-scaled.jpg\" preload=\"metadata\" controls=\"controls\"><source type=\"video\/mp4\" src=\"https:\/\/lpc.halpet.eu\/wp-content\/uploads\/2017\/03\/financije-za-nefinancija\u0161e-1.mp4?_=1\" \/><a href=\"https:\/\/lpc.halpet.eu\/wp-content\/uploads\/2017\/03\/financije-za-nefinancija\u0161e-1.mp4\">https:\/\/lpc.halpet.eu\/wp-content\/uploads\/2017\/03\/financije-za-nefinancija\u0161e-1.mp4<\/a><\/video><\/div>\n<p>&nbsp;<\/p>\n<p>Prakti\u010dna i jednostavna formula\u00a0<a href=\"https:\/\/halpet.hr\/e-ucenje-korporativna-edukacija-danasnjice\/\" target=\"_blank\" rel=\"noopener noreferrer\">LPC<\/a> programa nudi pomno i stru\u010dno dizajniranu dozu znanja, a sadr\u017ei i konkretne upute kako ne\u0161to raditi br\u017ee, bolje i uspje\u0161nije. Ova komprimirana struktura ina\u010de kompleksne poslovne teme osigurava zadovoljstvo u\u010denja, poti\u010de nov na\u010din razmi\u0161ljanja i pokre\u0107e na akciju.<\/p>\n","protected":false},"excerpt":{"rendered":"<p>FINANCIJE ZA NEFINANCIJA\u0160E\u00a0 Znanje o tome kako funkcioniraju financije za &hellip;<\/p>\n","protected":false},"featured_media":72647,"comment_status":"open","ping_status":"closed","template":"","meta":{"_acf_changed":false},"product_brand":[],"product_cat":[194],"product_tag":[],"class_list":{"0":"post-11805","2":"type-product","3":"status-publish","4":"has-post-thumbnail","6":"product_cat-specialized-topics","7":"product","9":"instock","10":"virtual","11":"sold-individually","12":"taxable","13":"purchasable","14":"product-type-course"},"acf":[],"_links":{"self":[{"href":"https:\/\/lpc.halpet.eu\/en\/wp-json\/wp\/v2\/product\/11805","targetHints":{"allow":["GET"]}}],"collection":[{"href":"https:\/\/lpc.halpet.eu\/en\/wp-json\/wp\/v2\/product"}],"about":[{"href":"https:\/\/lpc.halpet.eu\/en\/wp-json\/wp\/v2\/types\/product"}],"replies":[{"embeddable":true,"href":"https:\/\/lpc.halpet.eu\/en\/wp-json\/wp\/v2\/comments?post=11805"}],"wp:featuredmedia":[{"embeddable":true,"href":"https:\/\/lpc.halpet.eu\/en\/wp-json\/wp\/v2\/media\/72647"}],"wp:attachment":[{"href":"https:\/\/lpc.halpet.eu\/en\/wp-json\/wp\/v2\/media?parent=11805"}],"wp:term":[{"taxonomy":"product_brand","embeddable":true,"href":"https:\/\/lpc.halpet.eu\/en\/wp-json\/wp\/v2\/product_brand?post=11805"},{"taxonomy":"product_cat","embeddable":true,"href":"https:\/\/lpc.halpet.eu\/en\/wp-json\/wp\/v2\/product_cat?post=11805"},{"taxonomy":"product_tag","embeddable":true,"href":"https:\/\/lpc.halpet.eu\/en\/wp-json\/wp\/v2\/product_tag?post=11805"}],"curies":[{"name":"wp","href":"https:\/\/api.w.org\/{rel}","templated":true}]}}