{"id":106319,"date":"2024-09-17T11:04:17","date_gmt":"2024-09-17T09:04:17","guid":{"rendered":"https:\/\/lpc.halpet.eu\/?post_type=product&#038;p=106319"},"modified":"2025-10-11T13:55:19","modified_gmt":"2025-10-11T11:55:19","slug":"gdpr-opca-uredba-o-zastiti-podataka","status":"publish","type":"product","link":"https:\/\/lpc.halpet.eu\/en\/shop\/gdpr-opca-uredba-o-zastiti-podataka\/","title":{"rendered":"GDPR | Op\u0107a uredba o za\u0161titi podataka"},"content":{"rendered":"<p><img loading=\"lazy\" decoding=\"async\" class=\"alignnone size-full wp-image-106322\" src=\"https:\/\/lpc.halpet.eu\/wp-content\/uploads\/2024\/09\/halpet_lpc_online_ucenje_gdpr.gif\" alt=\"\" width=\"1920\" height=\"1080\" \/><\/p>\n<p><strong>GDPR | Op\u0107a uredba o za\u0161titi podataka<\/strong> obavezna je za sve organizacije i tvrtke koje prikupljaju i obra\u0111uju osobne podatke. Na\u0161 online program <strong>GDPR | Op\u0107a uredba o za\u0161titi podataka<\/strong> osmi\u0161ljen je kako bi vam pomogao da lak\u0161e i u\u010dinkovitije pro\u0111ete kroz cijeli proces uskla\u0111ivanja s ovom va\u017enom regulativom. Program pru\u017ea alate, znanja i resurse potrebne za za\u0161titu osobnih podataka va\u0161ih klijenata, partnera i zaposlenika.<\/p>\n<p>U suvremenom poslovnom okru\u017eenju, povjerenje je klju\u010dno za izgradnju i odr\u017eavanje dugoro\u010dnih odnosa s poslovnim partnerima i klijentima. <strong>Pravilna za\u0161tita osobnih podataka<\/strong> ne samo da predstavlja zakonsku obvezu, ve\u0107 je i osnova na kojoj se temelje \u010dvrsti i trajni poslovni odnosi. Na\u0161 program omogu\u0107uje vam detaljno razumijevanje svih aspekata <strong>Op\u0107e uredbe o za\u0161titi podataka (GDPR)<\/strong>, uklju\u010duju\u0107i klju\u010dna prava pojedinaca, obveze voditelja obrade podataka, kao i na\u010dine na koje mo\u017eete implementirati najva\u017enije mjere za\u0161tite podataka unutar svoje organizacije.<\/p>\n<p>Kroz na\u0161 program, nau\u010dit \u0107ete kako ispravno prikupljati, obra\u0111ivati, pohranjivati i \u010duvati osobne podatke. Poseban naglasak stavljamo na minimiziranje rizika od neuskla\u0111enosti s regulativom, osiguravaju\u0107i da va\u0161a organizacija djeluje u skladu s va\u017ee\u0107im zakonodavstvom i najboljim praksama za\u0161tite podataka. Program uklju\u010duje smjernice za postavljanje sustava unutarnje kontrole, kao i edukaciju zaposlenika kako bi svi bili svjesni svojih odgovornosti u pogledu za\u0161tite osobnih podataka.<\/p>\n<p><strong>GDPR uskla\u0111ivanje<\/strong> ne samo da osigurava zakonsku uskla\u0111enost, ve\u0107 i ja\u010da ugled va\u0161e tvrtke, jer pokazuje va\u0161u posve\u0107enost privatnosti i sigurnosti podataka svih s kojima sura\u0111ujete. Na\u0161 program je savr\u0161en izbor za poslovne subjekte koji \u017eele izbje\u0107i kazne, zadr\u017eati konkurentnost i izgraditi povjerenje svojih klijenata i partnera.<\/p>\n<p>Za vi\u0161e informacija o tome kako osigurati potpunu uskla\u0111enost s GDPR-om, saznajte vi\u0161e unutar na\u0161eg programa <strong>GDPR | Op\u0107a uredba o za\u0161titi podataka<\/strong>.<\/p>\n<p>&nbsp;<\/p>\n<div class=\"x_elementToProof\">Osnovne informacije o programu <strong>GDPR | Op\u0107a uredba o za\u0161titi podataka<\/strong>:*<\/div>\n<div><\/div>\n<div class=\"x_elementToProof\">Broj lekcija u programu: <strong>9<\/strong><\/div>\n<div class=\"x_elementToProof\">Trajanje:<b> 3 sata<\/b><\/div>\n<div>Dostupnost: <b>12 mjeseci od kupnje<\/b><\/div>\n<div class=\"x_elementToProof\">Provjera znanja: <b>provjera na kraju lekcije<\/b><\/div>\n<div class=\"x_elementToProof\">Certifikat o zavr\u0161enom online programu: <b>da<\/b><\/div>\n<div><\/div>\n<div><span data-olk-copy-source=\"MessageBody\">*Sav sadr\u017eaj unutar programa, uklju\u010duju\u0107i tekstove, videomaterijale, i druge resurse<\/span>\u00a0je intelektualno\u00a0vlasni\u0161tvo HalPet d.o.o. Raku\u0161ina 1, 10000 Zagreb i nije dozvoljeno\u00a0<b>kopiranje, dijeljenje ili distribuiranje sadr\u017eaja<\/b>\u00a0ovog programa bez prethodne pismene dozvole HalPeta.<\/div>\n","protected":false},"excerpt":{"rendered":"<p>GDPR | Op\u0107a uredba o za\u0161titi podataka obavezna je za &hellip;<\/p>\n","protected":false},"featured_media":55773,"comment_status":"open","ping_status":"closed","template":"","meta":{"_acf_changed":false},"product_brand":[],"product_cat":[231],"product_tag":[],"class_list":{"0":"post-106319","2":"type-product","3":"status-publish","4":"has-post-thumbnail","6":"product_cat-esg","7":"product","9":"instock","10":"virtual","11":"sold-individually","12":"taxable","13":"purchasable","14":"product-type-course"},"acf":[],"_links":{"self":[{"href":"https:\/\/lpc.halpet.eu\/en\/wp-json\/wp\/v2\/product\/106319","targetHints":{"allow":["GET"]}}],"collection":[{"href":"https:\/\/lpc.halpet.eu\/en\/wp-json\/wp\/v2\/product"}],"about":[{"href":"https:\/\/lpc.halpet.eu\/en\/wp-json\/wp\/v2\/types\/product"}],"replies":[{"embeddable":true,"href":"https:\/\/lpc.halpet.eu\/en\/wp-json\/wp\/v2\/comments?post=106319"}],"wp:featuredmedia":[{"embeddable":true,"href":"https:\/\/lpc.halpet.eu\/en\/wp-json\/wp\/v2\/media\/55773"}],"wp:attachment":[{"href":"https:\/\/lpc.halpet.eu\/en\/wp-json\/wp\/v2\/media?parent=106319"}],"wp:term":[{"taxonomy":"product_brand","embeddable":true,"href":"https:\/\/lpc.halpet.eu\/en\/wp-json\/wp\/v2\/product_brand?post=106319"},{"taxonomy":"product_cat","embeddable":true,"href":"https:\/\/lpc.halpet.eu\/en\/wp-json\/wp\/v2\/product_cat?post=106319"},{"taxonomy":"product_tag","embeddable":true,"href":"https:\/\/lpc.halpet.eu\/en\/wp-json\/wp\/v2\/product_tag?post=106319"}],"curies":[{"name":"wp","href":"https:\/\/api.w.org\/{rel}","templated":true}]}}