{"id":101343,"date":"2024-04-25T08:55:15","date_gmt":"2024-04-25T06:55:15","guid":{"rendered":"https:\/\/lpc.halpet.eu\/?post_type=product&#038;p=101343"},"modified":"2025-10-11T14:08:01","modified_gmt":"2025-10-11T12:08:01","slug":"kako-se-nositi-s-konfliktom-na-radnom-mjestu-lpc-video-ucionica","status":"publish","type":"product","link":"https:\/\/lpc.halpet.eu\/en\/shop\/kako-se-nositi-s-konfliktom-na-radnom-mjestu-lpc-video-ucionica\/","title":{"rendered":"Kako se nositi s konfliktom na radnom mjestu | LPC video u\u010dionica"},"content":{"rendered":"<p>Sama rije\u010d konflikt na prvu \u010desto pobu\u0111uje negativne emocije i \u017eelju da ga izbjegnemo pod svaku cijenu. Dobro je znati da to uop\u0107e ne treba biti tako i da za tu uobi\u010dajenu perspektivu ima lijeka. <b>Odlu\u010dite pretvoriti konflikt u priliku<\/b> i pridru\u017eite nam se da saznate kako. Propitat \u0107emo pozadinu konflikta, osvijestiti koju ulogu u konfliktu igraju na\u0161e i tu\u0111e emocije i podijeliti s vama\u00a0<b>provjerene i u\u010dinkovite strategije za uspje\u0161no rje\u0161avanje konflikta<\/b>.<\/p>\n<p style=\"margin-right: -3.85pt;\">Pogledajte kratki isje\u010dak:<\/p>\n<p><iframe loading=\"lazy\" title=\"LPC video u\u010dionica | Kako se nositi s konfliktom na radnom mjestu\" width=\"500\" height=\"281\" src=\"https:\/\/www.youtube.com\/embed\/gs3LaefSqvY?feature=oembed&#038;enablejsapi=1&#038;origin=https:\/\/lpc.halpet.eu\" frameborder=\"0\" allow=\"accelerometer; autoplay; clipboard-write; encrypted-media; gyroscope; picture-in-picture; web-share\" referrerpolicy=\"strict-origin-when-cross-origin\" allowfullscreen><\/iframe><\/p>\n<p><strong>Osnovne informacije o programu Kako se nositi s konfliktom na radnom mjestu | LPC video u\u010dionica*:<img loading=\"lazy\" decoding=\"async\" class=\" wp-image-101344 alignright\" src=\"https:\/\/lpc.halpet.eu\/wp-content\/uploads\/2024\/04\/maja-kragol-246x300.png\" alt=\"\" width=\"209\" height=\"255\" srcset=\"https:\/\/lpc.halpet.eu\/wp-content\/uploads\/2024\/04\/maja-kragol-246x300.png 246w, https:\/\/lpc.halpet.eu\/wp-content\/uploads\/2024\/04\/maja-kragol-41x50.png 41w, https:\/\/lpc.halpet.eu\/wp-content\/uploads\/2024\/04\/maja-kragol-82x100.png 82w, https:\/\/lpc.halpet.eu\/wp-content\/uploads\/2024\/04\/maja-kragol.png 366w\" sizes=\"auto, (max-width: 209px) 100vw, 209px\" \/><\/strong><\/p>\n<p>Edukator: <strong>Maja Kragol<\/strong><br \/>\nTrajanje edukacije: <strong>60 min<\/strong><br \/>\nBroj lekcija u programu:<strong> 1<br \/>\n<\/strong>Dostupnost: <strong>12 mjeseci od kupnje<br \/>\n<\/strong>Zavr\u0161na provjera znanja: <strong>ne<br \/>\n<\/strong>Certifikat o zavr\u0161enom online programu: <strong>da<br \/>\n<\/strong>Uvjet za postizanje certifikata: <strong>nema<\/strong><\/p>\n<p><span data-olk-copy-source=\"MessageBody\">*Sav sadr\u017eaj unutar programa, uklju\u010duju\u0107i tekstove, videomaterijale, i druge resurse<\/span>\u00a0je intelektualno\u00a0vlasni\u0161tvo HalPet d.o.o. Raku\u0161ina 1, 10000 Zagreb i nije dozvoljeno\u00a0<b>kopiranje, dijeljenje ili distribuiranje sadr\u017eaja<\/b>\u00a0ovog programa bez prethodne pismene dozvole HalPeta.<\/p>\n","protected":false},"excerpt":{"rendered":"<p>Sama rije\u010d konflikt na prvu \u010desto pobu\u0111uje negativne emocije i &hellip;<\/p>\n","protected":false},"featured_media":99839,"comment_status":"open","ping_status":"closed","template":"","meta":{"_acf_changed":false},"product_brand":[],"product_cat":[219],"product_tag":[],"class_list":{"0":"post-101343","2":"type-product","3":"status-publish","4":"has-post-thumbnail","6":"product_cat-webinar","7":"product","9":"instock","10":"virtual","11":"sold-individually","12":"taxable","13":"purchasable","14":"product-type-course"},"acf":[],"yoast_head":"<!-- This site is optimized with the Yoast SEO plugin v27.2 - https:\/\/yoast.com\/product\/yoast-seo-wordpress\/ -->\n<title>LPC<\/title>\n<meta name=\"robots\" content=\"index, follow, max-snippet:-1, max-image-preview:large, max-video-preview:-1\" \/>\n<link rel=\"canonical\" href=\"https:\/\/lpc.halpet.eu\/en\/shop\/kako-se-nositi-s-konfliktom-na-radnom-mjestu-lpc-video-ucionica\/\" \/>\n<meta property=\"og:locale\" content=\"en_US\" \/>\n<meta property=\"og:type\" content=\"article\" \/>\n<meta property=\"og:title\" content=\"Kako se nositi s konfliktom na radnom mjestu | LPC video u\u010dionica - LPC\" \/>\n<meta property=\"og:description\" content=\"Sama rije\u010d konflikt na prvu \u010desto pobu\u0111uje negativne emocije i &hellip;\" \/>\n<meta property=\"og:url\" content=\"https:\/\/lpc.halpet.eu\/en\/shop\/kako-se-nositi-s-konfliktom-na-radnom-mjestu-lpc-video-ucionica\/\" \/>\n<meta property=\"og:site_name\" content=\"LPC\" \/>\n<meta property=\"article:publisher\" content=\"https:\/\/www.facebook.com\/halpethr\/\" \/>\n<meta property=\"article:modified_time\" content=\"2025-10-11T12:08:01+00:00\" \/>\n<meta property=\"og:image\" content=\"https:\/\/lpc.halpet.eu\/wp-content\/uploads\/2024\/01\/halpet_lpc_online_edukacije_ucenje_kako_se_nositi_s_konfliktom-1024x682.png\" \/>\n\t<meta property=\"og:image:width\" content=\"1024\" \/>\n\t<meta property=\"og:image:height\" content=\"682\" \/>\n\t<meta property=\"og:image:type\" content=\"image\/png\" \/>\n<meta name=\"twitter:card\" content=\"summary_large_image\" \/>\n<meta name=\"twitter:site\" content=\"@halpet_lpc\" \/>\n<meta name=\"twitter:label1\" content=\"Est. reading time\" \/>\n\t<meta name=\"twitter:data1\" content=\"2 minutes\" \/>\n<script type=\"application\/ld+json\" class=\"yoast-schema-graph\">{\"@context\":\"https:\/\/schema.org\",\"@graph\":[{\"@type\":\"WebPage\",\"@id\":\"https:\/\/lpc.halpet.eu\/en\/shop\/kako-se-nositi-s-konfliktom-na-radnom-mjestu-lpc-video-ucionica\/\",\"url\":\"https:\/\/lpc.halpet.eu\/en\/shop\/kako-se-nositi-s-konfliktom-na-radnom-mjestu-lpc-video-ucionica\/\",\"name\":\"Kako se nositi s konfliktom na radnom mjestu | LPC video u\u010dionica - LPC\",\"isPartOf\":{\"@id\":\"https:\/\/lpc.halpet.eu\/en\/#website\"},\"primaryImageOfPage\":{\"@id\":\"https:\/\/lpc.halpet.eu\/en\/shop\/kako-se-nositi-s-konfliktom-na-radnom-mjestu-lpc-video-ucionica\/#primaryimage\"},\"image\":{\"@id\":\"https:\/\/lpc.halpet.eu\/en\/shop\/kako-se-nositi-s-konfliktom-na-radnom-mjestu-lpc-video-ucionica\/#primaryimage\"},\"thumbnailUrl\":\"https:\/\/lpc.halpet.eu\/wp-content\/uploads\/2024\/01\/halpet_lpc_online_edukacije_ucenje_kako_se_nositi_s_konfliktom.png\",\"datePublished\":\"2024-04-25T06:55:15+00:00\",\"dateModified\":\"2025-10-11T12:08:01+00:00\",\"breadcrumb\":{\"@id\":\"https:\/\/lpc.halpet.eu\/en\/shop\/kako-se-nositi-s-konfliktom-na-radnom-mjestu-lpc-video-ucionica\/#breadcrumb\"},\"inLanguage\":\"en-US\",\"potentialAction\":[{\"@type\":\"ReadAction\",\"target\":[\"https:\/\/lpc.halpet.eu\/en\/shop\/kako-se-nositi-s-konfliktom-na-radnom-mjestu-lpc-video-ucionica\/\"]}]},{\"@type\":\"ImageObject\",\"inLanguage\":\"en-US\",\"@id\":\"https:\/\/lpc.halpet.eu\/en\/shop\/kako-se-nositi-s-konfliktom-na-radnom-mjestu-lpc-video-ucionica\/#primaryimage\",\"url\":\"https:\/\/lpc.halpet.eu\/wp-content\/uploads\/2024\/01\/halpet_lpc_online_edukacije_ucenje_kako_se_nositi_s_konfliktom.png\",\"contentUrl\":\"https:\/\/lpc.halpet.eu\/wp-content\/uploads\/2024\/01\/halpet_lpc_online_edukacije_ucenje_kako_se_nositi_s_konfliktom.png\",\"width\":4458,\"height\":2970},{\"@type\":\"BreadcrumbList\",\"@id\":\"https:\/\/lpc.halpet.eu\/en\/shop\/kako-se-nositi-s-konfliktom-na-radnom-mjestu-lpc-video-ucionica\/#breadcrumb\",\"itemListElement\":[{\"@type\":\"ListItem\",\"position\":1,\"name\":\"Home\",\"item\":\"https:\/\/lpc.halpet.eu\/en\/\"},{\"@type\":\"ListItem\",\"position\":2,\"name\":\"LPC shop\",\"item\":\"https:\/\/lpc.halpet.eu\/en\/shop\/\"},{\"@type\":\"ListItem\",\"position\":3,\"name\":\"Kako se nositi s konfliktom na radnom mjestu | LPC video u\u010dionica\"}]},{\"@type\":\"WebSite\",\"@id\":\"https:\/\/lpc.halpet.eu\/en\/#website\",\"url\":\"https:\/\/lpc.halpet.eu\/en\/\",\"name\":\"LPC\",\"description\":\"A HalPet learning experience\",\"publisher\":{\"@id\":\"https:\/\/lpc.halpet.eu\/en\/#organization\"},\"potentialAction\":[{\"@type\":\"SearchAction\",\"target\":{\"@type\":\"EntryPoint\",\"urlTemplate\":\"https:\/\/lpc.halpet.eu\/en\/?s={search_term_string}\"},\"query-input\":{\"@type\":\"PropertyValueSpecification\",\"valueRequired\":true,\"valueName\":\"search_term_string\"}}],\"inLanguage\":\"en-US\"},{\"@type\":\"Organization\",\"@id\":\"https:\/\/lpc.halpet.eu\/en\/#organization\",\"name\":\"HalPet\",\"url\":\"https:\/\/lpc.halpet.eu\/en\/\",\"logo\":{\"@type\":\"ImageObject\",\"inLanguage\":\"en-US\",\"@id\":\"https:\/\/lpc.halpet.eu\/en\/#\/schema\/logo\/image\/\",\"url\":\"https:\/\/lpc.halpet.eu\/wp-content\/uploads\/2017\/03\/HalPet-LPC-FeaturedImage.png\",\"contentUrl\":\"https:\/\/lpc.halpet.eu\/wp-content\/uploads\/2017\/03\/HalPet-LPC-FeaturedImage.png\",\"width\":600,\"height\":315,\"caption\":\"HalPet\"},\"image\":{\"@id\":\"https:\/\/lpc.halpet.eu\/en\/#\/schema\/logo\/image\/\"},\"sameAs\":[\"https:\/\/www.facebook.com\/halpethr\/\",\"https:\/\/x.com\/halpet_lpc\",\"https:\/\/www.instagram.com\/halpet_lpc\/\",\"https:\/\/www.linkedin.com\/company\/halpet-d-o-o-\",\"https:\/\/www.youtube.com\/channel\/UCFhJV04vPGpLrgA-FovnPDg\"]}]}<\/script>\n<!-- \/ Yoast SEO plugin. -->","yoast_head_json":{"title":"LPC","robots":{"index":"index","follow":"follow","max-snippet":"max-snippet:-1","max-image-preview":"max-image-preview:large","max-video-preview":"max-video-preview:-1"},"canonical":"https:\/\/lpc.halpet.eu\/en\/shop\/kako-se-nositi-s-konfliktom-na-radnom-mjestu-lpc-video-ucionica\/","og_locale":"en_US","og_type":"article","og_title":"Kako se nositi s konfliktom na radnom mjestu | LPC video u\u010dionica - LPC","og_description":"Sama rije\u010d konflikt na prvu \u010desto pobu\u0111uje negativne emocije i &hellip;","og_url":"https:\/\/lpc.halpet.eu\/en\/shop\/kako-se-nositi-s-konfliktom-na-radnom-mjestu-lpc-video-ucionica\/","og_site_name":"LPC","article_publisher":"https:\/\/www.facebook.com\/halpethr\/","article_modified_time":"2025-10-11T12:08:01+00:00","og_image":[{"width":1024,"height":682,"url":"https:\/\/lpc.halpet.eu\/wp-content\/uploads\/2024\/01\/halpet_lpc_online_edukacije_ucenje_kako_se_nositi_s_konfliktom-1024x682.png","type":"image\/png"}],"twitter_card":"summary_large_image","twitter_site":"@halpet_lpc","twitter_misc":{"Est. reading time":"2 minutes"},"schema":{"@context":"https:\/\/schema.org","@graph":[{"@type":"WebPage","@id":"https:\/\/lpc.halpet.eu\/en\/shop\/kako-se-nositi-s-konfliktom-na-radnom-mjestu-lpc-video-ucionica\/","url":"https:\/\/lpc.halpet.eu\/en\/shop\/kako-se-nositi-s-konfliktom-na-radnom-mjestu-lpc-video-ucionica\/","name":"Kako se nositi s konfliktom na radnom mjestu | LPC video u\u010dionica - LPC","isPartOf":{"@id":"https:\/\/lpc.halpet.eu\/en\/#website"},"primaryImageOfPage":{"@id":"https:\/\/lpc.halpet.eu\/en\/shop\/kako-se-nositi-s-konfliktom-na-radnom-mjestu-lpc-video-ucionica\/#primaryimage"},"image":{"@id":"https:\/\/lpc.halpet.eu\/en\/shop\/kako-se-nositi-s-konfliktom-na-radnom-mjestu-lpc-video-ucionica\/#primaryimage"},"thumbnailUrl":"https:\/\/lpc.halpet.eu\/wp-content\/uploads\/2024\/01\/halpet_lpc_online_edukacije_ucenje_kako_se_nositi_s_konfliktom.png","datePublished":"2024-04-25T06:55:15+00:00","dateModified":"2025-10-11T12:08:01+00:00","breadcrumb":{"@id":"https:\/\/lpc.halpet.eu\/en\/shop\/kako-se-nositi-s-konfliktom-na-radnom-mjestu-lpc-video-ucionica\/#breadcrumb"},"inLanguage":"en-US","potentialAction":[{"@type":"ReadAction","target":["https:\/\/lpc.halpet.eu\/en\/shop\/kako-se-nositi-s-konfliktom-na-radnom-mjestu-lpc-video-ucionica\/"]}]},{"@type":"ImageObject","inLanguage":"en-US","@id":"https:\/\/lpc.halpet.eu\/en\/shop\/kako-se-nositi-s-konfliktom-na-radnom-mjestu-lpc-video-ucionica\/#primaryimage","url":"https:\/\/lpc.halpet.eu\/wp-content\/uploads\/2024\/01\/halpet_lpc_online_edukacije_ucenje_kako_se_nositi_s_konfliktom.png","contentUrl":"https:\/\/lpc.halpet.eu\/wp-content\/uploads\/2024\/01\/halpet_lpc_online_edukacije_ucenje_kako_se_nositi_s_konfliktom.png","width":4458,"height":2970},{"@type":"BreadcrumbList","@id":"https:\/\/lpc.halpet.eu\/en\/shop\/kako-se-nositi-s-konfliktom-na-radnom-mjestu-lpc-video-ucionica\/#breadcrumb","itemListElement":[{"@type":"ListItem","position":1,"name":"Home","item":"https:\/\/lpc.halpet.eu\/en\/"},{"@type":"ListItem","position":2,"name":"LPC shop","item":"https:\/\/lpc.halpet.eu\/en\/shop\/"},{"@type":"ListItem","position":3,"name":"Kako se nositi s konfliktom na radnom mjestu | LPC video u\u010dionica"}]},{"@type":"WebSite","@id":"https:\/\/lpc.halpet.eu\/en\/#website","url":"https:\/\/lpc.halpet.eu\/en\/","name":"LPC","description":"A HalPet learning experience","publisher":{"@id":"https:\/\/lpc.halpet.eu\/en\/#organization"},"potentialAction":[{"@type":"SearchAction","target":{"@type":"EntryPoint","urlTemplate":"https:\/\/lpc.halpet.eu\/en\/?s={search_term_string}"},"query-input":{"@type":"PropertyValueSpecification","valueRequired":true,"valueName":"search_term_string"}}],"inLanguage":"en-US"},{"@type":"Organization","@id":"https:\/\/lpc.halpet.eu\/en\/#organization","name":"HalPet","url":"https:\/\/lpc.halpet.eu\/en\/","logo":{"@type":"ImageObject","inLanguage":"en-US","@id":"https:\/\/lpc.halpet.eu\/en\/#\/schema\/logo\/image\/","url":"https:\/\/lpc.halpet.eu\/wp-content\/uploads\/2017\/03\/HalPet-LPC-FeaturedImage.png","contentUrl":"https:\/\/lpc.halpet.eu\/wp-content\/uploads\/2017\/03\/HalPet-LPC-FeaturedImage.png","width":600,"height":315,"caption":"HalPet"},"image":{"@id":"https:\/\/lpc.halpet.eu\/en\/#\/schema\/logo\/image\/"},"sameAs":["https:\/\/www.facebook.com\/halpethr\/","https:\/\/x.com\/halpet_lpc","https:\/\/www.instagram.com\/halpet_lpc\/","https:\/\/www.linkedin.com\/company\/halpet-d-o-o-","https:\/\/www.youtube.com\/channel\/UCFhJV04vPGpLrgA-FovnPDg"]}]}},"_links":{"self":[{"href":"https:\/\/lpc.halpet.eu\/en\/wp-json\/wp\/v2\/product\/101343","targetHints":{"allow":["GET"]}}],"collection":[{"href":"https:\/\/lpc.halpet.eu\/en\/wp-json\/wp\/v2\/product"}],"about":[{"href":"https:\/\/lpc.halpet.eu\/en\/wp-json\/wp\/v2\/types\/product"}],"replies":[{"embeddable":true,"href":"https:\/\/lpc.halpet.eu\/en\/wp-json\/wp\/v2\/comments?post=101343"}],"wp:featuredmedia":[{"embeddable":true,"href":"https:\/\/lpc.halpet.eu\/en\/wp-json\/wp\/v2\/media\/99839"}],"wp:attachment":[{"href":"https:\/\/lpc.halpet.eu\/en\/wp-json\/wp\/v2\/media?parent=101343"}],"wp:term":[{"taxonomy":"product_brand","embeddable":true,"href":"https:\/\/lpc.halpet.eu\/en\/wp-json\/wp\/v2\/product_brand?post=101343"},{"taxonomy":"product_cat","embeddable":true,"href":"https:\/\/lpc.halpet.eu\/en\/wp-json\/wp\/v2\/product_cat?post=101343"},{"taxonomy":"product_tag","embeddable":true,"href":"https:\/\/lpc.halpet.eu\/en\/wp-json\/wp\/v2\/product_tag?post=101343"}],"curies":[{"name":"wp","href":"https:\/\/api.w.org\/{rel}","templated":true}]}}